{"id":2306,"date":"2024-12-17T19:02:34","date_gmt":"2024-12-17T19:02:34","guid":{"rendered":"https:\/\/bmtravelport.cl\/?post_type=product&#038;p=2306"},"modified":"2026-04-21T13:44:45","modified_gmt":"2026-04-21T13:44:45","slug":"safe-reliable-transfers","status":"publish","type":"product","link":"https:\/\/bmtravelport.cl\/es\/producto\/safe-reliable-transfers\/","title":{"rendered":"Traslados seguros y confiables"},"content":{"rendered":"<div style=\"width: 100%; padding: 20px; box-sizing: border-box;\">\n<div style=\"padding: 20px; background-color: #f9f9f9; border: 1px solid #ccc; border-radius: 10px; box-shadow: 0 4px 10px rgba(0, 0, 0, 0.1); margin-bottom: 20px;\">\n<h2 style=\"font-family: Arial, sans-serif; font-size: 18px; color: #333; text-align: center; margin: 0 0 10px;\">La seguridad que necesitas para viajar seguro<\/h2>\n<p style=\"font-family: Arial, sans-serif; font-size: 16px; color: #333; margin: 0;\">Nuestros veh\u00edculos totalmente equipados est\u00e1n dise\u00f1ados para brindarte la seguridad y comodidad que mereces durante tu viaje. Matriculados y asegurados, nuestra flota cuenta con todo el equipamiento de seguridad necesario para garantizarte una experiencia sin preocupaciones.<\/p>\n<p style=\"font-family: Arial, sans-serif; font-size: 16px; color: #333; margin: 0;\"><strong>\u00a1El\u00edjanos para sus traslados y viaje con confianza!<\/strong><\/p>\n<\/div>\n<p><!-- Section: Vehicle Options and Destinations --><\/p>\n<div style=\"padding: 20px; background-color: #f9f9f9; border: 1px solid #ccc; border-radius: 10px; box-shadow: 0 4px 10px rgba(0, 0, 0, 0.1);\">\n<h2 style=\"font-family: Arial, sans-serif; font-size: 18px; color: #333; text-align: center; margin: 0 0 10px;\">Encuentra lo que est\u00e1s buscando<\/h2>\n<p style=\"font-family: Arial, sans-serif; font-size: 16px; color: #333; margin: 0;\"><strong>Amplia gama de veh\u00edculos y destinos<\/strong><br \/>\nOfrecemos una variedad de veh\u00edculos que se adaptan a sus necesidades, ya sea que viaje solo o en grupo. Elija entre:<\/p>\n<ul style=\"font-family: Arial, sans-serif; font-size: 16px; color: #333; margin: 10px 0 0;\">\n<li>Veh\u00edculo ejecutivo con capacidad para hasta 3 pasajeros<\/li>\n<li>Furgoneta para hasta 6 pasajeros<\/li>\n<li>Furgoneta con capacidad para 10 pasajeros<\/li>\n<li>Mini buses<\/li>\n<li>Autobuses<\/li>\n<\/ul>\n<p style=\"font-family: Arial, sans-serif; font-size: 16px; color: #333; margin: 10px 0 0;\"><strong>Servicios disponibles en ubicaciones clave:<\/strong><\/p>\n<ul style=\"font-family: Arial, sans-serif; font-size: 16px; color: #333; margin: 10px 0 0;\">\n<li>Traslados desde y hacia el aeropuerto<\/li>\n<li>Traslados desde y hacia todas las ciudades de la regi\u00f3n de Los Lagos<\/li>\n<\/ul>\n<p style=\"font-family: Arial, sans-serif; font-size: 16px; color: #333; margin: 10px 0 0;\"><strong>\u00a1Reserva ahora tu traslado y disfruta de un viaje sin problemas!<\/strong><\/p>\n<\/div>\n<\/div>","protected":false},"excerpt":{"rendered":"<p>[bm_welcome_or_register]<br \/>\n[bm_cart_options]<\/p>\n<div style=\"width: 100%; padding: 20px; border: 1px solid #ccc; box-shadow: 0 4px 10px rgba(0, 0, 0, 0.1); border-radius: 10px; background-color: #f9f9f9; margin: 20px 0; box-sizing: border-box;\">\n<h2 style=\"font-family: Arial, sans-serif; font-size: 18px; color: #333; text-align: center; margin: 0 0 10px;\">What\u2019s Included?<\/h2>\n<p style=\"font-family: Arial, sans-serif; font-size: 16px; color: #333; text-align: center; margin: 0;\"><strong>Includes: <span style=\"color: #339966;\">\u2713<\/span> Fully equipped vehicles, certified drivers, and insurance coverage.<\/strong><\/p>\n<p style=\"font-family: Arial, sans-serif; font-size: 16px; color: #333; text-align: center; margin: 0;\"><strong>Not included: <span style=\"color: #ff0000;\">\u2718<\/span> Meals, personal expenses, and additional stops.<\/strong><\/p>\n<\/div>\n","protected":false},"featured_media":2307,"comment_status":"open","ping_status":"closed","template":"","meta":{"site-sidebar-layout":"default","site-content-layout":"","ast-site-content-layout":"default","site-content-style":"default","site-sidebar-style":"default","ast-global-header-display":"","ast-banner-title-visibility":"","ast-main-header-display":"","ast-hfb-above-header-display":"","ast-hfb-below-header-display":"","ast-hfb-mobile-header-display":"","site-post-title":"","ast-breadcrumbs-content":"","ast-featured-img":"","footer-sml-layout":"","ast-disable-related-posts":"","theme-transparent-header-meta":"default","adv-header-id-meta":"","stick-header-meta":"","header-above-stick-meta":"","header-main-stick-meta":"","header-below-stick-meta":"","astra-migrate-meta-layouts":"set","ast-page-background-enabled":"default","ast-page-background-meta":{"desktop":{"background-color":"var(--ast-global-color-4)","background-image":"","background-repeat":"repeat","background-position":"center center","background-size":"auto","background-attachment":"scroll","background-type":"","background-media":"","overlay-type":"","overlay-color":"","overlay-opacity":"","overlay-gradient":""},"tablet":{"background-color":"","background-image":"","background-repeat":"repeat","background-position":"center center","background-size":"auto","background-attachment":"scroll","background-type":"","background-media":"","overlay-type":"","overlay-color":"","overlay-opacity":"","overlay-gradient":""},"mobile":{"background-color":"","background-image":"","background-repeat":"repeat","background-position":"center center","background-size":"auto","background-attachment":"scroll","background-type":"","background-media":"","overlay-type":"","overlay-color":"","overlay-opacity":"","overlay-gradient":""}},"ast-content-background-meta":{"desktop":{"background-color":"var(--ast-global-color-5)","background-image":"","background-repeat":"repeat","background-position":"center center","background-size":"auto","background-attachment":"scroll","background-type":"","background-media":"","overlay-type":"","overlay-color":"","overlay-opacity":"","overlay-gradient":""},"tablet":{"background-color":"var(--ast-global-color-5)","background-image":"","background-repeat":"repeat","background-position":"center center","background-size":"auto","background-attachment":"scroll","background-type":"","background-media":"","overlay-type":"","overlay-color":"","overlay-opacity":"","overlay-gradient":""},"mobile":{"background-color":"var(--ast-global-color-5)","background-image":"","background-repeat":"repeat","background-position":"center center","background-size":"auto","background-attachment":"scroll","background-type":"","background-media":"","overlay-type":"","overlay-color":"","overlay-opacity":"","overlay-gradient":""}},"_joinchat":[],"jetpack_publicize_message":"","jetpack_publicize_feature_enabled":true,"jetpack_social_post_already_shared":true,"jetpack_social_options":{"image_generator_settings":{"template":"highway","default_image_id":0,"font":"","enabled":false},"version":2}},"product_brand":[],"product_cat":[20,18],"product_tag":[201,207,205,203],"class_list":{"0":"post-2306","1":"product","2":"type-product","3":"status-publish","4":"has-post-thumbnail","6":"product_cat-airport","7":"product_cat-transfers-en","8":"product_tag-airport","9":"product_tag-puerto-montt","10":"product_tag-puerto-varas","11":"product_tag-transfer","12":"pa_date-set-from-frontend","13":"pa_interpreter-no","14":"pa_interpreter-yes","15":"pa_passengers-219","16":"pa_route-set-from-frontend","17":"desktop-align-center","18":"tablet-align-left","19":"mobile-align-left","21":"first","22":"instock","23":"shipping-taxable","24":"purchasable","25":"product-type-simple"},"yoast_head":"<!-- This site is optimized with the Yoast SEO plugin v27.4 - https:\/\/yoast.com\/product\/yoast-seo-wordpress\/ -->\n<title>Safe and Reliable Transfers - Fully Equipped Vehicles.<\/title>\n<meta name=\"description\" content=\"Safe and reliable transfers with fully equipped vehicles. Choose from executive cars to buses for your journey in Los Lagos region.\" \/>\n<meta name=\"robots\" content=\"index, follow, max-snippet:-1, max-image-preview:large, max-video-preview:-1\" \/>\n<link rel=\"canonical\" href=\"https:\/\/bmtravelport.cl\/es\/producto\/safe-reliable-transfers\/\" \/>\n<meta property=\"og:locale\" content=\"es_ES\" \/>\n<meta property=\"og:type\" content=\"article\" \/>\n<meta property=\"og:title\" content=\"Safe and Reliable Transfers - Fully Equipped Vehicles.\" \/>\n<meta property=\"og:description\" content=\"Safe and reliable transfers with fully equipped vehicles. Choose from executive cars to buses for your journey in Los Lagos region.\" \/>\n<meta property=\"og:url\" content=\"https:\/\/bmtravelport.cl\/es\/producto\/safe-reliable-transfers\/\" \/>\n<meta property=\"og:site_name\" content=\"BM Travelport\" \/>\n<meta property=\"article:publisher\" content=\"https:\/\/www.facebook.com\/bmtravelport\" \/>\n<meta property=\"article:modified_time\" content=\"2026-04-21T13:44:45+00:00\" \/>\n<meta property=\"og:image\" content=\"https:\/\/bmtravelport.cl\/wp-content\/uploads\/2024\/12\/Transfers-scaled.webp\" \/>\n\t<meta property=\"og:image:width\" content=\"2560\" \/>\n\t<meta property=\"og:image:height\" content=\"2560\" \/>\n\t<meta property=\"og:image:type\" content=\"image\/webp\" \/>\n<meta name=\"twitter:card\" content=\"summary_large_image\" \/>\n<meta name=\"twitter:site\" content=\"@BMTravelport\" \/>\n<meta name=\"twitter:label1\" content=\"Tiempo estimado de lectura\" \/>\n\t<meta name=\"twitter:data1\" content=\"1 minuto\" \/>\n<script type=\"application\/ld+json\" class=\"yoast-schema-graph\">{\"@context\":\"https:\\\/\\\/schema.org\",\"@graph\":[{\"@type\":\"WebPage\",\"@id\":\"https:\\\/\\\/bmtravelport.cl\\\/es\\\/producto\\\/safe-reliable-transfers\\\/\",\"url\":\"https:\\\/\\\/bmtravelport.cl\\\/es\\\/producto\\\/safe-reliable-transfers\\\/\",\"name\":\"Safe and Reliable Transfers - Fully Equipped Vehicles.\",\"isPartOf\":{\"@id\":\"https:\\\/\\\/bmtravelport.cl\\\/es\\\/#website\"},\"primaryImageOfPage\":{\"@id\":\"https:\\\/\\\/bmtravelport.cl\\\/es\\\/producto\\\/safe-reliable-transfers\\\/#primaryimage\"},\"image\":{\"@id\":\"https:\\\/\\\/bmtravelport.cl\\\/es\\\/producto\\\/safe-reliable-transfers\\\/#primaryimage\"},\"thumbnailUrl\":\"https:\\\/\\\/i0.wp.com\\\/bmtravelport.cl\\\/wp-content\\\/uploads\\\/2024\\\/12\\\/Transfers-scaled.webp?fit=2560%2C2560&ssl=1\",\"datePublished\":\"2024-12-17T19:02:34+00:00\",\"dateModified\":\"2026-04-21T13:44:45+00:00\",\"description\":\"Safe and reliable transfers with fully equipped vehicles. Choose from executive cars to buses for your journey in Los Lagos region.\",\"breadcrumb\":{\"@id\":\"https:\\\/\\\/bmtravelport.cl\\\/es\\\/producto\\\/safe-reliable-transfers\\\/#breadcrumb\"},\"inLanguage\":\"es-CL\",\"potentialAction\":[{\"@type\":\"ReadAction\",\"target\":[\"https:\\\/\\\/bmtravelport.cl\\\/es\\\/producto\\\/safe-reliable-transfers\\\/\"]}]},{\"@type\":\"ImageObject\",\"inLanguage\":\"es-CL\",\"@id\":\"https:\\\/\\\/bmtravelport.cl\\\/es\\\/producto\\\/safe-reliable-transfers\\\/#primaryimage\",\"url\":\"https:\\\/\\\/i0.wp.com\\\/bmtravelport.cl\\\/wp-content\\\/uploads\\\/2024\\\/12\\\/Transfers-scaled.webp?fit=2560%2C2560&ssl=1\",\"contentUrl\":\"https:\\\/\\\/i0.wp.com\\\/bmtravelport.cl\\\/wp-content\\\/uploads\\\/2024\\\/12\\\/Transfers-scaled.webp?fit=2560%2C2560&ssl=1\",\"width\":2560,\"height\":2560,\"caption\":\"Transfer\"},{\"@type\":\"BreadcrumbList\",\"@id\":\"https:\\\/\\\/bmtravelport.cl\\\/es\\\/producto\\\/safe-reliable-transfers\\\/#breadcrumb\",\"itemListElement\":[{\"@type\":\"ListItem\",\"position\":1,\"name\":\"Home\",\"item\":\"https:\\\/\\\/bmtravelport.cl\\\/es\\\/\"},{\"@type\":\"ListItem\",\"position\":2,\"name\":\"Let&#8217;s Travel\",\"item\":\"https:\\\/\\\/bmtravelport.cl\\\/lets-travel\\\/\"},{\"@type\":\"ListItem\",\"position\":3,\"name\":\"Safe and Reliable Transfers\"}]},{\"@type\":\"WebSite\",\"@id\":\"https:\\\/\\\/bmtravelport.cl\\\/es\\\/#website\",\"url\":\"https:\\\/\\\/bmtravelport.cl\\\/es\\\/\",\"name\":\"BM Travelport\",\"description\":\"Let\u00b4s travel\",\"publisher\":{\"@id\":\"https:\\\/\\\/bmtravelport.cl\\\/es\\\/#organization\"},\"potentialAction\":[{\"@type\":\"SearchAction\",\"target\":{\"@type\":\"EntryPoint\",\"urlTemplate\":\"https:\\\/\\\/bmtravelport.cl\\\/es\\\/?s={search_term_string}\"},\"query-input\":{\"@type\":\"PropertyValueSpecification\",\"valueRequired\":true,\"valueName\":\"search_term_string\"}}],\"inLanguage\":\"es-CL\"},{\"@type\":\"Organization\",\"@id\":\"https:\\\/\\\/bmtravelport.cl\\\/es\\\/#organization\",\"name\":\"BM Travelport\",\"url\":\"https:\\\/\\\/bmtravelport.cl\\\/es\\\/\",\"logo\":{\"@type\":\"ImageObject\",\"inLanguage\":\"es-CL\",\"@id\":\"https:\\\/\\\/bmtravelport.cl\\\/es\\\/#\\\/schema\\\/logo\\\/image\\\/\",\"url\":\"https:\\\/\\\/i0.wp.com\\\/bmtravelport.cl\\\/wp-content\\\/uploads\\\/2024\\\/11\\\/BMTravelport-Logotipo.webp?fit=2364%2C2364&ssl=1\",\"contentUrl\":\"https:\\\/\\\/i0.wp.com\\\/bmtravelport.cl\\\/wp-content\\\/uploads\\\/2024\\\/11\\\/BMTravelport-Logotipo.webp?fit=2364%2C2364&ssl=1\",\"width\":2364,\"height\":2364,\"caption\":\"BM Travelport\"},\"image\":{\"@id\":\"https:\\\/\\\/bmtravelport.cl\\\/es\\\/#\\\/schema\\\/logo\\\/image\\\/\"},\"sameAs\":[\"https:\\\/\\\/www.facebook.com\\\/bmtravelport\",\"https:\\\/\\\/x.com\\\/BMTravelport\",\"https:\\\/\\\/www.instagram.com\\\/bmtravelport\\\/\"]}]}<\/script>\n<!-- \/ Yoast SEO plugin. -->","yoast_head_json":{"title":"Safe and Reliable Transfers - Fully Equipped Vehicles.","description":"Safe and reliable transfers with fully equipped vehicles. Choose from executive cars to buses for your journey in Los Lagos region.","robots":{"index":"index","follow":"follow","max-snippet":"max-snippet:-1","max-image-preview":"max-image-preview:large","max-video-preview":"max-video-preview:-1"},"canonical":"https:\/\/bmtravelport.cl\/es\/producto\/safe-reliable-transfers\/","og_locale":"es_ES","og_type":"article","og_title":"Safe and Reliable Transfers - Fully Equipped Vehicles.","og_description":"Safe and reliable transfers with fully equipped vehicles. Choose from executive cars to buses for your journey in Los Lagos region.","og_url":"https:\/\/bmtravelport.cl\/es\/producto\/safe-reliable-transfers\/","og_site_name":"BM Travelport","article_publisher":"https:\/\/www.facebook.com\/bmtravelport","article_modified_time":"2026-04-21T13:44:45+00:00","og_image":[{"width":2560,"height":2560,"url":"https:\/\/bmtravelport.cl\/wp-content\/uploads\/2024\/12\/Transfers-scaled.webp","type":"image\/webp"}],"twitter_card":"summary_large_image","twitter_site":"@BMTravelport","twitter_misc":{"Tiempo estimado de lectura":"1 minuto"},"schema":{"@context":"https:\/\/schema.org","@graph":[{"@type":"WebPage","@id":"https:\/\/bmtravelport.cl\/es\/producto\/safe-reliable-transfers\/","url":"https:\/\/bmtravelport.cl\/es\/producto\/safe-reliable-transfers\/","name":"Safe and Reliable Transfers - Fully Equipped Vehicles.","isPartOf":{"@id":"https:\/\/bmtravelport.cl\/es\/#website"},"primaryImageOfPage":{"@id":"https:\/\/bmtravelport.cl\/es\/producto\/safe-reliable-transfers\/#primaryimage"},"image":{"@id":"https:\/\/bmtravelport.cl\/es\/producto\/safe-reliable-transfers\/#primaryimage"},"thumbnailUrl":"https:\/\/i0.wp.com\/bmtravelport.cl\/wp-content\/uploads\/2024\/12\/Transfers-scaled.webp?fit=2560%2C2560&ssl=1","datePublished":"2024-12-17T19:02:34+00:00","dateModified":"2026-04-21T13:44:45+00:00","description":"Safe and reliable transfers with fully equipped vehicles. Choose from executive cars to buses for your journey in Los Lagos region.","breadcrumb":{"@id":"https:\/\/bmtravelport.cl\/es\/producto\/safe-reliable-transfers\/#breadcrumb"},"inLanguage":"es-CL","potentialAction":[{"@type":"ReadAction","target":["https:\/\/bmtravelport.cl\/es\/producto\/safe-reliable-transfers\/"]}]},{"@type":"ImageObject","inLanguage":"es-CL","@id":"https:\/\/bmtravelport.cl\/es\/producto\/safe-reliable-transfers\/#primaryimage","url":"https:\/\/i0.wp.com\/bmtravelport.cl\/wp-content\/uploads\/2024\/12\/Transfers-scaled.webp?fit=2560%2C2560&ssl=1","contentUrl":"https:\/\/i0.wp.com\/bmtravelport.cl\/wp-content\/uploads\/2024\/12\/Transfers-scaled.webp?fit=2560%2C2560&ssl=1","width":2560,"height":2560,"caption":"Transfer"},{"@type":"BreadcrumbList","@id":"https:\/\/bmtravelport.cl\/es\/producto\/safe-reliable-transfers\/#breadcrumb","itemListElement":[{"@type":"ListItem","position":1,"name":"Home","item":"https:\/\/bmtravelport.cl\/es\/"},{"@type":"ListItem","position":2,"name":"Let&#8217;s Travel","item":"https:\/\/bmtravelport.cl\/lets-travel\/"},{"@type":"ListItem","position":3,"name":"Safe and Reliable Transfers"}]},{"@type":"WebSite","@id":"https:\/\/bmtravelport.cl\/es\/#website","url":"https:\/\/bmtravelport.cl\/es\/","name":"BM Travelport","description":"Vamos de viaje","publisher":{"@id":"https:\/\/bmtravelport.cl\/es\/#organization"},"potentialAction":[{"@type":"SearchAction","target":{"@type":"EntryPoint","urlTemplate":"https:\/\/bmtravelport.cl\/es\/?s={search_term_string}"},"query-input":{"@type":"PropertyValueSpecification","valueRequired":true,"valueName":"search_term_string"}}],"inLanguage":"es-CL"},{"@type":"Organization","@id":"https:\/\/bmtravelport.cl\/es\/#organization","name":"BM Travelport","url":"https:\/\/bmtravelport.cl\/es\/","logo":{"@type":"ImageObject","inLanguage":"es-CL","@id":"https:\/\/bmtravelport.cl\/es\/#\/schema\/logo\/image\/","url":"https:\/\/i0.wp.com\/bmtravelport.cl\/wp-content\/uploads\/2024\/11\/BMTravelport-Logotipo.webp?fit=2364%2C2364&ssl=1","contentUrl":"https:\/\/i0.wp.com\/bmtravelport.cl\/wp-content\/uploads\/2024\/11\/BMTravelport-Logotipo.webp?fit=2364%2C2364&ssl=1","width":2364,"height":2364,"caption":"BM Travelport"},"image":{"@id":"https:\/\/bmtravelport.cl\/es\/#\/schema\/logo\/image\/"},"sameAs":["https:\/\/www.facebook.com\/bmtravelport","https:\/\/x.com\/BMTravelport","https:\/\/www.instagram.com\/bmtravelport\/"]}]}},"jetpack_publicize_connections":[],"jetpack_likes_enabled":false,"jetpack_sharing_enabled":true,"_links":{"self":[{"href":"https:\/\/bmtravelport.cl\/es\/wp-json\/wp\/v2\/product\/2306","targetHints":{"allow":["GET"]}}],"collection":[{"href":"https:\/\/bmtravelport.cl\/es\/wp-json\/wp\/v2\/product"}],"about":[{"href":"https:\/\/bmtravelport.cl\/es\/wp-json\/wp\/v2\/types\/product"}],"replies":[{"embeddable":true,"href":"https:\/\/bmtravelport.cl\/es\/wp-json\/wp\/v2\/comments?post=2306"}],"wp:featuredmedia":[{"embeddable":true,"href":"https:\/\/bmtravelport.cl\/es\/wp-json\/wp\/v2\/media\/2307"}],"wp:attachment":[{"href":"https:\/\/bmtravelport.cl\/es\/wp-json\/wp\/v2\/media?parent=2306"}],"wp:term":[{"taxonomy":"product_brand","embeddable":true,"href":"https:\/\/bmtravelport.cl\/es\/wp-json\/wp\/v2\/product_brand?post=2306"},{"taxonomy":"product_cat","embeddable":true,"href":"https:\/\/bmtravelport.cl\/es\/wp-json\/wp\/v2\/product_cat?post=2306"},{"taxonomy":"product_tag","embeddable":true,"href":"https:\/\/bmtravelport.cl\/es\/wp-json\/wp\/v2\/product_tag?post=2306"}],"curies":[{"name":"wp","href":"https:\/\/api.w.org\/{rel}","templated":true}]}}