{"id":2291,"date":"2024-12-11T00:26:31","date_gmt":"2024-12-11T00:26:31","guid":{"rendered":"https:\/\/bmtravelport.cl\/?post_type=product&#038;p=2291"},"modified":"2025-07-23T06:59:27","modified_gmt":"2025-07-23T06:59:27","slug":"rafting-rio-petrohue","status":"publish","type":"product","link":"https:\/\/bmtravelport.cl\/es\/producto\/rafting-rio-petrohue\/","title":{"rendered":"Rafting R\u00edo Petrohu\u00e9"},"content":{"rendered":"<p><!-- Surrounding Container with Two Divs for Images --><\/p>\n<div style=\"width: 100%; padding: 10px; box-sizing: border-box;\">\n<div style=\"display: flex; gap: 10px;\">\n<p><!-- Left Image --><\/p>\n<div style=\"width: 66%; display: flex; align-items: center; overflow: hidden;\"><img data-recalc-dims=\"1\" decoding=\"async\" style=\"width: 100%; height: 300px; object-fit: cover;\" src=\"https:\/\/i0.wp.com\/bmtravelport.cl\/wp-content\/uploads\/2024\/12\/page_1_img_1.webp?ssl=1\" alt=\"Rafting R\u00edo Petrohu\u00e9 thrilling adventure\" \/><\/div>\n<p><!-- Right Image --><\/p>\n<div style=\"width: 33%; display: flex; align-items: center; overflow: hidden;\"><img data-recalc-dims=\"1\" decoding=\"async\" style=\"width: 100%; height: 300px; object-fit: cover;\" src=\"https:\/\/i0.wp.com\/bmtravelport.cl\/wp-content\/uploads\/2024\/12\/Firefly_Enhanced_Square-scaled.webp?ssl=1\" alt=\"Rafting R\u00edo Petrohu\u00e9 scenic views\" \/><\/div>\n<\/div>\n<\/div>\n<h2>Rafting R\u00edo Petrohu\u00e9: Te espera una emocionante aventura<\/h2>\n<p>Emb\u00e1rcate en el <strong>Rafting R\u00edo Petrohu\u00e9<\/strong> Aventura, donde la emoci\u00f3n se combina con una belleza natural impresionante. Con el Parque Nacional Vicente P\u00e9rez Rosales como tel\u00f3n de fondo, esta actividad ofrece la combinaci\u00f3n perfecta de adrenalina y paisajes esc\u00e9nicos. Mientras remas por r\u00e1pidos de clase III, experimentar\u00e1s la naturaleza como nunca antes, creando recuerdos inolvidables en el camino.<\/p>\n<h3>Qu\u00e9 esperar de su viaje de rafting<\/h3>\n<p>Para empezar, el d\u00eda comienza con un pintoresco recorrido en coche hasta el r\u00edo Petrohu\u00e9. Rodeado de frondosos bosques y altas monta\u00f1as, el viaje en s\u00ed es un deleite visual. Antes de lanzarse al agua, gu\u00edas certificados le brindar\u00e1n una detallada charla de seguridad para asegurarse de que se sienta preparado y seguro. En consecuencia, los aventureros de todos los niveles pueden disfrutar plenamente de esta emocionante experiencia.<\/p>\n<ul>\n<li>Navegue por emocionantes r\u00e1pidos de clase III con supervisi\u00f3n experta.<\/li>\n<li>Haga una pausa entre r\u00e1pidos para disfrutar de la serena belleza del entorno.<\/li>\n<li>Rel\u00e1jese y disfrute de los refrigerios proporcionados despu\u00e9s de completar su aventura.<\/li>\n<\/ul>\n<h3>\u00bfPor qu\u00e9 elegir Rafting R\u00edo Petrohu\u00e9?<\/h3>\n<p>Adem\u00e1s, esta excursi\u00f3n logra un equilibrio perfecto entre aventura y relajaci\u00f3n, ya sea que viajes con amigos, familia o solo. Adem\u00e1s, nuestros gu\u00edas experimentados garantizan una experiencia fluida y agradable, lo que te permite concentrarte en la diversi\u00f3n y el impresionante paisaje. Sin duda, esta es una de las mejores formas de explorar la regi\u00f3n. Adem\u00e1s, los participantes a menudo mencionan c\u00f3mo esta aventura se destaca como lo m\u00e1s destacado de su viaje a Chile. No es solo una aventura, sino un viaje que muestra la belleza de los r\u00edos y paisajes de Chile.<\/p>\n<h3>Planifique hoy su aventura de rafting en Petrohu\u00e9<\/h3>\n<p>No pierdas la oportunidad de explorar uno de los r\u00edos m\u00e1s emblem\u00e1ticos de Chile. Reserva tu <strong>Rafting R\u00edo Petrohu\u00e9<\/strong> Experimente ahora y descubra las emociones del r\u00edo Petrohu\u00e9. Adem\u00e1s, t\u00f3mese un momento para aprender sobre la importancia ecol\u00f3gica del \u00e1rea visitando el <a href=\"https:\/\/en.wikipedia.org\/wiki\/Vicente_P%C3%A9rez_Rosales_National_Park\" target=\"_blank\" rel=\"noopener\">Parque Nacional Vicente P\u00e9rez Rosales<\/a>\u00a1Tu aventura inolvidable est\u00e1 a solo una reserva de distancia!<\/p>\n<p><a class=\"cta-button\" href=\"https:\/\/bmtravelport.cl\/lets-travel\/\">Explorar m\u00e1s<\/a><\/p>\n<p><!-- Surrounding Container with Two Divs for Images --><\/p>\n<div style=\"width: 100%; padding: 10px; box-sizing: border-box;\">\n<div style=\"display: flex; gap: 10px;\">\n<p><!-- Left Image --> <!-- Morning Schedule --><\/p>\n<div style=\"width: calc(50% - 10px); padding: 15px; box-shadow: 0 4px 10px rgba(0, 0, 0, 0.1); border-radius: 10px; background-color: #f9f9f9; box-sizing: border-box;\">\n<h2 style=\"font-family: Arial, sans-serif; font-size: 18px; color: #333; text-align: center; margin: 0 0 10px;\">Horario de la ma\u00f1ana<\/h2>\n<p style=\"font-family: Arial, sans-serif; font-size: 16px; color: #333; margin: 0;\"><strong>08:15 AM<\/strong>: Salida desde Puerto Varas hacia Ensenada.<br \/>\n<strong>09:30 AM<\/strong>:Entrega de equipo y charlas de seguridad.<br \/>\n<strong>10:00 a.m.<\/strong>:Comienza el rafting.<br \/>\n<strong>12:00 p.m.<\/strong>:Fin del rafting, devoluci\u00f3n de equipo y snacks.<br \/>\n<strong>12:30 p.m.<\/strong>:Regreso a Puerto Varas.<\/p>\n<\/div>\n<p><!-- Right Image --><!-- Afternoon Schedule --><\/p>\n<div style=\"width: calc(50% - 10px); padding: 15px; box-shadow: 0 4px 10px rgba(0, 0, 0, 0.1); border-radius: 10px; background-color: #f9f9f9; box-sizing: border-box;\">\n<h2 style=\"font-family: Arial, sans-serif; font-size: 18px; color: #333; text-align: center; margin: 0 0 10px;\">Horario de la tarde<\/h2>\n<p style=\"font-family: Arial, sans-serif; font-size: 16px; color: #333; margin: 0;\"><strong>14:15<\/strong>: Salida desde Puerto Varas hacia Ensenada.<br \/>\n<strong>15:20<\/strong>:Entrega de equipo y charlas de seguridad.<br \/>\n<strong>15:40<\/strong>:Comienza el rafting.<br \/>\n<strong>16:30 horas<\/strong>:Fin del rafting, devoluci\u00f3n de equipo y snacks.<br \/>\n<strong>05:00 PM<\/strong>:Regreso a Puerto Varas.<\/p>\n<\/div>\n<\/div>\n<\/div>","protected":false},"excerpt":{"rendered":"[woocs sd=1]\n<p>The Rafting R\u00edo Petrohu\u00e9 offers an adrenaline-packed adventure in pristine nature. Experience Class III rapids and stunning views of volcanoes and forests in Chile\u2019s oldest national park.<\/p>\n<div style=\"width: 100%; padding: 20px; border: 1px solid #ccc; box-shadow: 0 4px 10px rgba(0, 0, 0, 0.1); border-radius: 10px; background-color: #f9f9f9; margin: 20px 0; box-sizing: border-box;\">\n<h2 style=\"font-family: Arial, sans-serif; font-size: 18px; color: #333; text-align: center; margin: 0 0 10px;\">What\u2019s Included?<\/h2>\n<p style=\"font-family: Arial, sans-serif; font-size: 16px; color: #333; text-align: center; margin: 0;\"><strong>Includes: <span style=\"color: #339966;\">\u2713<\/span> Certified guides, safety equipment, and snacks.<\/strong><\/p>\n<p style=\"font-family: Arial, sans-serif; font-size: 16px; color: #333; text-align: center; margin: 0;\"><strong>Not included: <span style=\"color: #ff0000;\">\u2718<\/span> Meals, gratuities, and personal expenses.<\/strong><\/p>\n<\/div>\n","protected":false},"featured_media":2293,"comment_status":"open","ping_status":"closed","template":"","meta":{"site-sidebar-layout":"default","site-content-layout":"","ast-site-content-layout":"default","site-content-style":"default","site-sidebar-style":"default","ast-global-header-display":"","ast-banner-title-visibility":"","ast-main-header-display":"","ast-hfb-above-header-display":"","ast-hfb-below-header-display":"","ast-hfb-mobile-header-display":"","site-post-title":"","ast-breadcrumbs-content":"","ast-featured-img":"","footer-sml-layout":"","ast-disable-related-posts":"","theme-transparent-header-meta":"default","adv-header-id-meta":"","stick-header-meta":"","header-above-stick-meta":"","header-main-stick-meta":"","header-below-stick-meta":"","astra-migrate-meta-layouts":"set","ast-page-background-enabled":"default","ast-page-background-meta":{"desktop":{"background-color":"var(--ast-global-color-4)","background-image":"","background-repeat":"repeat","background-position":"center center","background-size":"auto","background-attachment":"scroll","background-type":"","background-media":"","overlay-type":"","overlay-color":"","overlay-opacity":"","overlay-gradient":""},"tablet":{"background-color":"","background-image":"","background-repeat":"repeat","background-position":"center center","background-size":"auto","background-attachment":"scroll","background-type":"","background-media":"","overlay-type":"","overlay-color":"","overlay-opacity":"","overlay-gradient":""},"mobile":{"background-color":"","background-image":"","background-repeat":"repeat","background-position":"center center","background-size":"auto","background-attachment":"scroll","background-type":"","background-media":"","overlay-type":"","overlay-color":"","overlay-opacity":"","overlay-gradient":""}},"ast-content-background-meta":{"desktop":{"background-color":"var(--ast-global-color-5)","background-image":"","background-repeat":"repeat","background-position":"center center","background-size":"auto","background-attachment":"scroll","background-type":"","background-media":"","overlay-type":"","overlay-color":"","overlay-opacity":"","overlay-gradient":""},"tablet":{"background-color":"var(--ast-global-color-5)","background-image":"","background-repeat":"repeat","background-position":"center center","background-size":"auto","background-attachment":"scroll","background-type":"","background-media":"","overlay-type":"","overlay-color":"","overlay-opacity":"","overlay-gradient":""},"mobile":{"background-color":"var(--ast-global-color-5)","background-image":"","background-repeat":"repeat","background-position":"center center","background-size":"auto","background-attachment":"scroll","background-type":"","background-media":"","overlay-type":"","overlay-color":"","overlay-opacity":"","overlay-gradient":""}},"_joinchat":[],"jetpack_publicize_message":"","jetpack_publicize_feature_enabled":true,"jetpack_social_post_already_shared":true,"jetpack_social_options":{"image_generator_settings":{"template":"highway","default_image_id":0,"font":"","enabled":false},"version":2}},"product_brand":[],"product_cat":[111,150,101],"product_tag":[112,196,113,198],"class_list":{"0":"post-2291","1":"product","2":"type-product","3":"status-publish","4":"has-post-thumbnail","6":"product_cat-base-puerto-varas","7":"product_cat-half-day","8":"product_cat-private","9":"product_tag-half-day","10":"product_tag-kayaking","11":"product_tag-lago-llanquihue-circuit","12":"product_tag-petrohue","13":"pa_age-adult","14":"pa_age-senior","15":"desktop-align-center","16":"tablet-align-left","17":"mobile-align-left","19":"first","20":"instock","21":"shipping-taxable","22":"purchasable","23":"product-type-variable"},"yoast_head":"<!-- This site is optimized with the Yoast SEO plugin v27.4 - https:\/\/yoast.com\/product\/yoast-seo-wordpress\/ -->\n<title>Rafting R\u00edo Petrohu\u00e9 - Thrilling Adventures<\/title>\n<meta name=\"description\" content=\"Rafting R\u00edo Petrohu\u00e9 delivers Class III rapids, scenic views, and adrenaline-packed fun in Vicente P\u00e9rez Rosales National Park. Book your spot now!\" \/>\n<meta name=\"robots\" content=\"index, follow, max-snippet:-1, max-image-preview:large, max-video-preview:-1\" \/>\n<link rel=\"canonical\" href=\"https:\/\/bmtravelport.cl\/es\/producto\/rafting-rio-petrohue\/\" \/>\n<meta property=\"og:locale\" content=\"es_ES\" \/>\n<meta property=\"og:type\" content=\"article\" \/>\n<meta property=\"og:title\" content=\"Rafting R\u00edo Petrohu\u00e9 - Thrilling Adventures\" \/>\n<meta property=\"og:description\" content=\"Rafting R\u00edo Petrohu\u00e9 delivers Class III rapids, scenic views, and adrenaline-packed fun in Vicente P\u00e9rez Rosales National Park. Book your spot now!\" \/>\n<meta property=\"og:url\" content=\"https:\/\/bmtravelport.cl\/es\/producto\/rafting-rio-petrohue\/\" \/>\n<meta property=\"og:site_name\" content=\"BM Travelport\" \/>\n<meta property=\"article:publisher\" content=\"https:\/\/www.facebook.com\/bmtravelport\" \/>\n<meta property=\"article:modified_time\" content=\"2025-07-23T06:59:27+00:00\" \/>\n<meta property=\"og:image\" content=\"https:\/\/bmtravelport.cl\/wp-content\/uploads\/2024\/12\/Rafting_Petrohue-scaled.webp\" \/>\n\t<meta property=\"og:image:width\" content=\"2560\" \/>\n\t<meta property=\"og:image:height\" content=\"2560\" \/>\n\t<meta property=\"og:image:type\" content=\"image\/webp\" \/>\n<meta name=\"twitter:card\" content=\"summary_large_image\" \/>\n<meta name=\"twitter:site\" content=\"@BMTravelport\" \/>\n<meta name=\"twitter:label1\" content=\"Tiempo estimado de lectura\" \/>\n\t<meta name=\"twitter:data1\" content=\"3 minutos\" \/>\n<script type=\"application\/ld+json\" class=\"yoast-schema-graph\">{\"@context\":\"https:\\\/\\\/schema.org\",\"@graph\":[{\"@type\":\"WebPage\",\"@id\":\"https:\\\/\\\/bmtravelport.cl\\\/es\\\/producto\\\/rafting-rio-petrohue\\\/\",\"url\":\"https:\\\/\\\/bmtravelport.cl\\\/es\\\/producto\\\/rafting-rio-petrohue\\\/\",\"name\":\"Rafting R\u00edo Petrohu\u00e9 - Thrilling Adventures\",\"isPartOf\":{\"@id\":\"https:\\\/\\\/bmtravelport.cl\\\/es\\\/#website\"},\"primaryImageOfPage\":{\"@id\":\"https:\\\/\\\/bmtravelport.cl\\\/es\\\/producto\\\/rafting-rio-petrohue\\\/#primaryimage\"},\"image\":{\"@id\":\"https:\\\/\\\/bmtravelport.cl\\\/es\\\/producto\\\/rafting-rio-petrohue\\\/#primaryimage\"},\"thumbnailUrl\":\"https:\\\/\\\/i0.wp.com\\\/bmtravelport.cl\\\/wp-content\\\/uploads\\\/2024\\\/12\\\/Rafting_Petrohue-scaled.webp?fit=2560%2C2560&ssl=1\",\"datePublished\":\"2024-12-11T00:26:31+00:00\",\"dateModified\":\"2025-07-23T06:59:27+00:00\",\"description\":\"Rafting R\u00edo Petrohu\u00e9 delivers Class III rapids, scenic views, and adrenaline-packed fun in Vicente P\u00e9rez Rosales National Park. Book your spot now!\",\"breadcrumb\":{\"@id\":\"https:\\\/\\\/bmtravelport.cl\\\/es\\\/producto\\\/rafting-rio-petrohue\\\/#breadcrumb\"},\"inLanguage\":\"es-CL\",\"potentialAction\":[{\"@type\":\"ReadAction\",\"target\":[\"https:\\\/\\\/bmtravelport.cl\\\/es\\\/producto\\\/rafting-rio-petrohue\\\/\"]}]},{\"@type\":\"ImageObject\",\"inLanguage\":\"es-CL\",\"@id\":\"https:\\\/\\\/bmtravelport.cl\\\/es\\\/producto\\\/rafting-rio-petrohue\\\/#primaryimage\",\"url\":\"https:\\\/\\\/i0.wp.com\\\/bmtravelport.cl\\\/wp-content\\\/uploads\\\/2024\\\/12\\\/Rafting_Petrohue-scaled.webp?fit=2560%2C2560&ssl=1\",\"contentUrl\":\"https:\\\/\\\/i0.wp.com\\\/bmtravelport.cl\\\/wp-content\\\/uploads\\\/2024\\\/12\\\/Rafting_Petrohue-scaled.webp?fit=2560%2C2560&ssl=1\",\"width\":2560,\"height\":2560,\"caption\":\"Rafting Petrohu\u00e9\"},{\"@type\":\"BreadcrumbList\",\"@id\":\"https:\\\/\\\/bmtravelport.cl\\\/es\\\/producto\\\/rafting-rio-petrohue\\\/#breadcrumb\",\"itemListElement\":[{\"@type\":\"ListItem\",\"position\":1,\"name\":\"Home\",\"item\":\"https:\\\/\\\/bmtravelport.cl\\\/es\\\/\"},{\"@type\":\"ListItem\",\"position\":2,\"name\":\"Let&#8217;s Travel\",\"item\":\"https:\\\/\\\/bmtravelport.cl\\\/lets-travel\\\/\"},{\"@type\":\"ListItem\",\"position\":3,\"name\":\"Rafting R\u00edo Petrohu\u00e9\"}]},{\"@type\":\"WebSite\",\"@id\":\"https:\\\/\\\/bmtravelport.cl\\\/es\\\/#website\",\"url\":\"https:\\\/\\\/bmtravelport.cl\\\/es\\\/\",\"name\":\"BM Travelport\",\"description\":\"Let\u00b4s travel\",\"publisher\":{\"@id\":\"https:\\\/\\\/bmtravelport.cl\\\/es\\\/#organization\"},\"potentialAction\":[{\"@type\":\"SearchAction\",\"target\":{\"@type\":\"EntryPoint\",\"urlTemplate\":\"https:\\\/\\\/bmtravelport.cl\\\/es\\\/?s={search_term_string}\"},\"query-input\":{\"@type\":\"PropertyValueSpecification\",\"valueRequired\":true,\"valueName\":\"search_term_string\"}}],\"inLanguage\":\"es-CL\"},{\"@type\":\"Organization\",\"@id\":\"https:\\\/\\\/bmtravelport.cl\\\/es\\\/#organization\",\"name\":\"BM Travelport\",\"url\":\"https:\\\/\\\/bmtravelport.cl\\\/es\\\/\",\"logo\":{\"@type\":\"ImageObject\",\"inLanguage\":\"es-CL\",\"@id\":\"https:\\\/\\\/bmtravelport.cl\\\/es\\\/#\\\/schema\\\/logo\\\/image\\\/\",\"url\":\"https:\\\/\\\/i0.wp.com\\\/bmtravelport.cl\\\/wp-content\\\/uploads\\\/2024\\\/11\\\/BMTravelport-Logotipo.webp?fit=2364%2C2364&ssl=1\",\"contentUrl\":\"https:\\\/\\\/i0.wp.com\\\/bmtravelport.cl\\\/wp-content\\\/uploads\\\/2024\\\/11\\\/BMTravelport-Logotipo.webp?fit=2364%2C2364&ssl=1\",\"width\":2364,\"height\":2364,\"caption\":\"BM Travelport\"},\"image\":{\"@id\":\"https:\\\/\\\/bmtravelport.cl\\\/es\\\/#\\\/schema\\\/logo\\\/image\\\/\"},\"sameAs\":[\"https:\\\/\\\/www.facebook.com\\\/bmtravelport\",\"https:\\\/\\\/x.com\\\/BMTravelport\",\"https:\\\/\\\/www.instagram.com\\\/bmtravelport\\\/\"]}]}<\/script>\n<!-- \/ Yoast SEO plugin. -->","yoast_head_json":{"title":"Rafting R\u00edo Petrohu\u00e9 - Thrilling Adventures","description":"Rafting R\u00edo Petrohu\u00e9 delivers Class III rapids, scenic views, and adrenaline-packed fun in Vicente P\u00e9rez Rosales National Park. Book your spot now!","robots":{"index":"index","follow":"follow","max-snippet":"max-snippet:-1","max-image-preview":"max-image-preview:large","max-video-preview":"max-video-preview:-1"},"canonical":"https:\/\/bmtravelport.cl\/es\/producto\/rafting-rio-petrohue\/","og_locale":"es_ES","og_type":"article","og_title":"Rafting R\u00edo Petrohu\u00e9 - Thrilling Adventures","og_description":"Rafting R\u00edo Petrohu\u00e9 delivers Class III rapids, scenic views, and adrenaline-packed fun in Vicente P\u00e9rez Rosales National Park. Book your spot now!","og_url":"https:\/\/bmtravelport.cl\/es\/producto\/rafting-rio-petrohue\/","og_site_name":"BM Travelport","article_publisher":"https:\/\/www.facebook.com\/bmtravelport","article_modified_time":"2025-07-23T06:59:27+00:00","og_image":[{"width":2560,"height":2560,"url":"https:\/\/bmtravelport.cl\/wp-content\/uploads\/2024\/12\/Rafting_Petrohue-scaled.webp","type":"image\/webp"}],"twitter_card":"summary_large_image","twitter_site":"@BMTravelport","twitter_misc":{"Tiempo estimado de lectura":"3 minutos"},"schema":{"@context":"https:\/\/schema.org","@graph":[{"@type":"WebPage","@id":"https:\/\/bmtravelport.cl\/es\/producto\/rafting-rio-petrohue\/","url":"https:\/\/bmtravelport.cl\/es\/producto\/rafting-rio-petrohue\/","name":"Rafting R\u00edo Petrohu\u00e9 - Thrilling Adventures","isPartOf":{"@id":"https:\/\/bmtravelport.cl\/es\/#website"},"primaryImageOfPage":{"@id":"https:\/\/bmtravelport.cl\/es\/producto\/rafting-rio-petrohue\/#primaryimage"},"image":{"@id":"https:\/\/bmtravelport.cl\/es\/producto\/rafting-rio-petrohue\/#primaryimage"},"thumbnailUrl":"https:\/\/i0.wp.com\/bmtravelport.cl\/wp-content\/uploads\/2024\/12\/Rafting_Petrohue-scaled.webp?fit=2560%2C2560&ssl=1","datePublished":"2024-12-11T00:26:31+00:00","dateModified":"2025-07-23T06:59:27+00:00","description":"Rafting R\u00edo Petrohu\u00e9 delivers Class III rapids, scenic views, and adrenaline-packed fun in Vicente P\u00e9rez Rosales National Park. Book your spot now!","breadcrumb":{"@id":"https:\/\/bmtravelport.cl\/es\/producto\/rafting-rio-petrohue\/#breadcrumb"},"inLanguage":"es-CL","potentialAction":[{"@type":"ReadAction","target":["https:\/\/bmtravelport.cl\/es\/producto\/rafting-rio-petrohue\/"]}]},{"@type":"ImageObject","inLanguage":"es-CL","@id":"https:\/\/bmtravelport.cl\/es\/producto\/rafting-rio-petrohue\/#primaryimage","url":"https:\/\/i0.wp.com\/bmtravelport.cl\/wp-content\/uploads\/2024\/12\/Rafting_Petrohue-scaled.webp?fit=2560%2C2560&ssl=1","contentUrl":"https:\/\/i0.wp.com\/bmtravelport.cl\/wp-content\/uploads\/2024\/12\/Rafting_Petrohue-scaled.webp?fit=2560%2C2560&ssl=1","width":2560,"height":2560,"caption":"Rafting Petrohu\u00e9"},{"@type":"BreadcrumbList","@id":"https:\/\/bmtravelport.cl\/es\/producto\/rafting-rio-petrohue\/#breadcrumb","itemListElement":[{"@type":"ListItem","position":1,"name":"Home","item":"https:\/\/bmtravelport.cl\/es\/"},{"@type":"ListItem","position":2,"name":"Let&#8217;s Travel","item":"https:\/\/bmtravelport.cl\/lets-travel\/"},{"@type":"ListItem","position":3,"name":"Rafting R\u00edo Petrohu\u00e9"}]},{"@type":"WebSite","@id":"https:\/\/bmtravelport.cl\/es\/#website","url":"https:\/\/bmtravelport.cl\/es\/","name":"BM Travelport","description":"Vamos de viaje","publisher":{"@id":"https:\/\/bmtravelport.cl\/es\/#organization"},"potentialAction":[{"@type":"SearchAction","target":{"@type":"EntryPoint","urlTemplate":"https:\/\/bmtravelport.cl\/es\/?s={search_term_string}"},"query-input":{"@type":"PropertyValueSpecification","valueRequired":true,"valueName":"search_term_string"}}],"inLanguage":"es-CL"},{"@type":"Organization","@id":"https:\/\/bmtravelport.cl\/es\/#organization","name":"BM Travelport","url":"https:\/\/bmtravelport.cl\/es\/","logo":{"@type":"ImageObject","inLanguage":"es-CL","@id":"https:\/\/bmtravelport.cl\/es\/#\/schema\/logo\/image\/","url":"https:\/\/i0.wp.com\/bmtravelport.cl\/wp-content\/uploads\/2024\/11\/BMTravelport-Logotipo.webp?fit=2364%2C2364&ssl=1","contentUrl":"https:\/\/i0.wp.com\/bmtravelport.cl\/wp-content\/uploads\/2024\/11\/BMTravelport-Logotipo.webp?fit=2364%2C2364&ssl=1","width":2364,"height":2364,"caption":"BM Travelport"},"image":{"@id":"https:\/\/bmtravelport.cl\/es\/#\/schema\/logo\/image\/"},"sameAs":["https:\/\/www.facebook.com\/bmtravelport","https:\/\/x.com\/BMTravelport","https:\/\/www.instagram.com\/bmtravelport\/"]}]}},"jetpack_publicize_connections":[],"jetpack_likes_enabled":false,"jetpack_sharing_enabled":true,"_links":{"self":[{"href":"https:\/\/bmtravelport.cl\/es\/wp-json\/wp\/v2\/product\/2291","targetHints":{"allow":["GET"]}}],"collection":[{"href":"https:\/\/bmtravelport.cl\/es\/wp-json\/wp\/v2\/product"}],"about":[{"href":"https:\/\/bmtravelport.cl\/es\/wp-json\/wp\/v2\/types\/product"}],"replies":[{"embeddable":true,"href":"https:\/\/bmtravelport.cl\/es\/wp-json\/wp\/v2\/comments?post=2291"}],"wp:featuredmedia":[{"embeddable":true,"href":"https:\/\/bmtravelport.cl\/es\/wp-json\/wp\/v2\/media\/2293"}],"wp:attachment":[{"href":"https:\/\/bmtravelport.cl\/es\/wp-json\/wp\/v2\/media?parent=2291"}],"wp:term":[{"taxonomy":"product_brand","embeddable":true,"href":"https:\/\/bmtravelport.cl\/es\/wp-json\/wp\/v2\/product_brand?post=2291"},{"taxonomy":"product_cat","embeddable":true,"href":"https:\/\/bmtravelport.cl\/es\/wp-json\/wp\/v2\/product_cat?post=2291"},{"taxonomy":"product_tag","embeddable":true,"href":"https:\/\/bmtravelport.cl\/es\/wp-json\/wp\/v2\/product_tag?post=2291"}],"curies":[{"name":"wp","href":"https:\/\/api.w.org\/{rel}","templated":true}]}}