{"id":2274,"date":"2024-12-06T22:40:55","date_gmt":"2024-12-06T22:40:55","guid":{"rendered":"https:\/\/bmtravelport.cl\/?post_type=product&#038;p=2274"},"modified":"2024-12-09T21:02:57","modified_gmt":"2024-12-09T21:02:57","slug":"frutillar-and-llanquihue-half-day","status":"publish","type":"product","link":"https:\/\/bmtravelport.cl\/es\/producto\/frutillar-and-llanquihue-half-day\/","title":{"rendered":"Frutillar y Llanquihue Medio D\u00eda"},"content":{"rendered":"<p><!-- Surrounding Container with Two Divs for Images --><\/p>\n<div style=\"width: 100%; padding: 10px; border: 1px solid #ccc; box-sizing: border-box;\">\n<div style=\"display: flex; gap: 10px;\">\n<p><!-- Left Image --><\/p>\n<div style=\"width: 66%; display: flex; align-items: center; overflow: hidden;\"><img data-recalc-dims=\"1\" decoding=\"async\" style=\"width: 100%; height: 300px; object-fit: cover;\" src=\"https:\/\/i0.wp.com\/bmtravelport.cl\/wp-content\/uploads\/2024\/12\/frutillar-01-m-scaled.webp?ssl=1\" alt=\"Frutillar and Llanquihue Half-Day Scenic Tour\" \/><\/div>\n<p><!-- Right Image --><\/p>\n<div style=\"width: 33%; display: flex; align-items: center; overflow: hidden;\"><img data-recalc-dims=\"1\" decoding=\"async\" style=\"width: 100%; height: 300px; object-fit: cover;\" src=\"https:\/\/i0.wp.com\/bmtravelport.cl\/wp-content\/uploads\/2024\/10\/TeatroDelLago-scaled.webp?ssl=1\" alt=\"Frutillar and Llanquihue Half-Day Scenic Tour\" \/><\/div>\n<\/div>\n<\/div>\n<h2>Recorrido panor\u00e1mico de medio d\u00eda por Frutillar y Llanquihue<\/h2>\n<p>El <strong>Frutillar y Llanquihue Medio D\u00eda<\/strong> Esta experiencia ofrece una visi\u00f3n \u00fanica de la belleza cultural y natural del Lago Llanquihue. Este viaje de 4 horas comienza en Puerto Varas y te lleva a Frutillar, un pintoresco pueblo conocido por su herencia alemana y sus impresionantes vistas al lago. Adem\u00e1s, explorar\u00e1s Teatro del Lago, un reconocido centro cultural en el sur de Chile.<\/p>\n<h3>Explora la herencia alemana de Frutillar<\/h3>\n<p>Frutillar se destaca por sus pintorescas calles, casas hist\u00f3ricas y deliciosos pasteles b\u00e1varos. Adem\u00e1s, el encanto de la ciudad se ve reforzado por su Museo Colonial Alem\u00e1n, que muestra la historia de los colonos que dieron forma a esta regi\u00f3n. Caminando por el tranquilo paseo mar\u00edtimo, podr\u00e1 disfrutar de vistas panor\u00e1micas de los Andes y el lago Llanquihue.<\/p>\n<h3>Descubra Teatro del Lago y sus paisajes paisaj\u00edsticos<\/h3>\n<p>A continuaci\u00f3n, el recorrido incluye una visita al emblem\u00e1tico <a href=\"https:\/\/www.teatrodellago.cl\" target=\"_blank\" rel=\"noopener\">Teatro del Lago<\/a>Este lugar, conocido por sus espect\u00e1culos de primer nivel, tambi\u00e9n ofrece vistas impresionantes del lago y los volcanes. Por ejemplo, desde su terraza se pueden tomar fotograf\u00edas impresionantes de Osorno y Calbuco. Como resultado, esta parada es culturalmente enriquecedora y visualmente inspiradora.<\/p>\n<h3>Sum\u00e9rgete en la vida local y la naturaleza<\/h3>\n<p>A medida que el recorrido contin\u00faa, recorrer\u00e1 caminos rurales pintorescos bordeados de tierras de cultivo. Estos caminos no solo muestran las actividades agr\u00edcolas de la regi\u00f3n, sino que tambi\u00e9n resaltan la belleza de su exuberante vegetaci\u00f3n. Adem\u00e1s, las historias que compartir\u00e1 su gu\u00eda profundizar\u00e1n su comprensi\u00f3n del rico legado cultural de la zona.<\/p>\n<h3>\u00bfPor qu\u00e9 elegir la experiencia de medio d\u00eda Frutillar y Llanquihue?<\/h3>\n<p>Este recorrido combina historia, cultura y belleza natural, lo que lo hace perfecto para familias, parejas y viajeros solitarios. Adem\u00e1s, el tama\u00f1o reducido del grupo garantiza una atenci\u00f3n personalizada y un ritmo relajado. Ya sea que est\u00e9 interesado en la historia, la fotograf\u00eda o simplemente relajarse junto al lago, el <strong>Frutillar y Llanquihue Medio D\u00eda<\/strong> La aventura ofrece algo para todos. Con tanto para ver y hacer, este recorrido es verdaderamente inolvidable.<\/p>\n<p><a class=\"cta-button\" href=\"https:\/\/bmtravelport.cl\/lets-travel\/\">Explorar m\u00e1s<\/a><\/p>","protected":false},"excerpt":{"rendered":"[woocs sd=1]\n<div style=\"width: 100%; padding: 20px; border: 1px solid #ccc; box-shadow: 0 4px 10px rgba(0, 0, 0, 0.1); border-radius: 10px; background-color: #f9f9f9; margin: 20px 0; box-sizing: border-box;\">\n<h2 style=\"font-family: Arial, sans-serif; font-size: 18px; color: #333; text-align: center; margin: 0 0 10px;\">Tour Fare Details<\/h2>\n<p style=\"font-family: Arial, sans-serif; font-size: 16px; color: #333; text-align: center; margin: 0;\"><strong>Includes: <span style=\"color: #339966;\">\u2713<\/span> Round-trip transportation, Museum entrance, Tour guide.<\/strong><\/p>\n<p style=\"font-family: Arial, sans-serif; font-size: 16px; color: #333; text-align: center; margin: 0;\"><strong>Not included: <span style=\"color: #ff0000;\">\u2718<\/span> Meals, Teatro del Lago admission.<\/strong><\/p>\n<\/div>\n","protected":false},"featured_media":2276,"comment_status":"open","ping_status":"closed","template":"","meta":{"site-sidebar-layout":"default","site-content-layout":"","ast-site-content-layout":"default","site-content-style":"default","site-sidebar-style":"default","ast-global-header-display":"","ast-banner-title-visibility":"","ast-main-header-display":"","ast-hfb-above-header-display":"","ast-hfb-below-header-display":"","ast-hfb-mobile-header-display":"","site-post-title":"","ast-breadcrumbs-content":"","ast-featured-img":"","footer-sml-layout":"","ast-disable-related-posts":"","theme-transparent-header-meta":"default","adv-header-id-meta":"","stick-header-meta":"","header-above-stick-meta":"","header-main-stick-meta":"","header-below-stick-meta":"","astra-migrate-meta-layouts":"set","ast-page-background-enabled":"default","ast-page-background-meta":{"desktop":{"background-color":"var(--ast-global-color-4)","background-image":"","background-repeat":"repeat","background-position":"center center","background-size":"auto","background-attachment":"scroll","background-type":"","background-media":"","overlay-type":"","overlay-color":"","overlay-opacity":"","overlay-gradient":""},"tablet":{"background-color":"","background-image":"","background-repeat":"repeat","background-position":"center center","background-size":"auto","background-attachment":"scroll","background-type":"","background-media":"","overlay-type":"","overlay-color":"","overlay-opacity":"","overlay-gradient":""},"mobile":{"background-color":"","background-image":"","background-repeat":"repeat","background-position":"center center","background-size":"auto","background-attachment":"scroll","background-type":"","background-media":"","overlay-type":"","overlay-color":"","overlay-opacity":"","overlay-gradient":""}},"ast-content-background-meta":{"desktop":{"background-color":"var(--ast-global-color-5)","background-image":"","background-repeat":"repeat","background-position":"center center","background-size":"auto","background-attachment":"scroll","background-type":"","background-media":"","overlay-type":"","overlay-color":"","overlay-opacity":"","overlay-gradient":""},"tablet":{"background-color":"var(--ast-global-color-5)","background-image":"","background-repeat":"repeat","background-position":"center center","background-size":"auto","background-attachment":"scroll","background-type":"","background-media":"","overlay-type":"","overlay-color":"","overlay-opacity":"","overlay-gradient":""},"mobile":{"background-color":"var(--ast-global-color-5)","background-image":"","background-repeat":"repeat","background-position":"center center","background-size":"auto","background-attachment":"scroll","background-type":"","background-media":"","overlay-type":"","overlay-color":"","overlay-opacity":"","overlay-gradient":""}},"_joinchat":[],"jetpack_publicize_message":"","jetpack_publicize_feature_enabled":true,"jetpack_social_post_already_shared":true,"jetpack_social_options":{"image_generator_settings":{"template":"highway","default_image_id":0,"font":"","enabled":false},"version":2}},"product_brand":[],"product_cat":[111,150],"product_tag":[156,194,192,190],"class_list":{"0":"post-2274","1":"product","2":"type-product","3":"status-publish","4":"has-post-thumbnail","6":"product_cat-base-puerto-varas","7":"product_cat-half-day","8":"product_tag-frutillar","9":"product_tag-halfday","10":"product_tag-lake-llanquihue","11":"product_tag-llanquihue","12":"pa_age-adult","13":"pa_age-child","14":"pa_age-senior","15":"desktop-align-center","16":"tablet-align-left","17":"mobile-align-left","19":"first","20":"instock","21":"shipping-taxable","22":"purchasable","23":"product-type-variable"},"yoast_head":"<!-- This site is optimized with the Yoast SEO plugin v27.4 - https:\/\/yoast.com\/product\/yoast-seo-wordpress\/ -->\n<title>Frutillar and Llanquihue Half-Day - Explore Lake, Culture &amp; Teather<\/title>\n<meta name=\"description\" content=\"Frutillar and Llanquihue Half-Day includes Lago Llanquihue, German heritage, and Teatro del Lago. Discover culture, scenic views, and landscapes.\" \/>\n<meta name=\"robots\" content=\"index, follow, max-snippet:-1, max-image-preview:large, max-video-preview:-1\" \/>\n<link rel=\"canonical\" href=\"https:\/\/bmtravelport.cl\/es\/producto\/frutillar-and-llanquihue-half-day\/\" \/>\n<meta property=\"og:locale\" content=\"es_ES\" \/>\n<meta property=\"og:type\" content=\"article\" \/>\n<meta property=\"og:title\" content=\"Frutillar and Llanquihue Half-Day - Explore Lake, Culture &amp; Teather\" \/>\n<meta property=\"og:description\" content=\"Frutillar and Llanquihue Half-Day includes Lago Llanquihue, German heritage, and Teatro del Lago. Discover culture, scenic views, and landscapes.\" \/>\n<meta property=\"og:url\" content=\"https:\/\/bmtravelport.cl\/es\/producto\/frutillar-and-llanquihue-half-day\/\" \/>\n<meta property=\"og:site_name\" content=\"BM Travelport\" \/>\n<meta property=\"article:publisher\" content=\"https:\/\/www.facebook.com\/bmtravelport\" \/>\n<meta property=\"article:modified_time\" content=\"2024-12-09T21:02:57+00:00\" \/>\n<meta property=\"og:image\" content=\"https:\/\/bmtravelport.cl\/wp-content\/uploads\/2024\/12\/Teatro_Del_Lago-1-scaled.webp\" \/>\n\t<meta property=\"og:image:width\" content=\"2560\" \/>\n\t<meta property=\"og:image:height\" content=\"2560\" \/>\n\t<meta property=\"og:image:type\" content=\"image\/webp\" \/>\n<meta name=\"twitter:card\" content=\"summary_large_image\" \/>\n<meta name=\"twitter:site\" content=\"@BMTravelport\" \/>\n<meta name=\"twitter:label1\" content=\"Tiempo estimado de lectura\" \/>\n\t<meta name=\"twitter:data1\" content=\"2 minutos\" \/>\n<script type=\"application\/ld+json\" class=\"yoast-schema-graph\">{\"@context\":\"https:\\\/\\\/schema.org\",\"@graph\":[{\"@type\":\"WebPage\",\"@id\":\"https:\\\/\\\/bmtravelport.cl\\\/es\\\/producto\\\/frutillar-and-llanquihue-half-day\\\/\",\"url\":\"https:\\\/\\\/bmtravelport.cl\\\/es\\\/producto\\\/frutillar-and-llanquihue-half-day\\\/\",\"name\":\"Frutillar and Llanquihue Half-Day - Explore Lake, Culture & Teather\",\"isPartOf\":{\"@id\":\"https:\\\/\\\/bmtravelport.cl\\\/es\\\/#website\"},\"primaryImageOfPage\":{\"@id\":\"https:\\\/\\\/bmtravelport.cl\\\/es\\\/producto\\\/frutillar-and-llanquihue-half-day\\\/#primaryimage\"},\"image\":{\"@id\":\"https:\\\/\\\/bmtravelport.cl\\\/es\\\/producto\\\/frutillar-and-llanquihue-half-day\\\/#primaryimage\"},\"thumbnailUrl\":\"https:\\\/\\\/i0.wp.com\\\/bmtravelport.cl\\\/wp-content\\\/uploads\\\/2024\\\/12\\\/Teatro_Del_Lago-1-scaled.webp?fit=2560%2C2560&ssl=1\",\"datePublished\":\"2024-12-06T22:40:55+00:00\",\"dateModified\":\"2024-12-09T21:02:57+00:00\",\"description\":\"Frutillar and Llanquihue Half-Day includes Lago Llanquihue, German heritage, and Teatro del Lago. Discover culture, scenic views, and landscapes.\",\"breadcrumb\":{\"@id\":\"https:\\\/\\\/bmtravelport.cl\\\/es\\\/producto\\\/frutillar-and-llanquihue-half-day\\\/#breadcrumb\"},\"inLanguage\":\"es-CL\",\"potentialAction\":[{\"@type\":\"ReadAction\",\"target\":[\"https:\\\/\\\/bmtravelport.cl\\\/es\\\/producto\\\/frutillar-and-llanquihue-half-day\\\/\"]}]},{\"@type\":\"ImageObject\",\"inLanguage\":\"es-CL\",\"@id\":\"https:\\\/\\\/bmtravelport.cl\\\/es\\\/producto\\\/frutillar-and-llanquihue-half-day\\\/#primaryimage\",\"url\":\"https:\\\/\\\/i0.wp.com\\\/bmtravelport.cl\\\/wp-content\\\/uploads\\\/2024\\\/12\\\/Teatro_Del_Lago-1-scaled.webp?fit=2560%2C2560&ssl=1\",\"contentUrl\":\"https:\\\/\\\/i0.wp.com\\\/bmtravelport.cl\\\/wp-content\\\/uploads\\\/2024\\\/12\\\/Teatro_Del_Lago-1-scaled.webp?fit=2560%2C2560&ssl=1\",\"width\":2560,\"height\":2560,\"caption\":\"Frutillar Teatro del Lago Half Day\"},{\"@type\":\"BreadcrumbList\",\"@id\":\"https:\\\/\\\/bmtravelport.cl\\\/es\\\/producto\\\/frutillar-and-llanquihue-half-day\\\/#breadcrumb\",\"itemListElement\":[{\"@type\":\"ListItem\",\"position\":1,\"name\":\"Home\",\"item\":\"https:\\\/\\\/bmtravelport.cl\\\/es\\\/\"},{\"@type\":\"ListItem\",\"position\":2,\"name\":\"Let&#8217;s Travel\",\"item\":\"https:\\\/\\\/bmtravelport.cl\\\/lets-travel\\\/\"},{\"@type\":\"ListItem\",\"position\":3,\"name\":\"Frutillar and Llanquihue Half-Day\"}]},{\"@type\":\"WebSite\",\"@id\":\"https:\\\/\\\/bmtravelport.cl\\\/es\\\/#website\",\"url\":\"https:\\\/\\\/bmtravelport.cl\\\/es\\\/\",\"name\":\"BM Travelport\",\"description\":\"Let\u00b4s travel\",\"publisher\":{\"@id\":\"https:\\\/\\\/bmtravelport.cl\\\/es\\\/#organization\"},\"potentialAction\":[{\"@type\":\"SearchAction\",\"target\":{\"@type\":\"EntryPoint\",\"urlTemplate\":\"https:\\\/\\\/bmtravelport.cl\\\/es\\\/?s={search_term_string}\"},\"query-input\":{\"@type\":\"PropertyValueSpecification\",\"valueRequired\":true,\"valueName\":\"search_term_string\"}}],\"inLanguage\":\"es-CL\"},{\"@type\":\"Organization\",\"@id\":\"https:\\\/\\\/bmtravelport.cl\\\/es\\\/#organization\",\"name\":\"BM Travelport\",\"url\":\"https:\\\/\\\/bmtravelport.cl\\\/es\\\/\",\"logo\":{\"@type\":\"ImageObject\",\"inLanguage\":\"es-CL\",\"@id\":\"https:\\\/\\\/bmtravelport.cl\\\/es\\\/#\\\/schema\\\/logo\\\/image\\\/\",\"url\":\"https:\\\/\\\/i0.wp.com\\\/bmtravelport.cl\\\/wp-content\\\/uploads\\\/2024\\\/11\\\/BMTravelport-Logotipo.webp?fit=2364%2C2364&ssl=1\",\"contentUrl\":\"https:\\\/\\\/i0.wp.com\\\/bmtravelport.cl\\\/wp-content\\\/uploads\\\/2024\\\/11\\\/BMTravelport-Logotipo.webp?fit=2364%2C2364&ssl=1\",\"width\":2364,\"height\":2364,\"caption\":\"BM Travelport\"},\"image\":{\"@id\":\"https:\\\/\\\/bmtravelport.cl\\\/es\\\/#\\\/schema\\\/logo\\\/image\\\/\"},\"sameAs\":[\"https:\\\/\\\/www.facebook.com\\\/bmtravelport\",\"https:\\\/\\\/x.com\\\/BMTravelport\",\"https:\\\/\\\/www.instagram.com\\\/bmtravelport\\\/\"]}]}<\/script>\n<!-- \/ Yoast SEO plugin. -->","yoast_head_json":{"title":"Frutillar and Llanquihue Half-Day - Explore Lake, Culture & Teather","description":"Frutillar and Llanquihue Half-Day includes Lago Llanquihue, German heritage, and Teatro del Lago. Discover culture, scenic views, and landscapes.","robots":{"index":"index","follow":"follow","max-snippet":"max-snippet:-1","max-image-preview":"max-image-preview:large","max-video-preview":"max-video-preview:-1"},"canonical":"https:\/\/bmtravelport.cl\/es\/producto\/frutillar-and-llanquihue-half-day\/","og_locale":"es_ES","og_type":"article","og_title":"Frutillar and Llanquihue Half-Day - Explore Lake, Culture & Teather","og_description":"Frutillar and Llanquihue Half-Day includes Lago Llanquihue, German heritage, and Teatro del Lago. Discover culture, scenic views, and landscapes.","og_url":"https:\/\/bmtravelport.cl\/es\/producto\/frutillar-and-llanquihue-half-day\/","og_site_name":"BM Travelport","article_publisher":"https:\/\/www.facebook.com\/bmtravelport","article_modified_time":"2024-12-09T21:02:57+00:00","og_image":[{"width":2560,"height":2560,"url":"https:\/\/bmtravelport.cl\/wp-content\/uploads\/2024\/12\/Teatro_Del_Lago-1-scaled.webp","type":"image\/webp"}],"twitter_card":"summary_large_image","twitter_site":"@BMTravelport","twitter_misc":{"Tiempo estimado de lectura":"2 minutos"},"schema":{"@context":"https:\/\/schema.org","@graph":[{"@type":"WebPage","@id":"https:\/\/bmtravelport.cl\/es\/producto\/frutillar-and-llanquihue-half-day\/","url":"https:\/\/bmtravelport.cl\/es\/producto\/frutillar-and-llanquihue-half-day\/","name":"Frutillar and Llanquihue Half-Day - Explore Lake, Culture & Teather","isPartOf":{"@id":"https:\/\/bmtravelport.cl\/es\/#website"},"primaryImageOfPage":{"@id":"https:\/\/bmtravelport.cl\/es\/producto\/frutillar-and-llanquihue-half-day\/#primaryimage"},"image":{"@id":"https:\/\/bmtravelport.cl\/es\/producto\/frutillar-and-llanquihue-half-day\/#primaryimage"},"thumbnailUrl":"https:\/\/i0.wp.com\/bmtravelport.cl\/wp-content\/uploads\/2024\/12\/Teatro_Del_Lago-1-scaled.webp?fit=2560%2C2560&ssl=1","datePublished":"2024-12-06T22:40:55+00:00","dateModified":"2024-12-09T21:02:57+00:00","description":"Frutillar and Llanquihue Half-Day includes Lago Llanquihue, German heritage, and Teatro del Lago. Discover culture, scenic views, and landscapes.","breadcrumb":{"@id":"https:\/\/bmtravelport.cl\/es\/producto\/frutillar-and-llanquihue-half-day\/#breadcrumb"},"inLanguage":"es-CL","potentialAction":[{"@type":"ReadAction","target":["https:\/\/bmtravelport.cl\/es\/producto\/frutillar-and-llanquihue-half-day\/"]}]},{"@type":"ImageObject","inLanguage":"es-CL","@id":"https:\/\/bmtravelport.cl\/es\/producto\/frutillar-and-llanquihue-half-day\/#primaryimage","url":"https:\/\/i0.wp.com\/bmtravelport.cl\/wp-content\/uploads\/2024\/12\/Teatro_Del_Lago-1-scaled.webp?fit=2560%2C2560&ssl=1","contentUrl":"https:\/\/i0.wp.com\/bmtravelport.cl\/wp-content\/uploads\/2024\/12\/Teatro_Del_Lago-1-scaled.webp?fit=2560%2C2560&ssl=1","width":2560,"height":2560,"caption":"Frutillar Teatro del Lago Half Day"},{"@type":"BreadcrumbList","@id":"https:\/\/bmtravelport.cl\/es\/producto\/frutillar-and-llanquihue-half-day\/#breadcrumb","itemListElement":[{"@type":"ListItem","position":1,"name":"Home","item":"https:\/\/bmtravelport.cl\/es\/"},{"@type":"ListItem","position":2,"name":"Let&#8217;s Travel","item":"https:\/\/bmtravelport.cl\/lets-travel\/"},{"@type":"ListItem","position":3,"name":"Frutillar and Llanquihue Half-Day"}]},{"@type":"WebSite","@id":"https:\/\/bmtravelport.cl\/es\/#website","url":"https:\/\/bmtravelport.cl\/es\/","name":"BM Travelport","description":"Vamos de viaje","publisher":{"@id":"https:\/\/bmtravelport.cl\/es\/#organization"},"potentialAction":[{"@type":"SearchAction","target":{"@type":"EntryPoint","urlTemplate":"https:\/\/bmtravelport.cl\/es\/?s={search_term_string}"},"query-input":{"@type":"PropertyValueSpecification","valueRequired":true,"valueName":"search_term_string"}}],"inLanguage":"es-CL"},{"@type":"Organization","@id":"https:\/\/bmtravelport.cl\/es\/#organization","name":"BM Travelport","url":"https:\/\/bmtravelport.cl\/es\/","logo":{"@type":"ImageObject","inLanguage":"es-CL","@id":"https:\/\/bmtravelport.cl\/es\/#\/schema\/logo\/image\/","url":"https:\/\/i0.wp.com\/bmtravelport.cl\/wp-content\/uploads\/2024\/11\/BMTravelport-Logotipo.webp?fit=2364%2C2364&ssl=1","contentUrl":"https:\/\/i0.wp.com\/bmtravelport.cl\/wp-content\/uploads\/2024\/11\/BMTravelport-Logotipo.webp?fit=2364%2C2364&ssl=1","width":2364,"height":2364,"caption":"BM Travelport"},"image":{"@id":"https:\/\/bmtravelport.cl\/es\/#\/schema\/logo\/image\/"},"sameAs":["https:\/\/www.facebook.com\/bmtravelport","https:\/\/x.com\/BMTravelport","https:\/\/www.instagram.com\/bmtravelport\/"]}]}},"jetpack_publicize_connections":[],"jetpack_likes_enabled":false,"jetpack_sharing_enabled":true,"_links":{"self":[{"href":"https:\/\/bmtravelport.cl\/es\/wp-json\/wp\/v2\/product\/2274","targetHints":{"allow":["GET"]}}],"collection":[{"href":"https:\/\/bmtravelport.cl\/es\/wp-json\/wp\/v2\/product"}],"about":[{"href":"https:\/\/bmtravelport.cl\/es\/wp-json\/wp\/v2\/types\/product"}],"replies":[{"embeddable":true,"href":"https:\/\/bmtravelport.cl\/es\/wp-json\/wp\/v2\/comments?post=2274"}],"wp:featuredmedia":[{"embeddable":true,"href":"https:\/\/bmtravelport.cl\/es\/wp-json\/wp\/v2\/media\/2276"}],"wp:attachment":[{"href":"https:\/\/bmtravelport.cl\/es\/wp-json\/wp\/v2\/media?parent=2274"}],"wp:term":[{"taxonomy":"product_brand","embeddable":true,"href":"https:\/\/bmtravelport.cl\/es\/wp-json\/wp\/v2\/product_brand?post=2274"},{"taxonomy":"product_cat","embeddable":true,"href":"https:\/\/bmtravelport.cl\/es\/wp-json\/wp\/v2\/product_cat?post=2274"},{"taxonomy":"product_tag","embeddable":true,"href":"https:\/\/bmtravelport.cl\/es\/wp-json\/wp\/v2\/product_tag?post=2274"}],"curies":[{"name":"wp","href":"https:\/\/api.w.org\/{rel}","templated":true}]}}