{"id":2170,"date":"2024-11-28T02:23:43","date_gmt":"2024-11-28T02:23:43","guid":{"rendered":"https:\/\/bmtravelport.cl\/?post_type=product&#038;p=2170"},"modified":"2024-12-01T18:43:09","modified_gmt":"2024-12-01T18:43:09","slug":"hiking-paso-desolacion","status":"publish","type":"product","link":"https:\/\/bmtravelport.cl\/es\/producto\/hiking-paso-desolacion\/","title":{"rendered":"Senderismo Paso Desolaci\u00f3n"},"content":{"rendered":"<p><!-- Surrounding Container with Two Divs for Images --><\/p>\n<div style=\"width: 100%; padding: 10px; border: 1px solid #ccc; box-sizing: border-box;\">\n<div style=\"display: flex; gap: 10px;\"><!-- Left Image --><\/p>\n<div style=\"width: 66%; display: flex; align-items: center; overflow: hidden;\"><img data-recalc-dims=\"1\" decoding=\"async\" style=\"width: 100%; height: 300px; object-fit: cover;\" src=\"https:\/\/i0.wp.com\/bmtravelport.cl\/wp-content\/uploads\/2024\/11\/Paso_Desolacion.webp?ssl=1\" alt=\"Hiking Paso Desolaci\u00f3n in Vicente P\u00e9rez Rosales National Park with stunning views and diverse terrain\" \/><\/div>\n<p><!-- Right Image --><\/p>\n<div style=\"width: 33%; display: flex; align-items: center; overflow: hidden;\"><img data-recalc-dims=\"1\" decoding=\"async\" style=\"width: 100%; height: 300px; object-fit: cover;\" src=\"https:\/\/i0.wp.com\/bmtravelport.cl\/wp-content\/uploads\/2024\/11\/hiking_image_2.webp?ssl=1\" alt=\"Exploring Hiking Paso Desolaci\u00f3n with breathtaking vistas and geological formations\" \/><\/div>\n<\/div>\n<\/div>\n<h1>Senderismo Paso Desolaci\u00f3n en el Parque Nacional Vicente P\u00e9rez Rosales<\/h1>\n<p>El sendero Paso Desolaci\u00f3n es sin duda una aventura inigualable para los amantes de la naturaleza y las emociones fuertes. Ubicado en el Parque Nacional Vicente P\u00e9rez Rosales, este sendero ofrece vistas impresionantes de paisajes pr\u00edstinos, que incluyen lagos de color turquesa, impresionantes picos volc\u00e1nicos y frondosos bosques. Adem\u00e1s, esta experiencia combina la actividad f\u00edsica con paisajes impresionantes. Ya seas un excursionista experimentado o un principiante, este sendero seguramente te cautivar\u00e1.<\/p>\n<h2>Qu\u00e9 esperar en la caminata de Paso Desolaci\u00f3n<\/h2>\n<p>Emb\u00e1rcate en un viaje lleno de emocionantes desaf\u00edos y recompensas. Esta caminata no solo te ofrece la oportunidad de sumergirte en la naturaleza, sino que tambi\u00e9n te brinda oportunidades fotogr\u00e1ficas inolvidables. A medida que asciendes, encontrar\u00e1s diversas formaciones geol\u00f3gicas, arroyos en cascada y vistas panor\u00e1micas que se extienden hasta donde alcanza la vista. Adem\u00e1s, la serenidad del entorno lo convierte en un escape ideal del ajetreo y el bullicio de la vida diaria.<\/p>\n<h2>Detalles para tu aventura en Paso Desolaci\u00f3n<\/h2>\n<ul>\n<li><strong>Duraci\u00f3n:<\/strong> Aproximadamente 8 horas<\/li>\n<li><strong>Hora de salida:<\/strong> 08:30 AM<\/li>\n<li><strong>Tama\u00f1o del grupo:<\/strong> Hasta 10 personas<\/li>\n<\/ul>\n<h2>Qu\u00e9 incluye el tour de senderismo Paso Desolaci\u00f3n<\/h2>\n<ul>\n<li>Un gu\u00eda profesional para garantizar su seguridad y disfrute.<\/li>\n<li>Transporte desde y hacia el punto de partida para su comodidad.<\/li>\n<\/ul>\n<h2>Qu\u00e9 no est\u00e1 incluido<\/h2>\n<ul>\n<li>Comidas o snacks durante la caminata.<\/li>\n<\/ul>\n<h2>\u00bfPor qu\u00e9 elegir BM Travelport para tu aventura?<\/h2>\n<p>BM Travelport garantiza que su viaje sea enriquecedor y ecol\u00f3gico. Adem\u00e1s, nuestros gu\u00edas experimentados brindan informaci\u00f3n valiosa sobre la historia natural y cultural del parque. Adem\u00e1s de su experiencia, se centran en crear una experiencia memorable para cada viajero. Adem\u00e1s, priorizamos la sostenibilidad, garantizando que su aventura beneficie a las comunidades locales y preserve el medio ambiente. Lo m\u00e1s importante es que nuestra atenci\u00f3n a los detalles garantiza que cada aspecto de su experiencia sea inolvidable.<\/p>\n<h2>Obtenga m\u00e1s informaci\u00f3n sobre el senderismo Paso Desolaci\u00f3n<\/h2>\n<ul>\n<li>Descubre el Parque Nacional Vicente P\u00e9rez Rosales en <a href=\"https:\/\/en.wikipedia.org\/wiki\/Vicente_P%C3%A9rez_Rosales_National_Park\" target=\"_blank\" rel=\"noopener\">Wikipedia<\/a>.<\/li>\n<li>Aprenda sobre el impresionante Volc\u00e1n Osorno en <a href=\"https:\/\/en.wikipedia.org\/wiki\/Osorno_Volcano\" target=\"_blank\" rel=\"noopener\">Wikipedia<\/a>.<\/li>\n<\/ul>\n<h2>Reserve su tour Paso Desolaci\u00f3n hoy<\/h2>\n<p>No esperes m\u00e1s para descubrir las maravillas de Paso Desolaci\u00f3n. Adem\u00e1s, reserva hoy tu tour y disfruta de una combinaci\u00f3n de cultura, belleza y aventura en uno de los destinos m\u00e1s cautivantes de Chile.<\/p>\n<p><a class=\"cta-button\" href=\"https:\/\/bmtravelport.cl\/lets-travel\/\">Explorar m\u00e1s<\/a><\/p>","protected":false},"excerpt":{"rendered":"<p><!-- Short Description --><br \/>\n[woocs sd=1]<\/p>\n<p>Embark on Hiking Paso Desolaci\u00f3n, a 13km trail through Vicente P\u00e9rez Rosales National Park with breathtaking views and unique geology.<\/p>\n<div style=\"width: 100%; padding: 20px; border: 1px solid #ccc; box-shadow: 0 4px 10px rgba(0, 0, 0, 0.1); border-radius: 10px; background-color: #f9f9f9; margin: 20px 0; box-sizing: border-box;\">\n<p style=\"font-family: Arial, sans-serif; font-size: 16px; color: #333; text-align: center; margin: 0;\"><strong>Includes <span style=\"color: #339966;\">\u2713<\/span> Transportation, box lunch, and bilingual guide.<\/strong><\/p>\n<p style=\"font-family: Arial, sans-serif; font-size: 16px; color: #333; text-align: center; margin: 0;\"><strong>Not included <span style=\"color: #ff0000;\">\u2718<\/span> Small backpack, hydration, trekking shoes, sunscreen, hat for the sun and cold, comfortable clothing (sports or trekking), bandana or buff, walking sticks (If you don\u2019t have one, you can ask us for availability).<\/strong><\/p>\n<\/div>\n","protected":false},"featured_media":2178,"comment_status":"open","ping_status":"closed","template":"","meta":{"site-sidebar-layout":"default","site-content-layout":"","ast-site-content-layout":"default","site-content-style":"default","site-sidebar-style":"default","ast-global-header-display":"","ast-banner-title-visibility":"","ast-main-header-display":"","ast-hfb-above-header-display":"","ast-hfb-below-header-display":"","ast-hfb-mobile-header-display":"","site-post-title":"","ast-breadcrumbs-content":"","ast-featured-img":"","footer-sml-layout":"","ast-disable-related-posts":"","theme-transparent-header-meta":"default","adv-header-id-meta":"","stick-header-meta":"","header-above-stick-meta":"","header-main-stick-meta":"","header-below-stick-meta":"","astra-migrate-meta-layouts":"set","ast-page-background-enabled":"default","ast-page-background-meta":{"desktop":{"background-color":"var(--ast-global-color-4)","background-image":"","background-repeat":"repeat","background-position":"center center","background-size":"auto","background-attachment":"scroll","background-type":"","background-media":"","overlay-type":"","overlay-color":"","overlay-opacity":"","overlay-gradient":""},"tablet":{"background-color":"","background-image":"","background-repeat":"repeat","background-position":"center center","background-size":"auto","background-attachment":"scroll","background-type":"","background-media":"","overlay-type":"","overlay-color":"","overlay-opacity":"","overlay-gradient":""},"mobile":{"background-color":"","background-image":"","background-repeat":"repeat","background-position":"center center","background-size":"auto","background-attachment":"scroll","background-type":"","background-media":"","overlay-type":"","overlay-color":"","overlay-opacity":"","overlay-gradient":""}},"ast-content-background-meta":{"desktop":{"background-color":"var(--ast-global-color-5)","background-image":"","background-repeat":"repeat","background-position":"center center","background-size":"auto","background-attachment":"scroll","background-type":"","background-media":"","overlay-type":"","overlay-color":"","overlay-opacity":"","overlay-gradient":""},"tablet":{"background-color":"var(--ast-global-color-5)","background-image":"","background-repeat":"repeat","background-position":"center center","background-size":"auto","background-attachment":"scroll","background-type":"","background-media":"","overlay-type":"","overlay-color":"","overlay-opacity":"","overlay-gradient":""},"mobile":{"background-color":"var(--ast-global-color-5)","background-image":"","background-repeat":"repeat","background-position":"center center","background-size":"auto","background-attachment":"scroll","background-type":"","background-media":"","overlay-type":"","overlay-color":"","overlay-opacity":"","overlay-gradient":""}},"_joinchat":[],"jetpack_publicize_message":"","jetpack_publicize_feature_enabled":true,"jetpack_social_post_already_shared":false,"jetpack_social_options":{"image_generator_settings":{"template":"highway","default_image_id":0,"font":"","enabled":false},"version":2}},"product_brand":[],"product_cat":[111,144],"product_tag":[113,87],"class_list":{"0":"post-2170","1":"product","2":"type-product","3":"status-publish","4":"has-post-thumbnail","6":"product_cat-base-puerto-varas","7":"product_cat-full-day","8":"product_tag-lago-llanquihue-circuit","9":"product_tag-osorno-volcano","10":"pa_age-adult","11":"pa_age-senior","12":"desktop-align-center","13":"tablet-align-left","14":"mobile-align-left","16":"first","17":"instock","18":"shipping-taxable","19":"purchasable","20":"product-type-variable"},"yoast_head":"<!-- This site is optimized with the Yoast SEO plugin v27.4 - https:\/\/yoast.com\/product\/yoast-seo-wordpress\/ -->\n<title>Hiking Paso Desolaci\u00f3n - Explore aNational Park<\/title>\n<meta name=\"description\" content=\"Hiking Paso Desolaci\u00f3n - Hiking Paso Desolaci\u00f3n takes on a 13km adventure through Vicente P\u00e9rez Rosales National Park, with stunning views and rich geology.\" \/>\n<meta name=\"robots\" content=\"index, follow, max-snippet:-1, max-image-preview:large, max-video-preview:-1\" \/>\n<link rel=\"canonical\" href=\"https:\/\/bmtravelport.cl\/es\/producto\/hiking-paso-desolacion\/\" \/>\n<meta property=\"og:locale\" content=\"es_ES\" \/>\n<meta property=\"og:type\" content=\"article\" \/>\n<meta property=\"og:title\" content=\"Hiking Paso Desolaci\u00f3n - Explore aNational Park\" \/>\n<meta property=\"og:description\" content=\"Hiking Paso Desolaci\u00f3n - Hiking Paso Desolaci\u00f3n takes on a 13km adventure through Vicente P\u00e9rez Rosales National Park, with stunning views and rich geology.\" \/>\n<meta property=\"og:url\" content=\"https:\/\/bmtravelport.cl\/es\/producto\/hiking-paso-desolacion\/\" \/>\n<meta property=\"og:site_name\" content=\"BM Travelport\" \/>\n<meta property=\"article:publisher\" content=\"https:\/\/www.facebook.com\/bmtravelport\" \/>\n<meta property=\"article:modified_time\" content=\"2024-12-01T18:43:09+00:00\" \/>\n<meta property=\"og:image\" content=\"https:\/\/bmtravelport.cl\/wp-content\/uploads\/2024\/11\/Desolacion-product-image.webp\" \/>\n\t<meta property=\"og:image:width\" content=\"1020\" \/>\n\t<meta property=\"og:image:height\" content=\"1021\" \/>\n\t<meta property=\"og:image:type\" content=\"image\/webp\" \/>\n<meta name=\"twitter:card\" content=\"summary_large_image\" \/>\n<meta name=\"twitter:site\" content=\"@BMTravelport\" \/>\n<meta name=\"twitter:label1\" content=\"Tiempo estimado de lectura\" \/>\n\t<meta name=\"twitter:data1\" content=\"3 minutos\" \/>\n<script type=\"application\/ld+json\" class=\"yoast-schema-graph\">{\"@context\":\"https:\\\/\\\/schema.org\",\"@graph\":[{\"@type\":\"WebPage\",\"@id\":\"https:\\\/\\\/bmtravelport.cl\\\/es\\\/producto\\\/hiking-paso-desolacion\\\/\",\"url\":\"https:\\\/\\\/bmtravelport.cl\\\/es\\\/producto\\\/hiking-paso-desolacion\\\/\",\"name\":\"Hiking Paso Desolaci\u00f3n - Explore aNational Park\",\"isPartOf\":{\"@id\":\"https:\\\/\\\/bmtravelport.cl\\\/es\\\/#website\"},\"primaryImageOfPage\":{\"@id\":\"https:\\\/\\\/bmtravelport.cl\\\/es\\\/producto\\\/hiking-paso-desolacion\\\/#primaryimage\"},\"image\":{\"@id\":\"https:\\\/\\\/bmtravelport.cl\\\/es\\\/producto\\\/hiking-paso-desolacion\\\/#primaryimage\"},\"thumbnailUrl\":\"https:\\\/\\\/i0.wp.com\\\/bmtravelport.cl\\\/wp-content\\\/uploads\\\/2024\\\/11\\\/Desolacion-product-image.webp?fit=1020%2C1021&ssl=1\",\"datePublished\":\"2024-11-28T02:23:43+00:00\",\"dateModified\":\"2024-12-01T18:43:09+00:00\",\"description\":\"Hiking Paso Desolaci\u00f3n - Hiking Paso Desolaci\u00f3n takes on a 13km adventure through Vicente P\u00e9rez Rosales National Park, with stunning views and rich geology.\",\"breadcrumb\":{\"@id\":\"https:\\\/\\\/bmtravelport.cl\\\/es\\\/producto\\\/hiking-paso-desolacion\\\/#breadcrumb\"},\"inLanguage\":\"es-CL\",\"potentialAction\":[{\"@type\":\"ReadAction\",\"target\":[\"https:\\\/\\\/bmtravelport.cl\\\/es\\\/producto\\\/hiking-paso-desolacion\\\/\"]}]},{\"@type\":\"ImageObject\",\"inLanguage\":\"es-CL\",\"@id\":\"https:\\\/\\\/bmtravelport.cl\\\/es\\\/producto\\\/hiking-paso-desolacion\\\/#primaryimage\",\"url\":\"https:\\\/\\\/i0.wp.com\\\/bmtravelport.cl\\\/wp-content\\\/uploads\\\/2024\\\/11\\\/Desolacion-product-image.webp?fit=1020%2C1021&ssl=1\",\"contentUrl\":\"https:\\\/\\\/i0.wp.com\\\/bmtravelport.cl\\\/wp-content\\\/uploads\\\/2024\\\/11\\\/Desolacion-product-image.webp?fit=1020%2C1021&ssl=1\",\"width\":1020,\"height\":1021,\"caption\":\"Hiking Paso Desolaci\u00f3n\"},{\"@type\":\"BreadcrumbList\",\"@id\":\"https:\\\/\\\/bmtravelport.cl\\\/es\\\/producto\\\/hiking-paso-desolacion\\\/#breadcrumb\",\"itemListElement\":[{\"@type\":\"ListItem\",\"position\":1,\"name\":\"Home\",\"item\":\"https:\\\/\\\/bmtravelport.cl\\\/es\\\/\"},{\"@type\":\"ListItem\",\"position\":2,\"name\":\"Let&#8217;s Travel\",\"item\":\"https:\\\/\\\/bmtravelport.cl\\\/lets-travel\\\/\"},{\"@type\":\"ListItem\",\"position\":3,\"name\":\"Hiking Paso Desolaci\u00f3n\"}]},{\"@type\":\"WebSite\",\"@id\":\"https:\\\/\\\/bmtravelport.cl\\\/es\\\/#website\",\"url\":\"https:\\\/\\\/bmtravelport.cl\\\/es\\\/\",\"name\":\"BM Travelport\",\"description\":\"Let\u00b4s travel\",\"publisher\":{\"@id\":\"https:\\\/\\\/bmtravelport.cl\\\/es\\\/#organization\"},\"potentialAction\":[{\"@type\":\"SearchAction\",\"target\":{\"@type\":\"EntryPoint\",\"urlTemplate\":\"https:\\\/\\\/bmtravelport.cl\\\/es\\\/?s={search_term_string}\"},\"query-input\":{\"@type\":\"PropertyValueSpecification\",\"valueRequired\":true,\"valueName\":\"search_term_string\"}}],\"inLanguage\":\"es-CL\"},{\"@type\":\"Organization\",\"@id\":\"https:\\\/\\\/bmtravelport.cl\\\/es\\\/#organization\",\"name\":\"BM Travelport\",\"url\":\"https:\\\/\\\/bmtravelport.cl\\\/es\\\/\",\"logo\":{\"@type\":\"ImageObject\",\"inLanguage\":\"es-CL\",\"@id\":\"https:\\\/\\\/bmtravelport.cl\\\/es\\\/#\\\/schema\\\/logo\\\/image\\\/\",\"url\":\"https:\\\/\\\/i0.wp.com\\\/bmtravelport.cl\\\/wp-content\\\/uploads\\\/2024\\\/11\\\/BMTravelport-Logotipo.webp?fit=2364%2C2364&ssl=1\",\"contentUrl\":\"https:\\\/\\\/i0.wp.com\\\/bmtravelport.cl\\\/wp-content\\\/uploads\\\/2024\\\/11\\\/BMTravelport-Logotipo.webp?fit=2364%2C2364&ssl=1\",\"width\":2364,\"height\":2364,\"caption\":\"BM Travelport\"},\"image\":{\"@id\":\"https:\\\/\\\/bmtravelport.cl\\\/es\\\/#\\\/schema\\\/logo\\\/image\\\/\"},\"sameAs\":[\"https:\\\/\\\/www.facebook.com\\\/bmtravelport\",\"https:\\\/\\\/x.com\\\/BMTravelport\",\"https:\\\/\\\/www.instagram.com\\\/bmtravelport\\\/\"]}]}<\/script>\n<!-- \/ Yoast SEO plugin. -->","yoast_head_json":{"title":"Hiking Paso Desolaci\u00f3n - Explore aNational Park","description":"Hiking Paso Desolaci\u00f3n - Hiking Paso Desolaci\u00f3n takes on a 13km adventure through Vicente P\u00e9rez Rosales National Park, with stunning views and rich geology.","robots":{"index":"index","follow":"follow","max-snippet":"max-snippet:-1","max-image-preview":"max-image-preview:large","max-video-preview":"max-video-preview:-1"},"canonical":"https:\/\/bmtravelport.cl\/es\/producto\/hiking-paso-desolacion\/","og_locale":"es_ES","og_type":"article","og_title":"Hiking Paso Desolaci\u00f3n - Explore aNational Park","og_description":"Hiking Paso Desolaci\u00f3n - Hiking Paso Desolaci\u00f3n takes on a 13km adventure through Vicente P\u00e9rez Rosales National Park, with stunning views and rich geology.","og_url":"https:\/\/bmtravelport.cl\/es\/producto\/hiking-paso-desolacion\/","og_site_name":"BM Travelport","article_publisher":"https:\/\/www.facebook.com\/bmtravelport","article_modified_time":"2024-12-01T18:43:09+00:00","og_image":[{"width":1020,"height":1021,"url":"https:\/\/bmtravelport.cl\/wp-content\/uploads\/2024\/11\/Desolacion-product-image.webp","type":"image\/webp"}],"twitter_card":"summary_large_image","twitter_site":"@BMTravelport","twitter_misc":{"Tiempo estimado de lectura":"3 minutos"},"schema":{"@context":"https:\/\/schema.org","@graph":[{"@type":"WebPage","@id":"https:\/\/bmtravelport.cl\/es\/producto\/hiking-paso-desolacion\/","url":"https:\/\/bmtravelport.cl\/es\/producto\/hiking-paso-desolacion\/","name":"Hiking Paso Desolaci\u00f3n - Explore aNational Park","isPartOf":{"@id":"https:\/\/bmtravelport.cl\/es\/#website"},"primaryImageOfPage":{"@id":"https:\/\/bmtravelport.cl\/es\/producto\/hiking-paso-desolacion\/#primaryimage"},"image":{"@id":"https:\/\/bmtravelport.cl\/es\/producto\/hiking-paso-desolacion\/#primaryimage"},"thumbnailUrl":"https:\/\/i0.wp.com\/bmtravelport.cl\/wp-content\/uploads\/2024\/11\/Desolacion-product-image.webp?fit=1020%2C1021&ssl=1","datePublished":"2024-11-28T02:23:43+00:00","dateModified":"2024-12-01T18:43:09+00:00","description":"Hiking Paso Desolaci\u00f3n - Hiking Paso Desolaci\u00f3n takes on a 13km adventure through Vicente P\u00e9rez Rosales National Park, with stunning views and rich geology.","breadcrumb":{"@id":"https:\/\/bmtravelport.cl\/es\/producto\/hiking-paso-desolacion\/#breadcrumb"},"inLanguage":"es-CL","potentialAction":[{"@type":"ReadAction","target":["https:\/\/bmtravelport.cl\/es\/producto\/hiking-paso-desolacion\/"]}]},{"@type":"ImageObject","inLanguage":"es-CL","@id":"https:\/\/bmtravelport.cl\/es\/producto\/hiking-paso-desolacion\/#primaryimage","url":"https:\/\/i0.wp.com\/bmtravelport.cl\/wp-content\/uploads\/2024\/11\/Desolacion-product-image.webp?fit=1020%2C1021&ssl=1","contentUrl":"https:\/\/i0.wp.com\/bmtravelport.cl\/wp-content\/uploads\/2024\/11\/Desolacion-product-image.webp?fit=1020%2C1021&ssl=1","width":1020,"height":1021,"caption":"Hiking Paso Desolaci\u00f3n"},{"@type":"BreadcrumbList","@id":"https:\/\/bmtravelport.cl\/es\/producto\/hiking-paso-desolacion\/#breadcrumb","itemListElement":[{"@type":"ListItem","position":1,"name":"Home","item":"https:\/\/bmtravelport.cl\/es\/"},{"@type":"ListItem","position":2,"name":"Let&#8217;s Travel","item":"https:\/\/bmtravelport.cl\/lets-travel\/"},{"@type":"ListItem","position":3,"name":"Hiking Paso Desolaci\u00f3n"}]},{"@type":"WebSite","@id":"https:\/\/bmtravelport.cl\/es\/#website","url":"https:\/\/bmtravelport.cl\/es\/","name":"BM Travelport","description":"Vamos de viaje","publisher":{"@id":"https:\/\/bmtravelport.cl\/es\/#organization"},"potentialAction":[{"@type":"SearchAction","target":{"@type":"EntryPoint","urlTemplate":"https:\/\/bmtravelport.cl\/es\/?s={search_term_string}"},"query-input":{"@type":"PropertyValueSpecification","valueRequired":true,"valueName":"search_term_string"}}],"inLanguage":"es-CL"},{"@type":"Organization","@id":"https:\/\/bmtravelport.cl\/es\/#organization","name":"BM Travelport","url":"https:\/\/bmtravelport.cl\/es\/","logo":{"@type":"ImageObject","inLanguage":"es-CL","@id":"https:\/\/bmtravelport.cl\/es\/#\/schema\/logo\/image\/","url":"https:\/\/i0.wp.com\/bmtravelport.cl\/wp-content\/uploads\/2024\/11\/BMTravelport-Logotipo.webp?fit=2364%2C2364&ssl=1","contentUrl":"https:\/\/i0.wp.com\/bmtravelport.cl\/wp-content\/uploads\/2024\/11\/BMTravelport-Logotipo.webp?fit=2364%2C2364&ssl=1","width":2364,"height":2364,"caption":"BM Travelport"},"image":{"@id":"https:\/\/bmtravelport.cl\/es\/#\/schema\/logo\/image\/"},"sameAs":["https:\/\/www.facebook.com\/bmtravelport","https:\/\/x.com\/BMTravelport","https:\/\/www.instagram.com\/bmtravelport\/"]}]}},"jetpack_publicize_connections":[],"jetpack_likes_enabled":false,"jetpack_sharing_enabled":true,"_links":{"self":[{"href":"https:\/\/bmtravelport.cl\/es\/wp-json\/wp\/v2\/product\/2170","targetHints":{"allow":["GET"]}}],"collection":[{"href":"https:\/\/bmtravelport.cl\/es\/wp-json\/wp\/v2\/product"}],"about":[{"href":"https:\/\/bmtravelport.cl\/es\/wp-json\/wp\/v2\/types\/product"}],"replies":[{"embeddable":true,"href":"https:\/\/bmtravelport.cl\/es\/wp-json\/wp\/v2\/comments?post=2170"}],"wp:featuredmedia":[{"embeddable":true,"href":"https:\/\/bmtravelport.cl\/es\/wp-json\/wp\/v2\/media\/2178"}],"wp:attachment":[{"href":"https:\/\/bmtravelport.cl\/es\/wp-json\/wp\/v2\/media?parent=2170"}],"wp:term":[{"taxonomy":"product_brand","embeddable":true,"href":"https:\/\/bmtravelport.cl\/es\/wp-json\/wp\/v2\/product_brand?post=2170"},{"taxonomy":"product_cat","embeddable":true,"href":"https:\/\/bmtravelport.cl\/es\/wp-json\/wp\/v2\/product_cat?post=2170"},{"taxonomy":"product_tag","embeddable":true,"href":"https:\/\/bmtravelport.cl\/es\/wp-json\/wp\/v2\/product_tag?post=2170"}],"curies":[{"name":"wp","href":"https:\/\/api.w.org\/{rel}","templated":true}]}}