{"id":1945,"date":"2024-11-18T23:46:20","date_gmt":"2024-11-18T23:46:20","guid":{"rendered":"https:\/\/bmtravelport.cl\/?post_type=product&#038;p=1945"},"modified":"2024-12-01T18:43:17","modified_gmt":"2024-12-01T18:43:17","slug":"kayaking-on-lake-llanquihue","status":"publish","type":"product","link":"https:\/\/bmtravelport.cl\/es\/producto\/kayaking-on-lake-llanquihue\/","title":{"rendered":"Kayak en el lago Llanquihue"},"content":{"rendered":"<p><!-- Surrounding Container with Two Divs for Images --><\/p>\n<div style=\"width: 100%; padding: 10px; border: 1px solid #ccc; box-sizing: border-box;\">\n<div style=\"display: flex; gap: 10px;\">\n        <!-- Left Image --><\/p>\n<div style=\"width: 66%; display: flex; align-items: center; overflow: hidden;\">\n            <img data-recalc-dims=\"1\" decoding=\"async\" style=\"width: 100%; height: 300px; object-fit: cover;\" src=\"https:\/\/i0.wp.com\/bmtravelport.cl\/wp-content\/uploads\/2024\/11\/Laguna-Escondida5-scaled.webp?ssl=1\" alt=\"Kayaking Adventures on Lake Llanquihue and Laguna Escondida\" \/>\n        <\/div>\n<p>        <!-- Right Image --><\/p>\n<div style=\"width: 33%; display: flex; align-items: center; overflow: hidden;\">\n            <img data-recalc-dims=\"1\" decoding=\"async\" style=\"width: 100%; height: 300px; object-fit: cover;\" src=\"https:\/\/i0.wp.com\/bmtravelport.cl\/wp-content\/uploads\/2024\/11\/Laguna-Escondida4.webp?ssl=1\" alt=\"Kayaking in Chile - Laguna Escondida Exploration\" \/>\n        <\/div>\n<\/p><\/div>\n<\/div>\n<h1>Aventuras en Kayak en el Lago Llanquihue y Laguna Escondida<\/h1>\n<p>\n    Experiencia inolvidable <strong>Aventuras en kayak por el lago Llanquihue y la Laguna Escondida.<\/strong>Estos lugares serenos no solo ofrecen vistas impresionantes de la belleza natural de Chile, sino que tambi\u00e9n brindan una combinaci\u00f3n perfecta de aventura y tranquilidad. Adem\u00e1s, este recorrido es ideal tanto para los amantes de la naturaleza como para los buscadores de aventuras.\n<\/p>\n<h2>Experiencia en kayak en el lago Llanquihue: una aventura esc\u00e9nica<\/h2>\n<p>\n    Comienza tu viaje cerca de la costa sur del lago Llanquihue, el segundo lago m\u00e1s grande de Chile. Con impresionantes vistas del volc\u00e1n Osorno, llegar\u00e1s a \u201cLa Poza\u201d, una laguna serena y pintoresca. Adem\u00e1s, las tranquilas aguas y la vibrante avifauna hacen de esta una experiencia cautivadora. Adem\u00e1s, los grupos peque\u00f1os te permiten relajarte y disfrutar al m\u00e1ximo del ambiente sereno.\n<\/p>\n<h2>Descubra la belleza oculta de Laguna Escondida<\/h2>\n<p>\n    En contraste con la inmensidad del lago Llanquihue, la Laguna Escondida ofrece una aventura en kayak m\u00e1s \u00edntima. Rema a trav\u00e9s de un t\u00fanel de vegetaci\u00f3n para llegar a un peque\u00f1o lago rodeado de frondosos bosques. Adem\u00e1s, haz una peque\u00f1a caminata hasta la Isla Lorelay, donde disfrutar\u00e1s de una vista panor\u00e1mica de la \u201cLaguna Encantada\u201d antes de continuar el recorrido.\n<\/p>\n<h2>Itinerarios para excursiones en kayak por la ma\u00f1ana y por la tarde<\/h2>\n<p>\n    Ya sea que elijas un tour por la ma\u00f1ana o por la tarde, los itinerarios garantizan una aventura perfecta. Sal desde Puerto Varas, recibe una completa sesi\u00f3n informativa sobre seguridad y rema por paisajes impresionantes. Adem\u00e1s, los grupos peque\u00f1os garantizan una experiencia personalizada durante todo el viaje.\n<\/p>\n<ul>\n<li><strong>Recorrido matutino:<\/strong> 08:30 AM salida, 12:00 PM regreso.<\/li>\n<li><strong>Visita de la tarde:<\/strong> 14:00 salida, 17:30 regreso.<\/li>\n<\/ul>\n<h2>\u00bfPor qu\u00e9 realizar Aventuras en Kayak en el Lago Llanquihue y la Laguna Escondida?<\/h2>\n<p>\n    Este recorrido en kayak se destaca por su combinaci\u00f3n \u00fanica de emoci\u00f3n y serenidad. Desde las majestuosas vistas de los volcanes hasta las tranquilas aguas de la Laguna Escondida, cada momento est\u00e1 pensado para brindar una experiencia enriquecedora. Adem\u00e1s, gu\u00edas expertos garantizan su seguridad y comodidad durante todo el recorrido.\n<\/p>\n<h2>Consejos esenciales para tu aventura en kayak<\/h2>\n<p>\n    Para aprovechar al m\u00e1ximo su aventura, lleve consigo elementos esenciales como protector solar, traje de ba\u00f1o, toalla y ropa c\u00f3moda. Adem\u00e1s, lleve una botella de agua para mantenerse hidratado durante el recorrido. Estos sencillos preparativos no solo aumentar\u00e1n su disfrute, sino que tambi\u00e9n garantizar\u00e1n su comodidad.\n<\/p>\n<h2>Conozca m\u00e1s sobre el Lago Llanquihue y la Laguna Escondida<\/h2>\n<p>\n    Por \u00faltimo, explore la importancia cultural y ambiental de estos destinos. Visite <a href=\"https:\/\/en.wikipedia.org\/wiki\/Lake_Llanquihue\" target=\"_blank\" rel=\"noopener\">Lago Llanquihue<\/a> en Wikipedia para aprender m\u00e1s sobre esta hermosa regi\u00f3n y sus atractivos.\n<\/p>\n<p><a class=\"cta-button\" href=\"https:\/\/bmtravelport.cl\/lets-travel\/\">Explorar m\u00e1s<\/a><\/p>","protected":false},"excerpt":{"rendered":"<p>[woocs sd=1]<br \/>\nExplore Lake Llanquihue with this half-day kayaking adventure. Professional guides, incredible volcano views, and an unforgettable journey await.<\/p>\n<p>Kayaking on Lake Llanquihue offers breathtaking volcano views, professional guides, and a memorable half-day adventure. Perfect for nature enthusiasts.<\/p>\n<div style=\"width: 100%; padding: 20px; border: 1px solid #ccc; box-shadow: 0 4px 10px rgba(0, 0, 0, 0.1); border-radius: 10px; background-color: #f9f9f9; margin: 20px 0; box-sizing: border-box;\">\n<p style=\"font-family: Arial, sans-serif; font-size: 16px; color: #333; text-align: center; margin: 0;\"><strong>Includes: <span style=\"color: #339966;\">\u2713<\/span> Transportation, box lunch, bilingual guide, and park entrance fee.<\/strong><\/p>\n<p style=\"font-family: Arial, sans-serif; font-size: 16px; color: #333; text-align: center; margin: 0;\"><strong>Not included: <span style=\"color: #ff0000;\">\u2718<\/span> Small backpack, hydration, trekking shoes, clothing (sport, trekking type), sun block, hat for the sun and cold, bandana or buff, trekking poles.<\/strong><\/p>\n<\/div>\n","protected":false},"featured_media":1980,"comment_status":"open","ping_status":"closed","template":"","meta":{"site-sidebar-layout":"default","site-content-layout":"","ast-site-content-layout":"default","site-content-style":"default","site-sidebar-style":"default","ast-global-header-display":"","ast-banner-title-visibility":"","ast-main-header-display":"","ast-hfb-above-header-display":"","ast-hfb-below-header-display":"","ast-hfb-mobile-header-display":"","site-post-title":"","ast-breadcrumbs-content":"","ast-featured-img":"","footer-sml-layout":"","ast-disable-related-posts":"","theme-transparent-header-meta":"default","adv-header-id-meta":"","stick-header-meta":"","header-above-stick-meta":"","header-main-stick-meta":"","header-below-stick-meta":"","astra-migrate-meta-layouts":"set","ast-page-background-enabled":"default","ast-page-background-meta":{"desktop":{"background-color":"var(--ast-global-color-4)","background-image":"","background-repeat":"repeat","background-position":"center center","background-size":"auto","background-attachment":"scroll","background-type":"","background-media":"","overlay-type":"","overlay-color":"","overlay-opacity":"","overlay-gradient":""},"tablet":{"background-color":"","background-image":"","background-repeat":"repeat","background-position":"center center","background-size":"auto","background-attachment":"scroll","background-type":"","background-media":"","overlay-type":"","overlay-color":"","overlay-opacity":"","overlay-gradient":""},"mobile":{"background-color":"","background-image":"","background-repeat":"repeat","background-position":"center center","background-size":"auto","background-attachment":"scroll","background-type":"","background-media":"","overlay-type":"","overlay-color":"","overlay-opacity":"","overlay-gradient":""}},"ast-content-background-meta":{"desktop":{"background-color":"var(--ast-global-color-5)","background-image":"","background-repeat":"repeat","background-position":"center center","background-size":"auto","background-attachment":"scroll","background-type":"","background-media":"","overlay-type":"","overlay-color":"","overlay-opacity":"","overlay-gradient":""},"tablet":{"background-color":"var(--ast-global-color-5)","background-image":"","background-repeat":"repeat","background-position":"center center","background-size":"auto","background-attachment":"scroll","background-type":"","background-media":"","overlay-type":"","overlay-color":"","overlay-opacity":"","overlay-gradient":""},"mobile":{"background-color":"var(--ast-global-color-5)","background-image":"","background-repeat":"repeat","background-position":"center center","background-size":"auto","background-attachment":"scroll","background-type":"","background-media":"","overlay-type":"","overlay-color":"","overlay-opacity":"","overlay-gradient":""}},"_joinchat":[],"jetpack_publicize_message":"","jetpack_publicize_feature_enabled":true,"jetpack_social_post_already_shared":false,"jetpack_social_options":{"image_generator_settings":{"template":"highway","default_image_id":0,"font":"","enabled":false},"version":2}},"product_brand":[],"product_cat":[111,150],"product_tag":[],"class_list":{"0":"post-1945","1":"product","2":"type-product","3":"status-publish","4":"has-post-thumbnail","6":"product_cat-base-puerto-varas","7":"product_cat-half-day","8":"pa_age-adult","9":"pa_age-child","10":"pa_age-senior","11":"desktop-align-center","12":"tablet-align-left","13":"mobile-align-left","15":"first","16":"instock","17":"shipping-taxable","18":"purchasable","19":"product-type-variable"},"yoast_head":"<!-- This site is optimized with the Yoast SEO plugin v27.4 - https:\/\/yoast.com\/product\/yoast-seo-wordpress\/ -->\n<title>Kayaking on Lake Llanquihue \u2013 Half-Day Adventure.<\/title>\n<meta name=\"description\" content=\"Kayaking on Lake Llanquihue offers breathtaking volcano views, professional guides, and a memorable half-day adventure. Perfect for nature enthusiasts.\" \/>\n<meta name=\"robots\" content=\"index, follow, max-snippet:-1, max-image-preview:large, max-video-preview:-1\" \/>\n<link rel=\"canonical\" href=\"https:\/\/bmtravelport.cl\/es\/producto\/kayaking-on-lake-llanquihue\/\" \/>\n<meta property=\"og:locale\" content=\"es_ES\" \/>\n<meta property=\"og:type\" content=\"article\" \/>\n<meta property=\"og:title\" content=\"Kayaking on Lake Llanquihue \u2013 Half-Day Adventure.\" \/>\n<meta property=\"og:description\" content=\"Kayaking on Lake Llanquihue offers breathtaking volcano views, professional guides, and a memorable half-day adventure. Perfect for nature enthusiasts.\" \/>\n<meta property=\"og:url\" content=\"https:\/\/bmtravelport.cl\/es\/producto\/kayaking-on-lake-llanquihue\/\" \/>\n<meta property=\"og:site_name\" content=\"BM Travelport\" \/>\n<meta property=\"article:publisher\" content=\"https:\/\/www.facebook.com\/bmtravelport\" \/>\n<meta property=\"article:modified_time\" content=\"2024-12-01T18:43:17+00:00\" \/>\n<meta property=\"og:image\" content=\"https:\/\/bmtravelport.cl\/wp-content\/uploads\/2024\/11\/Laguna_Escondida_Woo-scaled.webp\" \/>\n\t<meta property=\"og:image:width\" content=\"2560\" \/>\n\t<meta property=\"og:image:height\" content=\"2560\" \/>\n\t<meta property=\"og:image:type\" content=\"image\/webp\" \/>\n<meta name=\"twitter:card\" content=\"summary_large_image\" \/>\n<meta name=\"twitter:site\" content=\"@BMTravelport\" \/>\n<meta name=\"twitter:label1\" content=\"Tiempo estimado de lectura\" \/>\n\t<meta name=\"twitter:data1\" content=\"3 minutos\" \/>\n<script type=\"application\/ld+json\" class=\"yoast-schema-graph\">{\"@context\":\"https:\\\/\\\/schema.org\",\"@graph\":[{\"@type\":\"WebPage\",\"@id\":\"https:\\\/\\\/bmtravelport.cl\\\/es\\\/producto\\\/kayaking-on-lake-llanquihue\\\/\",\"url\":\"https:\\\/\\\/bmtravelport.cl\\\/es\\\/producto\\\/kayaking-on-lake-llanquihue\\\/\",\"name\":\"Kayaking on Lake Llanquihue \u2013 Half-Day Adventure.\",\"isPartOf\":{\"@id\":\"https:\\\/\\\/bmtravelport.cl\\\/es\\\/#website\"},\"primaryImageOfPage\":{\"@id\":\"https:\\\/\\\/bmtravelport.cl\\\/es\\\/producto\\\/kayaking-on-lake-llanquihue\\\/#primaryimage\"},\"image\":{\"@id\":\"https:\\\/\\\/bmtravelport.cl\\\/es\\\/producto\\\/kayaking-on-lake-llanquihue\\\/#primaryimage\"},\"thumbnailUrl\":\"https:\\\/\\\/i0.wp.com\\\/bmtravelport.cl\\\/wp-content\\\/uploads\\\/2024\\\/11\\\/Laguna_Escondida_Woo-scaled.webp?fit=2560%2C2560&ssl=1\",\"datePublished\":\"2024-11-18T23:46:20+00:00\",\"dateModified\":\"2024-12-01T18:43:17+00:00\",\"description\":\"Kayaking on Lake Llanquihue offers breathtaking volcano views, professional guides, and a memorable half-day adventure. Perfect for nature enthusiasts.\",\"breadcrumb\":{\"@id\":\"https:\\\/\\\/bmtravelport.cl\\\/es\\\/producto\\\/kayaking-on-lake-llanquihue\\\/#breadcrumb\"},\"inLanguage\":\"es-CL\",\"potentialAction\":[{\"@type\":\"ReadAction\",\"target\":[\"https:\\\/\\\/bmtravelport.cl\\\/es\\\/producto\\\/kayaking-on-lake-llanquihue\\\/\"]}]},{\"@type\":\"ImageObject\",\"inLanguage\":\"es-CL\",\"@id\":\"https:\\\/\\\/bmtravelport.cl\\\/es\\\/producto\\\/kayaking-on-lake-llanquihue\\\/#primaryimage\",\"url\":\"https:\\\/\\\/i0.wp.com\\\/bmtravelport.cl\\\/wp-content\\\/uploads\\\/2024\\\/11\\\/Laguna_Escondida_Woo-scaled.webp?fit=2560%2C2560&ssl=1\",\"contentUrl\":\"https:\\\/\\\/i0.wp.com\\\/bmtravelport.cl\\\/wp-content\\\/uploads\\\/2024\\\/11\\\/Laguna_Escondida_Woo-scaled.webp?fit=2560%2C2560&ssl=1\",\"width\":2560,\"height\":2560,\"caption\":\"Travel Chile with BMTravelport Kayaking on Lake Llanquihue\"},{\"@type\":\"BreadcrumbList\",\"@id\":\"https:\\\/\\\/bmtravelport.cl\\\/es\\\/producto\\\/kayaking-on-lake-llanquihue\\\/#breadcrumb\",\"itemListElement\":[{\"@type\":\"ListItem\",\"position\":1,\"name\":\"Home\",\"item\":\"https:\\\/\\\/bmtravelport.cl\\\/es\\\/\"},{\"@type\":\"ListItem\",\"position\":2,\"name\":\"Let&#8217;s Travel\",\"item\":\"https:\\\/\\\/bmtravelport.cl\\\/lets-travel\\\/\"},{\"@type\":\"ListItem\",\"position\":3,\"name\":\"Kayaking on Lake Llanquihue\"}]},{\"@type\":\"WebSite\",\"@id\":\"https:\\\/\\\/bmtravelport.cl\\\/es\\\/#website\",\"url\":\"https:\\\/\\\/bmtravelport.cl\\\/es\\\/\",\"name\":\"BM Travelport\",\"description\":\"Let\u00b4s travel\",\"publisher\":{\"@id\":\"https:\\\/\\\/bmtravelport.cl\\\/es\\\/#organization\"},\"potentialAction\":[{\"@type\":\"SearchAction\",\"target\":{\"@type\":\"EntryPoint\",\"urlTemplate\":\"https:\\\/\\\/bmtravelport.cl\\\/es\\\/?s={search_term_string}\"},\"query-input\":{\"@type\":\"PropertyValueSpecification\",\"valueRequired\":true,\"valueName\":\"search_term_string\"}}],\"inLanguage\":\"es-CL\"},{\"@type\":\"Organization\",\"@id\":\"https:\\\/\\\/bmtravelport.cl\\\/es\\\/#organization\",\"name\":\"BM Travelport\",\"url\":\"https:\\\/\\\/bmtravelport.cl\\\/es\\\/\",\"logo\":{\"@type\":\"ImageObject\",\"inLanguage\":\"es-CL\",\"@id\":\"https:\\\/\\\/bmtravelport.cl\\\/es\\\/#\\\/schema\\\/logo\\\/image\\\/\",\"url\":\"https:\\\/\\\/i0.wp.com\\\/bmtravelport.cl\\\/wp-content\\\/uploads\\\/2024\\\/11\\\/BMTravelport-Logotipo.webp?fit=2364%2C2364&ssl=1\",\"contentUrl\":\"https:\\\/\\\/i0.wp.com\\\/bmtravelport.cl\\\/wp-content\\\/uploads\\\/2024\\\/11\\\/BMTravelport-Logotipo.webp?fit=2364%2C2364&ssl=1\",\"width\":2364,\"height\":2364,\"caption\":\"BM Travelport\"},\"image\":{\"@id\":\"https:\\\/\\\/bmtravelport.cl\\\/es\\\/#\\\/schema\\\/logo\\\/image\\\/\"},\"sameAs\":[\"https:\\\/\\\/www.facebook.com\\\/bmtravelport\",\"https:\\\/\\\/x.com\\\/BMTravelport\",\"https:\\\/\\\/www.instagram.com\\\/bmtravelport\\\/\"]}]}<\/script>\n<!-- \/ Yoast SEO plugin. -->","yoast_head_json":{"title":"Kayaking on Lake Llanquihue \u2013 Half-Day Adventure.","description":"Hacer kayak en el lago Llanquihue ofrece vistas impresionantes del volc\u00e1n, gu\u00edas profesionales y una aventura de medio d\u00eda inolvidable. Perfecto para los amantes de la naturaleza.","robots":{"index":"index","follow":"follow","max-snippet":"max-snippet:-1","max-image-preview":"max-image-preview:large","max-video-preview":"max-video-preview:-1"},"canonical":"https:\/\/bmtravelport.cl\/es\/producto\/kayaking-on-lake-llanquihue\/","og_locale":"es_ES","og_type":"article","og_title":"Kayaking on Lake Llanquihue \u2013 Half-Day Adventure.","og_description":"Kayaking on Lake Llanquihue offers breathtaking volcano views, professional guides, and a memorable half-day adventure. Perfect for nature enthusiasts.","og_url":"https:\/\/bmtravelport.cl\/es\/producto\/kayaking-on-lake-llanquihue\/","og_site_name":"BM Travelport","article_publisher":"https:\/\/www.facebook.com\/bmtravelport","article_modified_time":"2024-12-01T18:43:17+00:00","og_image":[{"width":2560,"height":2560,"url":"https:\/\/bmtravelport.cl\/wp-content\/uploads\/2024\/11\/Laguna_Escondida_Woo-scaled.webp","type":"image\/webp"}],"twitter_card":"summary_large_image","twitter_site":"@BMTravelport","twitter_misc":{"Tiempo estimado de lectura":"3 minutos"},"schema":{"@context":"https:\/\/schema.org","@graph":[{"@type":"WebPage","@id":"https:\/\/bmtravelport.cl\/es\/producto\/kayaking-on-lake-llanquihue\/","url":"https:\/\/bmtravelport.cl\/es\/producto\/kayaking-on-lake-llanquihue\/","name":"Kayaking on Lake Llanquihue \u2013 Half-Day Adventure.","isPartOf":{"@id":"https:\/\/bmtravelport.cl\/es\/#website"},"primaryImageOfPage":{"@id":"https:\/\/bmtravelport.cl\/es\/producto\/kayaking-on-lake-llanquihue\/#primaryimage"},"image":{"@id":"https:\/\/bmtravelport.cl\/es\/producto\/kayaking-on-lake-llanquihue\/#primaryimage"},"thumbnailUrl":"https:\/\/i0.wp.com\/bmtravelport.cl\/wp-content\/uploads\/2024\/11\/Laguna_Escondida_Woo-scaled.webp?fit=2560%2C2560&ssl=1","datePublished":"2024-11-18T23:46:20+00:00","dateModified":"2024-12-01T18:43:17+00:00","description":"Hacer kayak en el lago Llanquihue ofrece vistas impresionantes del volc\u00e1n, gu\u00edas profesionales y una aventura de medio d\u00eda inolvidable. Perfecto para los amantes de la naturaleza.","breadcrumb":{"@id":"https:\/\/bmtravelport.cl\/es\/producto\/kayaking-on-lake-llanquihue\/#breadcrumb"},"inLanguage":"es-CL","potentialAction":[{"@type":"ReadAction","target":["https:\/\/bmtravelport.cl\/es\/producto\/kayaking-on-lake-llanquihue\/"]}]},{"@type":"ImageObject","inLanguage":"es-CL","@id":"https:\/\/bmtravelport.cl\/es\/producto\/kayaking-on-lake-llanquihue\/#primaryimage","url":"https:\/\/i0.wp.com\/bmtravelport.cl\/wp-content\/uploads\/2024\/11\/Laguna_Escondida_Woo-scaled.webp?fit=2560%2C2560&ssl=1","contentUrl":"https:\/\/i0.wp.com\/bmtravelport.cl\/wp-content\/uploads\/2024\/11\/Laguna_Escondida_Woo-scaled.webp?fit=2560%2C2560&ssl=1","width":2560,"height":2560,"caption":"Travel Chile with BMTravelport Kayaking on Lake Llanquihue"},{"@type":"BreadcrumbList","@id":"https:\/\/bmtravelport.cl\/es\/producto\/kayaking-on-lake-llanquihue\/#breadcrumb","itemListElement":[{"@type":"ListItem","position":1,"name":"Home","item":"https:\/\/bmtravelport.cl\/es\/"},{"@type":"ListItem","position":2,"name":"Let&#8217;s Travel","item":"https:\/\/bmtravelport.cl\/lets-travel\/"},{"@type":"ListItem","position":3,"name":"Kayaking on Lake Llanquihue"}]},{"@type":"WebSite","@id":"https:\/\/bmtravelport.cl\/es\/#website","url":"https:\/\/bmtravelport.cl\/es\/","name":"BM Travelport","description":"Vamos de viaje","publisher":{"@id":"https:\/\/bmtravelport.cl\/es\/#organization"},"potentialAction":[{"@type":"SearchAction","target":{"@type":"EntryPoint","urlTemplate":"https:\/\/bmtravelport.cl\/es\/?s={search_term_string}"},"query-input":{"@type":"PropertyValueSpecification","valueRequired":true,"valueName":"search_term_string"}}],"inLanguage":"es-CL"},{"@type":"Organization","@id":"https:\/\/bmtravelport.cl\/es\/#organization","name":"BM Travelport","url":"https:\/\/bmtravelport.cl\/es\/","logo":{"@type":"ImageObject","inLanguage":"es-CL","@id":"https:\/\/bmtravelport.cl\/es\/#\/schema\/logo\/image\/","url":"https:\/\/i0.wp.com\/bmtravelport.cl\/wp-content\/uploads\/2024\/11\/BMTravelport-Logotipo.webp?fit=2364%2C2364&ssl=1","contentUrl":"https:\/\/i0.wp.com\/bmtravelport.cl\/wp-content\/uploads\/2024\/11\/BMTravelport-Logotipo.webp?fit=2364%2C2364&ssl=1","width":2364,"height":2364,"caption":"BM Travelport"},"image":{"@id":"https:\/\/bmtravelport.cl\/es\/#\/schema\/logo\/image\/"},"sameAs":["https:\/\/www.facebook.com\/bmtravelport","https:\/\/x.com\/BMTravelport","https:\/\/www.instagram.com\/bmtravelport\/"]}]}},"jetpack_publicize_connections":[],"jetpack_likes_enabled":false,"jetpack_sharing_enabled":true,"_links":{"self":[{"href":"https:\/\/bmtravelport.cl\/es\/wp-json\/wp\/v2\/product\/1945","targetHints":{"allow":["GET"]}}],"collection":[{"href":"https:\/\/bmtravelport.cl\/es\/wp-json\/wp\/v2\/product"}],"about":[{"href":"https:\/\/bmtravelport.cl\/es\/wp-json\/wp\/v2\/types\/product"}],"replies":[{"embeddable":true,"href":"https:\/\/bmtravelport.cl\/es\/wp-json\/wp\/v2\/comments?post=1945"}],"wp:featuredmedia":[{"embeddable":true,"href":"https:\/\/bmtravelport.cl\/es\/wp-json\/wp\/v2\/media\/1980"}],"wp:attachment":[{"href":"https:\/\/bmtravelport.cl\/es\/wp-json\/wp\/v2\/media?parent=1945"}],"wp:term":[{"taxonomy":"product_brand","embeddable":true,"href":"https:\/\/bmtravelport.cl\/es\/wp-json\/wp\/v2\/product_brand?post=1945"},{"taxonomy":"product_cat","embeddable":true,"href":"https:\/\/bmtravelport.cl\/es\/wp-json\/wp\/v2\/product_cat?post=1945"},{"taxonomy":"product_tag","embeddable":true,"href":"https:\/\/bmtravelport.cl\/es\/wp-json\/wp\/v2\/product_tag?post=1945"}],"curies":[{"name":"wp","href":"https:\/\/api.w.org\/{rel}","templated":true}]}}