{"id":1510,"date":"2024-11-13T16:08:29","date_gmt":"2024-11-13T16:08:29","guid":{"rendered":"https:\/\/bmtravelport.cl\/?post_type=product&#038;p=1510"},"modified":"2024-12-01T18:43:20","modified_gmt":"2024-12-01T18:43:20","slug":"chiloe-ancud-penguin-tour","status":"publish","type":"product","link":"https:\/\/bmtravelport.cl\/es\/producto\/chiloe-ancud-penguin-tour\/","title":{"rendered":"Tour de ping\u00fcinos de Ancud en Chilo\u00e9"},"content":{"rendered":"<p><!-- Surrounding Container with Two Divs for Images --><\/p>\n<div style=\"width: 100%; padding: 10px; border: 1px solid #ccc; box-sizing: border-box;\">\n<div style=\"display: flex; gap: 10px;\"><!-- Left Image --><\/p>\n<div style=\"width: 66%; display: flex; align-items: center; overflow: hidden;\"><img data-recalc-dims=\"1\" decoding=\"async\" style=\"width: 100%; height: 300px; object-fit: cover;\" src=\"https:\/\/i0.wp.com\/bmtravelport.cl\/wp-content\/uploads\/2024\/11\/bmtravelport-portada2.webp?ssl=1\" alt=\"Chilo\u00e9 Ancud Penguin Tour - Exploring Natural Beauty\" \/><\/div>\n<p><!-- Right Image --><\/p>\n<div style=\"width: 33%; display: flex; align-items: center; overflow: hidden;\"><img data-recalc-dims=\"1\" decoding=\"async\" style=\"width: 100%; height: 300px; object-fit: cover;\" src=\"https:\/\/i0.wp.com\/bmtravelport.cl\/wp-content\/uploads\/2024\/11\/Firefly-Un-grupo-de-pinguinos-de-Magallanes-en-su-habitat-natural-rodeados-de-rocas-cubie.webp?ssl=1\" alt=\"Chilo\u00e9 Ancud Penguin Tour - Witness Unique Wildlife\" \/><\/div>\n<\/div>\n<\/div>\n<h1>Tour Ping\u00fcino Chilo\u00e9 Ancud: Un Viaje Natural y Cultural<\/h1>\n<p>En primer lugar, experimente la <strong>Tour de ping\u00fcinos de Ancud en Chilo\u00e9<\/strong>, una combinaci\u00f3n perfecta de naturaleza, historia y vida salvaje. Este viaje de 10 horas comienza con un viaje en ferry a trav\u00e9s del <a href=\"https:\/\/en.wikipedia.org\/wiki\/Chacao_Channel\" target=\"_blank\" rel=\"noopener\">Canal de Chacao<\/a>, que ofrece impresionantes vistas de los paisajes \u00fanicos de la isla. Adem\u00e1s, es la forma ideal de explorar las maravillas de Chilo\u00e9.<\/p>\n<h2>Explora el patrimonio de Chacao y la cultura de Ancud en el Tour de los Ping\u00fcinos<\/h2>\n<p>Para empezar, su recorrido comienza en Chacao, donde visitar\u00e1 el <a href=\"https:\/\/en.wikipedia.org\/wiki\/Chilo%C3%A9_Island#Localidad_de_Chacao\" target=\"_blank\" rel=\"noopener\">Iglesia hist\u00f3rica y plaza principal<\/a>Aqu\u00ed podr\u00e1 conectarse con el rico patrimonio cultural de la regi\u00f3n. Luego, contin\u00fae hasta Ancud, hogar de una bulliciosa <a href=\"https:\/\/en.wikipedia.org\/wiki\/Ancud\" target=\"_blank\" rel=\"noopener\">mercado<\/a>, el <a href=\"https:\/\/en.wikipedia.org\/wiki\/Fort_of_San_Antonio_(Chile)\" target=\"_blank\" rel=\"noopener\">Fuerte de San Antonio<\/a>y un museo que muestra el fascinante pasado de Chilo\u00e9.<\/p>\n<h2>Encuentros inolvidables con la vida silvestre en los Islotes de Pu\u00f1ih\u00fcil en el Tour de Ping\u00fcinos de Ancud<\/h2>\n<p>Adem\u00e1s, uno de los aspectos m\u00e1s destacados de la <strong>Tour de ping\u00fcinos<\/strong> est\u00e1 visitando el <a href=\"https:\/\/en.wikipedia.org\/wiki\/Islotes_de_Pu%C3%B1ih%C3%BCil\" target=\"_blank\" rel=\"noopener\">Islotes de Pu\u00f1ih\u00fcil<\/a>Aqu\u00ed conviven en armon\u00eda ping\u00fcinos de Humboldt y de Magallanes, lo que lo convierte en un destino de vida silvestre \u00fanico. Adem\u00e1s, es posible avistar juguetonas nutrias marinas y majestuosos lobos marinos, lo que convierte esta parada en una experiencia inolvidable para todos los amantes de la naturaleza.<\/p>\n<h2>Lo m\u00e1s destacado del tour de ping\u00fcinos de Ancud en Chilo\u00e9<\/h2>\n<p>Saliendo de <a href=\"https:\/\/en.wikipedia.org\/wiki\/Puerto_Varas\" target=\"_blank\" rel=\"noopener\">Puerto Varas<\/a>Este viaje incluye transporte y gu\u00eda experta, lo que garantiza una aventura memorable. El tama\u00f1o reducido del grupo mejora la exploraci\u00f3n y permite una experiencia m\u00e1s personalizada y enriquecedora. Las comidas y la navegaci\u00f3n opcional para ver ping\u00fcinos est\u00e1n excluidas, pero se pueden agregar en el lugar.<\/p>\n<h2>\u00bfPor qu\u00e9 elegir el Tour Ping\u00fcino de Ancud Chilo\u00e9?<\/h2>\n<p>Ya sea que visite la isla de Chilo\u00e9 por primera vez o regrese, este recorrido ofrece una combinaci\u00f3n de paseos panor\u00e1micos en ferry, sitios hist\u00f3ricos y encuentros con la vibrante vida silvestre. <strong>Tour de ping\u00fcinos de Ancud<\/strong> Est\u00e1 dirigido por gu\u00edas expertos que brindan informaci\u00f3n que enriquecer\u00e1 su viaje. Es la opci\u00f3n perfecta para familias, parejas y viajeros en solitario.<\/p>\n<h2>Planifique hoy su visita a la isla de Chilo\u00e9<\/h2>\n<ul>\n<li><a href=\"https:\/\/en.wikipedia.org\/wiki\/Chacao_Channel\" target=\"_new\" rel=\"noopener\">Descubra el Canal de Chacao<\/a><\/li>\n<li><a href=\"https:\/\/en.wikipedia.org\/wiki\/Chilo%C3%A9_Island#Localidad_de_Chacao\" target=\"_new\" rel=\"noopener\">Explora la rica historia de la isla de Chilo\u00e9<\/a><\/li>\n<li><a href=\"https:\/\/en.wikipedia.org\/wiki\/Ancud\" target=\"_new\" rel=\"noopener\">Conozca la cultura de Ancud<\/a><\/li>\n<li><a href=\"https:\/\/en.wikipedia.org\/wiki\/Fort_of_San_Antonio_(Chile)\" target=\"_new\" rel=\"noopener\">Visita el Fuerte de San Antonio<\/a><\/li>\n<li><a href=\"https:\/\/en.wikipedia.org\/wiki\/Islotes_de_Pu%C3%B1ih%C3%BCil\" target=\"_new\" rel=\"noopener\">Entender los Islotes de Pu\u00f1ih\u00fcil<\/a><\/li>\n<li><a href=\"https:\/\/en.wikipedia.org\/wiki\/Puerto_Varas\" target=\"_new\" rel=\"noopener\">Descubre m\u00e1s sobre Puerto Varas<\/a><\/li>\n<\/ul>\n<p><a class=\"cta-button\" href=\"https:\/\/bmtravelport.cl\/lets-travel\/\">Explorar m\u00e1s<\/a><\/p>","protected":false},"excerpt":{"rendered":"[woocs sd=1]\n<h3>Chilo\u00e9 Ancud Penguin Tour<\/h3>\n<p>Join our Chilo\u00e9 Ancud Penguin Tour for a day of exploration and adventure on Chilo\u00e9 Island. Visit historic sites, vibrant markets, and witness unique wildlife on the Penguin Islands.<\/p>\n<div style=\"width: 100%; padding: 20px; border: 1px solid #ccc; box-shadow: 0 4px 10px rgba(0, 0, 0, 0.1); border-radius: 10px; background-color: #f9f9f9; margin: 20px 0; box-sizing: border-box;\">\n<h2 style=\"font-family: Arial, sans-serif; font-size: 18px; color: #333; text-align: center; margin: 0 0 10px;\">The Following Fare:<\/h2>\n<p style=\"font-family: Arial, sans-serif; font-size: 16px; color: #333; text-align: center; margin: 0;\"><strong>Includes: <span style=\"color: #339966;\">\u2713<\/span> Round trip transportation, Tour Guide.<\/strong><\/p>\n<p style=\"font-family: Arial, sans-serif; font-size: 16px; color: #333; text-align: center; margin: 0;\"><strong>Not included: <span style=\"color: #ff0000;\">\u2718<\/span> Food, Navigation in Pu\u00f1ihuil, Museum entrance.<\/strong><\/p>\n<\/div>\n","protected":false},"featured_media":1517,"comment_status":"open","ping_status":"closed","template":"","meta":{"site-sidebar-layout":"default","site-content-layout":"","ast-site-content-layout":"default","site-content-style":"default","site-sidebar-style":"default","ast-global-header-display":"","ast-banner-title-visibility":"","ast-main-header-display":"","ast-hfb-above-header-display":"","ast-hfb-below-header-display":"","ast-hfb-mobile-header-display":"","site-post-title":"","ast-breadcrumbs-content":"","ast-featured-img":"","footer-sml-layout":"","ast-disable-related-posts":"","theme-transparent-header-meta":"default","adv-header-id-meta":"","stick-header-meta":"","header-above-stick-meta":"","header-main-stick-meta":"","header-below-stick-meta":"","astra-migrate-meta-layouts":"set","ast-page-background-enabled":"default","ast-page-background-meta":{"desktop":{"background-color":"var(--ast-global-color-4)","background-image":"","background-repeat":"repeat","background-position":"center center","background-size":"auto","background-attachment":"scroll","background-type":"","background-media":"","overlay-type":"","overlay-color":"","overlay-opacity":"","overlay-gradient":""},"tablet":{"background-color":"","background-image":"","background-repeat":"repeat","background-position":"center center","background-size":"auto","background-attachment":"scroll","background-type":"","background-media":"","overlay-type":"","overlay-color":"","overlay-opacity":"","overlay-gradient":""},"mobile":{"background-color":"","background-image":"","background-repeat":"repeat","background-position":"center center","background-size":"auto","background-attachment":"scroll","background-type":"","background-media":"","overlay-type":"","overlay-color":"","overlay-opacity":"","overlay-gradient":""}},"ast-content-background-meta":{"desktop":{"background-color":"var(--ast-global-color-5)","background-image":"","background-repeat":"repeat","background-position":"center center","background-size":"auto","background-attachment":"scroll","background-type":"","background-media":"","overlay-type":"","overlay-color":"","overlay-opacity":"","overlay-gradient":""},"tablet":{"background-color":"var(--ast-global-color-5)","background-image":"","background-repeat":"repeat","background-position":"center center","background-size":"auto","background-attachment":"scroll","background-type":"","background-media":"","overlay-type":"","overlay-color":"","overlay-opacity":"","overlay-gradient":""},"mobile":{"background-color":"var(--ast-global-color-5)","background-image":"","background-repeat":"repeat","background-position":"center center","background-size":"auto","background-attachment":"scroll","background-type":"","background-media":"","overlay-type":"","overlay-color":"","overlay-opacity":"","overlay-gradient":""}},"_joinchat":[],"jetpack_publicize_message":"","jetpack_publicize_feature_enabled":true,"jetpack_social_post_already_shared":false,"jetpack_social_options":{"image_generator_settings":{"template":"highway","default_image_id":0,"font":"","enabled":false},"version":2}},"product_brand":[],"product_cat":[111,144,100],"product_tag":[146,172,176,174],"class_list":{"0":"post-1510","1":"product","2":"type-product","3":"status-publish","4":"has-post-thumbnail","6":"product_cat-base-puerto-varas","7":"product_cat-full-day","8":"product_cat-shared","9":"product_tag-chiloe","10":"product_tag-fullday","11":"product_tag-penguins","12":"product_tag-punihuil","13":"pa_age-adult","14":"pa_age-child","15":"pa_age-senior","16":"desktop-align-center","17":"tablet-align-left","18":"mobile-align-left","20":"first","21":"instock","22":"shipping-taxable","23":"purchasable","24":"product-type-variable"},"yoast_head":"<!-- This site is optimized with the Yoast SEO plugin v27.4 - https:\/\/yoast.com\/product\/yoast-seo-wordpress\/ -->\n<title>Chilo\u00e9 Ancud Penguin Tour - Discover Chilo\u00e9&#039;s Magic!<\/title>\n<meta name=\"description\" content=\"Chilo\u00e9 Ancud Penguin Tour: Explore the magic of Chilo\u00e9, visit Ancud, Chacao, and the Penguin Islands with a guided 10-hour excursion.\" \/>\n<meta name=\"robots\" content=\"index, follow, max-snippet:-1, max-image-preview:large, max-video-preview:-1\" \/>\n<link rel=\"canonical\" href=\"https:\/\/bmtravelport.cl\/es\/producto\/chiloe-ancud-penguin-tour\/\" \/>\n<meta property=\"og:locale\" content=\"es_ES\" \/>\n<meta property=\"og:type\" content=\"article\" \/>\n<meta property=\"og:title\" content=\"Chilo\u00e9 Ancud Penguin Tour - Discover Chilo\u00e9&#039;s Magic!\" \/>\n<meta property=\"og:description\" content=\"Chilo\u00e9 Ancud Penguin Tour: Explore the magic of Chilo\u00e9, visit Ancud, Chacao, and the Penguin Islands with a guided 10-hour excursion.\" \/>\n<meta property=\"og:url\" content=\"https:\/\/bmtravelport.cl\/es\/producto\/chiloe-ancud-penguin-tour\/\" \/>\n<meta property=\"og:site_name\" content=\"BM Travelport\" \/>\n<meta property=\"article:publisher\" content=\"https:\/\/www.facebook.com\/bmtravelport\" \/>\n<meta property=\"article:modified_time\" content=\"2024-12-01T18:43:20+00:00\" \/>\n<meta property=\"og:image\" content=\"https:\/\/bmtravelport.cl\/wp-content\/uploads\/2024\/11\/PenguinsPunihuil-scaled.webp\" \/>\n\t<meta property=\"og:image:width\" content=\"2560\" \/>\n\t<meta property=\"og:image:height\" content=\"2560\" \/>\n\t<meta property=\"og:image:type\" content=\"image\/webp\" \/>\n<meta name=\"twitter:card\" content=\"summary_large_image\" \/>\n<meta name=\"twitter:site\" content=\"@BMTravelport\" \/>\n<meta name=\"twitter:label1\" content=\"Tiempo estimado de lectura\" \/>\n\t<meta name=\"twitter:data1\" content=\"3 minutos\" \/>\n<script type=\"application\/ld+json\" class=\"yoast-schema-graph\">{\"@context\":\"https:\\\/\\\/schema.org\",\"@graph\":[{\"@type\":\"WebPage\",\"@id\":\"https:\\\/\\\/bmtravelport.cl\\\/es\\\/producto\\\/chiloe-ancud-penguin-tour\\\/\",\"url\":\"https:\\\/\\\/bmtravelport.cl\\\/es\\\/producto\\\/chiloe-ancud-penguin-tour\\\/\",\"name\":\"Chilo\u00e9 Ancud Penguin Tour - Discover Chilo\u00e9's Magic!\",\"isPartOf\":{\"@id\":\"https:\\\/\\\/bmtravelport.cl\\\/es\\\/#website\"},\"primaryImageOfPage\":{\"@id\":\"https:\\\/\\\/bmtravelport.cl\\\/es\\\/producto\\\/chiloe-ancud-penguin-tour\\\/#primaryimage\"},\"image\":{\"@id\":\"https:\\\/\\\/bmtravelport.cl\\\/es\\\/producto\\\/chiloe-ancud-penguin-tour\\\/#primaryimage\"},\"thumbnailUrl\":\"https:\\\/\\\/i0.wp.com\\\/bmtravelport.cl\\\/wp-content\\\/uploads\\\/2024\\\/11\\\/PenguinsPunihuil-scaled.webp?fit=2560%2C2560&ssl=1\",\"datePublished\":\"2024-11-13T16:08:29+00:00\",\"dateModified\":\"2024-12-01T18:43:20+00:00\",\"description\":\"Chilo\u00e9 Ancud Penguin Tour: Explore the magic of Chilo\u00e9, visit Ancud, Chacao, and the Penguin Islands with a guided 10-hour excursion.\",\"breadcrumb\":{\"@id\":\"https:\\\/\\\/bmtravelport.cl\\\/es\\\/producto\\\/chiloe-ancud-penguin-tour\\\/#breadcrumb\"},\"inLanguage\":\"es-CL\",\"potentialAction\":[{\"@type\":\"ReadAction\",\"target\":[\"https:\\\/\\\/bmtravelport.cl\\\/es\\\/producto\\\/chiloe-ancud-penguin-tour\\\/\"]}]},{\"@type\":\"ImageObject\",\"inLanguage\":\"es-CL\",\"@id\":\"https:\\\/\\\/bmtravelport.cl\\\/es\\\/producto\\\/chiloe-ancud-penguin-tour\\\/#primaryimage\",\"url\":\"https:\\\/\\\/i0.wp.com\\\/bmtravelport.cl\\\/wp-content\\\/uploads\\\/2024\\\/11\\\/PenguinsPunihuil-scaled.webp?fit=2560%2C2560&ssl=1\",\"contentUrl\":\"https:\\\/\\\/i0.wp.com\\\/bmtravelport.cl\\\/wp-content\\\/uploads\\\/2024\\\/11\\\/PenguinsPunihuil-scaled.webp?fit=2560%2C2560&ssl=1\",\"width\":2560,\"height\":2560,\"caption\":\"Chilo\u00e9 Ancud Penguin Tour\"},{\"@type\":\"BreadcrumbList\",\"@id\":\"https:\\\/\\\/bmtravelport.cl\\\/es\\\/producto\\\/chiloe-ancud-penguin-tour\\\/#breadcrumb\",\"itemListElement\":[{\"@type\":\"ListItem\",\"position\":1,\"name\":\"Home\",\"item\":\"https:\\\/\\\/bmtravelport.cl\\\/es\\\/\"},{\"@type\":\"ListItem\",\"position\":2,\"name\":\"Let&#8217;s Travel\",\"item\":\"https:\\\/\\\/bmtravelport.cl\\\/lets-travel\\\/\"},{\"@type\":\"ListItem\",\"position\":3,\"name\":\"Chilo\u00e9 Ancud Penguin Tour\"}]},{\"@type\":\"WebSite\",\"@id\":\"https:\\\/\\\/bmtravelport.cl\\\/es\\\/#website\",\"url\":\"https:\\\/\\\/bmtravelport.cl\\\/es\\\/\",\"name\":\"BM Travelport\",\"description\":\"Let\u00b4s travel\",\"publisher\":{\"@id\":\"https:\\\/\\\/bmtravelport.cl\\\/es\\\/#organization\"},\"potentialAction\":[{\"@type\":\"SearchAction\",\"target\":{\"@type\":\"EntryPoint\",\"urlTemplate\":\"https:\\\/\\\/bmtravelport.cl\\\/es\\\/?s={search_term_string}\"},\"query-input\":{\"@type\":\"PropertyValueSpecification\",\"valueRequired\":true,\"valueName\":\"search_term_string\"}}],\"inLanguage\":\"es-CL\"},{\"@type\":\"Organization\",\"@id\":\"https:\\\/\\\/bmtravelport.cl\\\/es\\\/#organization\",\"name\":\"BM Travelport\",\"url\":\"https:\\\/\\\/bmtravelport.cl\\\/es\\\/\",\"logo\":{\"@type\":\"ImageObject\",\"inLanguage\":\"es-CL\",\"@id\":\"https:\\\/\\\/bmtravelport.cl\\\/es\\\/#\\\/schema\\\/logo\\\/image\\\/\",\"url\":\"https:\\\/\\\/i0.wp.com\\\/bmtravelport.cl\\\/wp-content\\\/uploads\\\/2024\\\/11\\\/BMTravelport-Logotipo.webp?fit=2364%2C2364&ssl=1\",\"contentUrl\":\"https:\\\/\\\/i0.wp.com\\\/bmtravelport.cl\\\/wp-content\\\/uploads\\\/2024\\\/11\\\/BMTravelport-Logotipo.webp?fit=2364%2C2364&ssl=1\",\"width\":2364,\"height\":2364,\"caption\":\"BM Travelport\"},\"image\":{\"@id\":\"https:\\\/\\\/bmtravelport.cl\\\/es\\\/#\\\/schema\\\/logo\\\/image\\\/\"},\"sameAs\":[\"https:\\\/\\\/www.facebook.com\\\/bmtravelport\",\"https:\\\/\\\/x.com\\\/BMTravelport\",\"https:\\\/\\\/www.instagram.com\\\/bmtravelport\\\/\"]}]}<\/script>\n<!-- \/ Yoast SEO plugin. -->","yoast_head_json":{"title":"Chilo\u00e9 Ancud Penguin Tour - Discover Chilo\u00e9's Magic!","description":"Chilo\u00e9 Ancud Penguin Tour: Explore the magic of Chilo\u00e9, visit Ancud, Chacao, and the Penguin Islands with a guided 10-hour excursion.","robots":{"index":"index","follow":"follow","max-snippet":"max-snippet:-1","max-image-preview":"max-image-preview:large","max-video-preview":"max-video-preview:-1"},"canonical":"https:\/\/bmtravelport.cl\/es\/producto\/chiloe-ancud-penguin-tour\/","og_locale":"es_ES","og_type":"article","og_title":"Chilo\u00e9 Ancud Penguin Tour - Discover Chilo\u00e9's Magic!","og_description":"Chilo\u00e9 Ancud Penguin Tour: Explore the magic of Chilo\u00e9, visit Ancud, Chacao, and the Penguin Islands with a guided 10-hour excursion.","og_url":"https:\/\/bmtravelport.cl\/es\/producto\/chiloe-ancud-penguin-tour\/","og_site_name":"BM Travelport","article_publisher":"https:\/\/www.facebook.com\/bmtravelport","article_modified_time":"2024-12-01T18:43:20+00:00","og_image":[{"width":2560,"height":2560,"url":"https:\/\/bmtravelport.cl\/wp-content\/uploads\/2024\/11\/PenguinsPunihuil-scaled.webp","type":"image\/webp"}],"twitter_card":"summary_large_image","twitter_site":"@BMTravelport","twitter_misc":{"Tiempo estimado de lectura":"3 minutos"},"schema":{"@context":"https:\/\/schema.org","@graph":[{"@type":"WebPage","@id":"https:\/\/bmtravelport.cl\/es\/producto\/chiloe-ancud-penguin-tour\/","url":"https:\/\/bmtravelport.cl\/es\/producto\/chiloe-ancud-penguin-tour\/","name":"Chilo\u00e9 Ancud Penguin Tour - Discover Chilo\u00e9's Magic!","isPartOf":{"@id":"https:\/\/bmtravelport.cl\/es\/#website"},"primaryImageOfPage":{"@id":"https:\/\/bmtravelport.cl\/es\/producto\/chiloe-ancud-penguin-tour\/#primaryimage"},"image":{"@id":"https:\/\/bmtravelport.cl\/es\/producto\/chiloe-ancud-penguin-tour\/#primaryimage"},"thumbnailUrl":"https:\/\/i0.wp.com\/bmtravelport.cl\/wp-content\/uploads\/2024\/11\/PenguinsPunihuil-scaled.webp?fit=2560%2C2560&ssl=1","datePublished":"2024-11-13T16:08:29+00:00","dateModified":"2024-12-01T18:43:20+00:00","description":"Chilo\u00e9 Ancud Penguin Tour: Explore the magic of Chilo\u00e9, visit Ancud, Chacao, and the Penguin Islands with a guided 10-hour excursion.","breadcrumb":{"@id":"https:\/\/bmtravelport.cl\/es\/producto\/chiloe-ancud-penguin-tour\/#breadcrumb"},"inLanguage":"es-CL","potentialAction":[{"@type":"ReadAction","target":["https:\/\/bmtravelport.cl\/es\/producto\/chiloe-ancud-penguin-tour\/"]}]},{"@type":"ImageObject","inLanguage":"es-CL","@id":"https:\/\/bmtravelport.cl\/es\/producto\/chiloe-ancud-penguin-tour\/#primaryimage","url":"https:\/\/i0.wp.com\/bmtravelport.cl\/wp-content\/uploads\/2024\/11\/PenguinsPunihuil-scaled.webp?fit=2560%2C2560&ssl=1","contentUrl":"https:\/\/i0.wp.com\/bmtravelport.cl\/wp-content\/uploads\/2024\/11\/PenguinsPunihuil-scaled.webp?fit=2560%2C2560&ssl=1","width":2560,"height":2560,"caption":"Chilo\u00e9 Ancud Penguin Tour"},{"@type":"BreadcrumbList","@id":"https:\/\/bmtravelport.cl\/es\/producto\/chiloe-ancud-penguin-tour\/#breadcrumb","itemListElement":[{"@type":"ListItem","position":1,"name":"Home","item":"https:\/\/bmtravelport.cl\/es\/"},{"@type":"ListItem","position":2,"name":"Let&#8217;s Travel","item":"https:\/\/bmtravelport.cl\/lets-travel\/"},{"@type":"ListItem","position":3,"name":"Chilo\u00e9 Ancud Penguin Tour"}]},{"@type":"WebSite","@id":"https:\/\/bmtravelport.cl\/es\/#website","url":"https:\/\/bmtravelport.cl\/es\/","name":"BM Travelport","description":"Vamos de viaje","publisher":{"@id":"https:\/\/bmtravelport.cl\/es\/#organization"},"potentialAction":[{"@type":"SearchAction","target":{"@type":"EntryPoint","urlTemplate":"https:\/\/bmtravelport.cl\/es\/?s={search_term_string}"},"query-input":{"@type":"PropertyValueSpecification","valueRequired":true,"valueName":"search_term_string"}}],"inLanguage":"es-CL"},{"@type":"Organization","@id":"https:\/\/bmtravelport.cl\/es\/#organization","name":"BM Travelport","url":"https:\/\/bmtravelport.cl\/es\/","logo":{"@type":"ImageObject","inLanguage":"es-CL","@id":"https:\/\/bmtravelport.cl\/es\/#\/schema\/logo\/image\/","url":"https:\/\/i0.wp.com\/bmtravelport.cl\/wp-content\/uploads\/2024\/11\/BMTravelport-Logotipo.webp?fit=2364%2C2364&ssl=1","contentUrl":"https:\/\/i0.wp.com\/bmtravelport.cl\/wp-content\/uploads\/2024\/11\/BMTravelport-Logotipo.webp?fit=2364%2C2364&ssl=1","width":2364,"height":2364,"caption":"BM Travelport"},"image":{"@id":"https:\/\/bmtravelport.cl\/es\/#\/schema\/logo\/image\/"},"sameAs":["https:\/\/www.facebook.com\/bmtravelport","https:\/\/x.com\/BMTravelport","https:\/\/www.instagram.com\/bmtravelport\/"]}]}},"jetpack_publicize_connections":[],"jetpack_likes_enabled":false,"jetpack_sharing_enabled":true,"_links":{"self":[{"href":"https:\/\/bmtravelport.cl\/es\/wp-json\/wp\/v2\/product\/1510","targetHints":{"allow":["GET"]}}],"collection":[{"href":"https:\/\/bmtravelport.cl\/es\/wp-json\/wp\/v2\/product"}],"about":[{"href":"https:\/\/bmtravelport.cl\/es\/wp-json\/wp\/v2\/types\/product"}],"replies":[{"embeddable":true,"href":"https:\/\/bmtravelport.cl\/es\/wp-json\/wp\/v2\/comments?post=1510"}],"wp:featuredmedia":[{"embeddable":true,"href":"https:\/\/bmtravelport.cl\/es\/wp-json\/wp\/v2\/media\/1517"}],"wp:attachment":[{"href":"https:\/\/bmtravelport.cl\/es\/wp-json\/wp\/v2\/media?parent=1510"}],"wp:term":[{"taxonomy":"product_brand","embeddable":true,"href":"https:\/\/bmtravelport.cl\/es\/wp-json\/wp\/v2\/product_brand?post=1510"},{"taxonomy":"product_cat","embeddable":true,"href":"https:\/\/bmtravelport.cl\/es\/wp-json\/wp\/v2\/product_cat?post=1510"},{"taxonomy":"product_tag","embeddable":true,"href":"https:\/\/bmtravelport.cl\/es\/wp-json\/wp\/v2\/product_tag?post=1510"}],"curies":[{"name":"wp","href":"https:\/\/api.w.org\/{rel}","templated":true}]}}