{"id":1371,"date":"2024-11-08T01:42:04","date_gmt":"2024-11-08T01:42:04","guid":{"rendered":"https:\/\/bmtravelport.cl\/?post_type=product&#038;p=1371"},"modified":"2025-07-19T22:02:30","modified_gmt":"2025-07-19T22:02:30","slug":"del-sol-termal-springs","status":"publish","type":"product","link":"https:\/\/bmtravelport.cl\/es\/producto\/del-sol-termal-springs\/","title":{"rendered":"Termas \u201cDel Sol\u201d"},"content":{"rendered":"<p><!-- Surrounding Container with Two Divs for Images --><\/p>\n<div style=\"width: 100%; padding: 10px; border: 1px solid #ccc; box-sizing: border-box;\">\n<div style=\"display: flex; gap: 10px;\">\n<p><!-- Left Image --><\/p>\n<div style=\"width: 66%; display: flex; align-items: center; overflow: hidden;\"><img data-recalc-dims=\"1\" decoding=\"async\" style=\"width: 100%; height: 300px; object-fit: cover;\" src=\"https:\/\/i0.wp.com\/bmtravelport.cl\/wp-content\/uploads\/2024\/11\/Firefly-20241129192636.webp?ssl=1\" alt=\"Thermal Springs Tour Chile at Termas del Sol\" \/><\/div>\n<p><!-- Right Image --><\/p>\n<div style=\"width: 33%; display: flex; align-items: center; overflow: hidden;\"><img data-recalc-dims=\"1\" decoding=\"async\" style=\"width: 100%; height: 300px; object-fit: cover;\" src=\"https:\/\/i0.wp.com\/bmtravelport.cl\/wp-content\/uploads\/2024\/11\/Termaspng-scaled.webp?ssl=1\" alt=\"Relaxation at Termas del Sol in Chile's Lake District\" \/><\/div>\n<\/div>\n<\/div>\n<h1>Tour Termas Chile \u2013 Termas del Sol &amp; Aventura Cocham\u00f3<\/h1>\n<p>Experimente la <strong>Tour a Termas de Chile<\/strong> y sum\u00e9rjase en la serena belleza de la Regi\u00f3n de los Lagos de Chile. Este recorrido, que comienza en Puerto Varas, ofrece una combinaci\u00f3n \u00fanica de relajaci\u00f3n en Termas del Sol y exploraci\u00f3n cultural en Cocham\u00f3. Adem\u00e1s, el viaje destaca los impresionantes paisajes naturales de Chile.<\/p>\n<h2>Qu\u00e9 esperar durante el recorrido por las aguas termales<\/h2>\n<p>Su aventura comienza con un recorrido panor\u00e1mico por el estuario de Reloncav\u00ed, conocido por sus vistas espectaculares. <strong>Termas del Sol<\/strong>Disfrutar\u00e1s de cuatro horas de relajaci\u00f3n total en diez piscinas termales. Adem\u00e1s, cada piscina tiene una temperatura variable que va desde los 36\u00b0C hasta los 45\u00b0C, lo que ofrece un refugio ideal para todos.<\/p>\n<p>Despu\u00e9s de su estancia en las termas, el viaje contin\u00faa hasta Cocham\u00f3, un pintoresco pueblo famoso por su hist\u00f3rica iglesia de madera y su tranquila costa. Adem\u00e1s, este encantador pueblo ofrece una ventana al patrimonio cultural de la regi\u00f3n y ofrece impresionantes vistas del estuario.<\/p>\n<h2>Lo m\u00e1s destacado del tour<\/h2>\n<ul>\n<li>Rel\u00e1jese en las serenas piscinas termales de Termas del Sol.<\/li>\n<li>Contemple impresionantes vistas del estuario de Reloncav\u00ed.<\/li>\n<li>Explora el pintoresco pueblo y los lugares de inter\u00e9s de Cocham\u00f3.<\/li>\n<\/ul>\n<h2>\u00bfPor qu\u00e9 elegir BM Travelport?<\/h2>\n<p>En BM Travelport, nos centramos en ofrecer experiencias de viaje \u00fanicas que combinen comodidad y aventura. Adem\u00e1s, nuestros gu\u00edas profesionales se comprometen a hacer que su viaje sea perfecto e informativo. Al elegirnos, no solo disfruta de una experiencia perfecta, sino que tambi\u00e9n apoya a las comunidades locales y las pr\u00e1cticas ecol\u00f3gicas. En consecuencia, puede explorar con tranquilidad y al mismo tiempo tener un impacto positivo en el medio ambiente.<\/p>\n<h2>Planifica tu visita a Termas del Sol<\/h2>\n<p>Obtenga m\u00e1s informaci\u00f3n sobre <a href=\"https:\/\/www.termasdelsol.com\" target=\"_blank\" rel=\"noopener\">Termas del Sol<\/a>, un destino top para relajarse en Chile. Para aprovechar al m\u00e1ximo su visita, recuerde llevar traje de ba\u00f1o, calzado c\u00f3modo y protector solar. Adem\u00e1s, no olvide empacar un cortavientos para su comodidad.<\/p>\n<h2>Reserva hoy el Tour a Termas de Chile<\/h2>\n<p>No pierdas esta oportunidad de unirte a la <strong>Tour a Termas de Chile<\/strong>Reserve su lugar ahora y cree recuerdos duraderos con sus seres queridos. Adem\u00e1s, este recorrido es una combinaci\u00f3n perfecta de relajaci\u00f3n y descubrimiento, y ofrece algo para que todos disfruten. Comience su aventura hoy y disfrute de lo mejor de la Regi\u00f3n de los Lagos de Chile.<\/p>\n<p><a class=\"cta-button\" href=\"https:\/\/bmtravelport.cl\/lets-travel\/\">Explorar m\u00e1s<\/a><\/p>","protected":false},"excerpt":{"rendered":"[woocs sd=1]\n<h3>Thermal Springs Tour Chile<\/h3>\n<p>Experience the ultimate relaxation and scenic beauty with the <strong>Thermal Springs Tour Chile<\/strong>. This full-day tour takes you to Termas del Sol and the picturesque town of Cocham\u00f3. Enjoy serene hot springs, cultural landmarks, and breathtaking landscapes.<\/p>\n<div style=\"width: 100%; padding: 20px; border: 1px solid #ccc; box-shadow: 0 4px 10px rgba(0, 0, 0, 0.1); border-radius: 10px; background-color: #f9f9f9; margin: 20px 0; box-sizing: border-box;\">\n<h2 style=\"font-family: Arial, sans-serif; font-size: 18px; color: #333; text-align: center; margin: 0 0 10px;\">The Following Fare:<\/h2>\n<p style=\"font-family: Arial, sans-serif; font-size: 16px; color: #333; text-align: center; margin: 0;\"><strong>Includes: <span style=\"color: #339966;\">\u2713<\/span> Guide and transfer.<\/strong><\/p>\n<p style=\"font-family: Arial, sans-serif; font-size: 16px; color: #333; text-align: center; margin: 0;\"><strong>Not included: <span style=\"color: #ff0000;\">\u2718<\/span> Food and entrance to Termas del Sol.<\/strong><\/p>\n<\/div>\n","protected":false},"featured_media":1465,"comment_status":"open","ping_status":"closed","template":"","meta":{"site-sidebar-layout":"default","site-content-layout":"","ast-site-content-layout":"default","site-content-style":"default","site-sidebar-style":"default","ast-global-header-display":"","ast-banner-title-visibility":"","ast-main-header-display":"","ast-hfb-above-header-display":"","ast-hfb-below-header-display":"","ast-hfb-mobile-header-display":"","site-post-title":"","ast-breadcrumbs-content":"","ast-featured-img":"","footer-sml-layout":"","ast-disable-related-posts":"","theme-transparent-header-meta":"default","adv-header-id-meta":"","stick-header-meta":"","header-above-stick-meta":"","header-main-stick-meta":"","header-below-stick-meta":"","astra-migrate-meta-layouts":"set","ast-page-background-enabled":"default","ast-page-background-meta":{"desktop":{"background-color":"var(--ast-global-color-4)","background-image":"","background-repeat":"repeat","background-position":"center center","background-size":"auto","background-attachment":"scroll","background-type":"","background-media":"","overlay-type":"","overlay-color":"","overlay-opacity":"","overlay-gradient":""},"tablet":{"background-color":"","background-image":"","background-repeat":"repeat","background-position":"center center","background-size":"auto","background-attachment":"scroll","background-type":"","background-media":"","overlay-type":"","overlay-color":"","overlay-opacity":"","overlay-gradient":""},"mobile":{"background-color":"","background-image":"","background-repeat":"repeat","background-position":"center center","background-size":"auto","background-attachment":"scroll","background-type":"","background-media":"","overlay-type":"","overlay-color":"","overlay-opacity":"","overlay-gradient":""}},"ast-content-background-meta":{"desktop":{"background-color":"var(--ast-global-color-5)","background-image":"","background-repeat":"repeat","background-position":"center center","background-size":"auto","background-attachment":"scroll","background-type":"","background-media":"","overlay-type":"","overlay-color":"","overlay-opacity":"","overlay-gradient":""},"tablet":{"background-color":"var(--ast-global-color-5)","background-image":"","background-repeat":"repeat","background-position":"center center","background-size":"auto","background-attachment":"scroll","background-type":"","background-media":"","overlay-type":"","overlay-color":"","overlay-opacity":"","overlay-gradient":""},"mobile":{"background-color":"var(--ast-global-color-5)","background-image":"","background-repeat":"repeat","background-position":"center center","background-size":"auto","background-attachment":"scroll","background-type":"","background-media":"","overlay-type":"","overlay-color":"","overlay-opacity":"","overlay-gradient":""}},"_joinchat":[],"jetpack_publicize_message":"","jetpack_publicize_feature_enabled":true,"jetpack_social_post_already_shared":false,"jetpack_social_options":{"image_generator_settings":{"template":"highway","default_image_id":0,"font":"","enabled":false},"version":2}},"product_brand":[],"product_cat":[111,144,100],"product_tag":[170,172,168,166],"class_list":{"0":"post-1371","1":"product","2":"type-product","3":"status-publish","4":"has-post-thumbnail","6":"product_cat-base-puerto-varas","7":"product_cat-full-day","8":"product_cat-shared","9":"product_tag-cochamo","10":"product_tag-fullday","11":"product_tag-puelo","12":"product_tag-termas","13":"pa_age-adult","14":"pa_age-child","15":"pa_age-senior","16":"desktop-align-center","17":"tablet-align-left","18":"mobile-align-left","20":"first","21":"instock","22":"shipping-taxable","23":"purchasable","24":"product-type-variable"},"yoast_head":"<!-- This site is optimized with the Yoast SEO plugin v27.4 - https:\/\/yoast.com\/product\/yoast-seo-wordpress\/ -->\n<title>Thermal Springs Tour Chile - Termas del Sol &amp; Cocham\u00f3 Adventure<\/title>\n<meta name=\"description\" content=\"Thermal Springs Tour Chile starts in Puerto Varas. Visit Termas del Sol and explore Cocham\u00f3. Enjoy hot springs and serene landscapes in a full-day tour.\" \/>\n<meta name=\"robots\" content=\"index, follow, max-snippet:-1, max-image-preview:large, max-video-preview:-1\" \/>\n<link rel=\"canonical\" href=\"https:\/\/bmtravelport.cl\/es\/producto\/del-sol-termal-springs\/\" \/>\n<meta property=\"og:locale\" content=\"es_ES\" \/>\n<meta property=\"og:type\" content=\"article\" \/>\n<meta property=\"og:title\" content=\"Thermal Springs Tour Chile - Termas del Sol &amp; Cocham\u00f3 Adventure\" \/>\n<meta property=\"og:description\" content=\"Thermal Springs Tour Chile starts in Puerto Varas. Visit Termas del Sol and explore Cocham\u00f3. Enjoy hot springs and serene landscapes in a full-day tour.\" \/>\n<meta property=\"og:url\" content=\"https:\/\/bmtravelport.cl\/es\/producto\/del-sol-termal-springs\/\" \/>\n<meta property=\"og:site_name\" content=\"BM Travelport\" \/>\n<meta property=\"article:publisher\" content=\"https:\/\/www.facebook.com\/bmtravelport\" \/>\n<meta property=\"article:modified_time\" content=\"2025-07-19T22:02:30+00:00\" \/>\n<meta property=\"og:image\" content=\"https:\/\/bmtravelport.cl\/wp-content\/uploads\/2024\/11\/TermasDelSol-scaled.webp\" \/>\n\t<meta property=\"og:image:width\" content=\"2560\" \/>\n\t<meta property=\"og:image:height\" content=\"2560\" \/>\n\t<meta property=\"og:image:type\" content=\"image\/webp\" \/>\n<meta name=\"twitter:card\" content=\"summary_large_image\" \/>\n<meta name=\"twitter:site\" content=\"@BMTravelport\" \/>\n<meta name=\"twitter:label1\" content=\"Tiempo estimado de lectura\" \/>\n\t<meta name=\"twitter:data1\" content=\"3 minutos\" \/>\n<script type=\"application\/ld+json\" class=\"yoast-schema-graph\">{\"@context\":\"https:\\\/\\\/schema.org\",\"@graph\":[{\"@type\":\"WebPage\",\"@id\":\"https:\\\/\\\/bmtravelport.cl\\\/es\\\/producto\\\/del-sol-termal-springs\\\/\",\"url\":\"https:\\\/\\\/bmtravelport.cl\\\/es\\\/producto\\\/del-sol-termal-springs\\\/\",\"name\":\"Thermal Springs Tour Chile - Termas del Sol & Cocham\u00f3 Adventure\",\"isPartOf\":{\"@id\":\"https:\\\/\\\/bmtravelport.cl\\\/es\\\/#website\"},\"primaryImageOfPage\":{\"@id\":\"https:\\\/\\\/bmtravelport.cl\\\/es\\\/producto\\\/del-sol-termal-springs\\\/#primaryimage\"},\"image\":{\"@id\":\"https:\\\/\\\/bmtravelport.cl\\\/es\\\/producto\\\/del-sol-termal-springs\\\/#primaryimage\"},\"thumbnailUrl\":\"https:\\\/\\\/i0.wp.com\\\/bmtravelport.cl\\\/wp-content\\\/uploads\\\/2024\\\/11\\\/TermasDelSol-scaled.webp?fit=2560%2C2560&ssl=1\",\"datePublished\":\"2024-11-08T01:42:04+00:00\",\"dateModified\":\"2025-07-19T22:02:30+00:00\",\"description\":\"Thermal Springs Tour Chile starts in Puerto Varas. Visit Termas del Sol and explore Cocham\u00f3. Enjoy hot springs and serene landscapes in a full-day tour.\",\"breadcrumb\":{\"@id\":\"https:\\\/\\\/bmtravelport.cl\\\/es\\\/producto\\\/del-sol-termal-springs\\\/#breadcrumb\"},\"inLanguage\":\"es-CL\",\"potentialAction\":[{\"@type\":\"ReadAction\",\"target\":[\"https:\\\/\\\/bmtravelport.cl\\\/es\\\/producto\\\/del-sol-termal-springs\\\/\"]}]},{\"@type\":\"ImageObject\",\"inLanguage\":\"es-CL\",\"@id\":\"https:\\\/\\\/bmtravelport.cl\\\/es\\\/producto\\\/del-sol-termal-springs\\\/#primaryimage\",\"url\":\"https:\\\/\\\/i0.wp.com\\\/bmtravelport.cl\\\/wp-content\\\/uploads\\\/2024\\\/11\\\/TermasDelSol-scaled.webp?fit=2560%2C2560&ssl=1\",\"contentUrl\":\"https:\\\/\\\/i0.wp.com\\\/bmtravelport.cl\\\/wp-content\\\/uploads\\\/2024\\\/11\\\/TermasDelSol-scaled.webp?fit=2560%2C2560&ssl=1\",\"width\":2560,\"height\":2560,\"caption\":\"Termal Springs Termas del Sol\"},{\"@type\":\"BreadcrumbList\",\"@id\":\"https:\\\/\\\/bmtravelport.cl\\\/es\\\/producto\\\/del-sol-termal-springs\\\/#breadcrumb\",\"itemListElement\":[{\"@type\":\"ListItem\",\"position\":1,\"name\":\"Home\",\"item\":\"https:\\\/\\\/bmtravelport.cl\\\/es\\\/\"},{\"@type\":\"ListItem\",\"position\":2,\"name\":\"Let&#8217;s Travel\",\"item\":\"https:\\\/\\\/bmtravelport.cl\\\/lets-travel\\\/\"},{\"@type\":\"ListItem\",\"position\":3,\"name\":\"&#8220;Del Sol&#8221; Thermal Springs\"}]},{\"@type\":\"WebSite\",\"@id\":\"https:\\\/\\\/bmtravelport.cl\\\/es\\\/#website\",\"url\":\"https:\\\/\\\/bmtravelport.cl\\\/es\\\/\",\"name\":\"BM Travelport\",\"description\":\"Let\u00b4s travel\",\"publisher\":{\"@id\":\"https:\\\/\\\/bmtravelport.cl\\\/es\\\/#organization\"},\"potentialAction\":[{\"@type\":\"SearchAction\",\"target\":{\"@type\":\"EntryPoint\",\"urlTemplate\":\"https:\\\/\\\/bmtravelport.cl\\\/es\\\/?s={search_term_string}\"},\"query-input\":{\"@type\":\"PropertyValueSpecification\",\"valueRequired\":true,\"valueName\":\"search_term_string\"}}],\"inLanguage\":\"es-CL\"},{\"@type\":\"Organization\",\"@id\":\"https:\\\/\\\/bmtravelport.cl\\\/es\\\/#organization\",\"name\":\"BM Travelport\",\"url\":\"https:\\\/\\\/bmtravelport.cl\\\/es\\\/\",\"logo\":{\"@type\":\"ImageObject\",\"inLanguage\":\"es-CL\",\"@id\":\"https:\\\/\\\/bmtravelport.cl\\\/es\\\/#\\\/schema\\\/logo\\\/image\\\/\",\"url\":\"https:\\\/\\\/i0.wp.com\\\/bmtravelport.cl\\\/wp-content\\\/uploads\\\/2024\\\/11\\\/BMTravelport-Logotipo.webp?fit=2364%2C2364&ssl=1\",\"contentUrl\":\"https:\\\/\\\/i0.wp.com\\\/bmtravelport.cl\\\/wp-content\\\/uploads\\\/2024\\\/11\\\/BMTravelport-Logotipo.webp?fit=2364%2C2364&ssl=1\",\"width\":2364,\"height\":2364,\"caption\":\"BM Travelport\"},\"image\":{\"@id\":\"https:\\\/\\\/bmtravelport.cl\\\/es\\\/#\\\/schema\\\/logo\\\/image\\\/\"},\"sameAs\":[\"https:\\\/\\\/www.facebook.com\\\/bmtravelport\",\"https:\\\/\\\/x.com\\\/BMTravelport\",\"https:\\\/\\\/www.instagram.com\\\/bmtravelport\\\/\"]}]}<\/script>\n<!-- \/ Yoast SEO plugin. -->","yoast_head_json":{"title":"Thermal Springs Tour Chile - Termas del Sol & Cocham\u00f3 Adventure","description":"Thermal Springs Tour Chile starts in Puerto Varas. Visit Termas del Sol and explore Cocham\u00f3. Enjoy hot springs and serene landscapes in a full-day tour.","robots":{"index":"index","follow":"follow","max-snippet":"max-snippet:-1","max-image-preview":"max-image-preview:large","max-video-preview":"max-video-preview:-1"},"canonical":"https:\/\/bmtravelport.cl\/es\/producto\/del-sol-termal-springs\/","og_locale":"es_ES","og_type":"article","og_title":"Thermal Springs Tour Chile - Termas del Sol & Cocham\u00f3 Adventure","og_description":"Thermal Springs Tour Chile starts in Puerto Varas. Visit Termas del Sol and explore Cocham\u00f3. Enjoy hot springs and serene landscapes in a full-day tour.","og_url":"https:\/\/bmtravelport.cl\/es\/producto\/del-sol-termal-springs\/","og_site_name":"BM Travelport","article_publisher":"https:\/\/www.facebook.com\/bmtravelport","article_modified_time":"2025-07-19T22:02:30+00:00","og_image":[{"width":2560,"height":2560,"url":"https:\/\/bmtravelport.cl\/wp-content\/uploads\/2024\/11\/TermasDelSol-scaled.webp","type":"image\/webp"}],"twitter_card":"summary_large_image","twitter_site":"@BMTravelport","twitter_misc":{"Tiempo estimado de lectura":"3 minutos"},"schema":{"@context":"https:\/\/schema.org","@graph":[{"@type":"WebPage","@id":"https:\/\/bmtravelport.cl\/es\/producto\/del-sol-termal-springs\/","url":"https:\/\/bmtravelport.cl\/es\/producto\/del-sol-termal-springs\/","name":"Thermal Springs Tour Chile - Termas del Sol & Cocham\u00f3 Adventure","isPartOf":{"@id":"https:\/\/bmtravelport.cl\/es\/#website"},"primaryImageOfPage":{"@id":"https:\/\/bmtravelport.cl\/es\/producto\/del-sol-termal-springs\/#primaryimage"},"image":{"@id":"https:\/\/bmtravelport.cl\/es\/producto\/del-sol-termal-springs\/#primaryimage"},"thumbnailUrl":"https:\/\/i0.wp.com\/bmtravelport.cl\/wp-content\/uploads\/2024\/11\/TermasDelSol-scaled.webp?fit=2560%2C2560&ssl=1","datePublished":"2024-11-08T01:42:04+00:00","dateModified":"2025-07-19T22:02:30+00:00","description":"Thermal Springs Tour Chile starts in Puerto Varas. Visit Termas del Sol and explore Cocham\u00f3. Enjoy hot springs and serene landscapes in a full-day tour.","breadcrumb":{"@id":"https:\/\/bmtravelport.cl\/es\/producto\/del-sol-termal-springs\/#breadcrumb"},"inLanguage":"es-CL","potentialAction":[{"@type":"ReadAction","target":["https:\/\/bmtravelport.cl\/es\/producto\/del-sol-termal-springs\/"]}]},{"@type":"ImageObject","inLanguage":"es-CL","@id":"https:\/\/bmtravelport.cl\/es\/producto\/del-sol-termal-springs\/#primaryimage","url":"https:\/\/i0.wp.com\/bmtravelport.cl\/wp-content\/uploads\/2024\/11\/TermasDelSol-scaled.webp?fit=2560%2C2560&ssl=1","contentUrl":"https:\/\/i0.wp.com\/bmtravelport.cl\/wp-content\/uploads\/2024\/11\/TermasDelSol-scaled.webp?fit=2560%2C2560&ssl=1","width":2560,"height":2560,"caption":"Termal Springs Termas del Sol"},{"@type":"BreadcrumbList","@id":"https:\/\/bmtravelport.cl\/es\/producto\/del-sol-termal-springs\/#breadcrumb","itemListElement":[{"@type":"ListItem","position":1,"name":"Home","item":"https:\/\/bmtravelport.cl\/es\/"},{"@type":"ListItem","position":2,"name":"Let&#8217;s Travel","item":"https:\/\/bmtravelport.cl\/lets-travel\/"},{"@type":"ListItem","position":3,"name":"&#8220;Del Sol&#8221; Thermal Springs"}]},{"@type":"WebSite","@id":"https:\/\/bmtravelport.cl\/es\/#website","url":"https:\/\/bmtravelport.cl\/es\/","name":"BM Travelport","description":"Vamos de viaje","publisher":{"@id":"https:\/\/bmtravelport.cl\/es\/#organization"},"potentialAction":[{"@type":"SearchAction","target":{"@type":"EntryPoint","urlTemplate":"https:\/\/bmtravelport.cl\/es\/?s={search_term_string}"},"query-input":{"@type":"PropertyValueSpecification","valueRequired":true,"valueName":"search_term_string"}}],"inLanguage":"es-CL"},{"@type":"Organization","@id":"https:\/\/bmtravelport.cl\/es\/#organization","name":"BM Travelport","url":"https:\/\/bmtravelport.cl\/es\/","logo":{"@type":"ImageObject","inLanguage":"es-CL","@id":"https:\/\/bmtravelport.cl\/es\/#\/schema\/logo\/image\/","url":"https:\/\/i0.wp.com\/bmtravelport.cl\/wp-content\/uploads\/2024\/11\/BMTravelport-Logotipo.webp?fit=2364%2C2364&ssl=1","contentUrl":"https:\/\/i0.wp.com\/bmtravelport.cl\/wp-content\/uploads\/2024\/11\/BMTravelport-Logotipo.webp?fit=2364%2C2364&ssl=1","width":2364,"height":2364,"caption":"BM Travelport"},"image":{"@id":"https:\/\/bmtravelport.cl\/es\/#\/schema\/logo\/image\/"},"sameAs":["https:\/\/www.facebook.com\/bmtravelport","https:\/\/x.com\/BMTravelport","https:\/\/www.instagram.com\/bmtravelport\/"]}]}},"jetpack_publicize_connections":[],"jetpack_likes_enabled":false,"jetpack_sharing_enabled":true,"_links":{"self":[{"href":"https:\/\/bmtravelport.cl\/es\/wp-json\/wp\/v2\/product\/1371","targetHints":{"allow":["GET"]}}],"collection":[{"href":"https:\/\/bmtravelport.cl\/es\/wp-json\/wp\/v2\/product"}],"about":[{"href":"https:\/\/bmtravelport.cl\/es\/wp-json\/wp\/v2\/types\/product"}],"replies":[{"embeddable":true,"href":"https:\/\/bmtravelport.cl\/es\/wp-json\/wp\/v2\/comments?post=1371"}],"wp:featuredmedia":[{"embeddable":true,"href":"https:\/\/bmtravelport.cl\/es\/wp-json\/wp\/v2\/media\/1465"}],"wp:attachment":[{"href":"https:\/\/bmtravelport.cl\/es\/wp-json\/wp\/v2\/media?parent=1371"}],"wp:term":[{"taxonomy":"product_brand","embeddable":true,"href":"https:\/\/bmtravelport.cl\/es\/wp-json\/wp\/v2\/product_brand?post=1371"},{"taxonomy":"product_cat","embeddable":true,"href":"https:\/\/bmtravelport.cl\/es\/wp-json\/wp\/v2\/product_cat?post=1371"},{"taxonomy":"product_tag","embeddable":true,"href":"https:\/\/bmtravelport.cl\/es\/wp-json\/wp\/v2\/product_tag?post=1371"}],"curies":[{"name":"wp","href":"https:\/\/api.w.org\/{rel}","templated":true}]}}