{"id":1359,"date":"2024-10-29T21:59:21","date_gmt":"2024-10-29T21:59:21","guid":{"rendered":"https:\/\/bmtravelport.cl\/?post_type=product&#038;p=1359"},"modified":"2024-12-01T18:43:25","modified_gmt":"2024-12-01T18:43:25","slug":"lago-llanquihue-relaxation-tour-chile","status":"publish","type":"product","link":"https:\/\/bmtravelport.cl\/es\/producto\/lago-llanquihue-relaxation-tour-chile\/","title":{"rendered":"Tour de Relajaci\u00f3n Lago Llanquihue"},"content":{"rendered":"<div style=\"width: 100%; padding: 10px; border: 1px solid #ccc; box-sizing: border-box;\">\n<p><!-- Inner flex container for images with a small gap between them --><\/p>\n<div style=\"display: flex; gap: 10px;\">\n<p><!-- First div with 66% width --><\/p>\n<div style=\"width: 66%; display: flex; align-items: center;\"><img data-recalc-dims=\"1\" decoding=\"async\" style=\"width: 100%; height: auto;\" src=\"https:\/\/i0.wp.com\/bmtravelport.cl\/wp-content\/uploads\/2024\/10\/bandurria-scaled.webp?ssl=1\" alt=\"Relaxing Lago Llanquihue Scenic Tour\" \/><\/div>\n<p><!-- Second div with 33% width --><\/p>\n<div style=\"width: 33%; display: flex; align-items: center;\"><img data-recalc-dims=\"1\" decoding=\"async\" style=\"width: 100%; height: auto;\" src=\"https:\/\/i0.wp.com\/bmtravelport.cl\/wp-content\/uploads\/2024\/10\/TeatroDelLago-scaled.webp?ssl=1\" alt=\"Lake Llanquihue Catamaran Adventure\" \/><\/div>\n<\/div>\n<\/div>\n<h2>Tour de Relajaci\u00f3n Lago Llanquihue en Chile<\/h2>\n<p>Participe en el exclusivo <strong>Tour de Relajaci\u00f3n Lago Llanquihue<\/strong> para un viaje extraordinario que no solo combina relajaci\u00f3n e inmersi\u00f3n cultural, sino que tambi\u00e9n ofrece una exploraci\u00f3n paisaj\u00edstica impresionante. Esta experiencia de d\u00eda completo es perfecta para viajeros que buscan tranquilidad y vistas inolvidables.<\/p>\n<h3>Comience su recorrido panor\u00e1mico por el Lago Llanquihue en el Balneario Cancagua<\/h3>\n<p>Para comenzar el d\u00eda, disfrute de un corto recorrido panor\u00e1mico hasta <a href=\"https:\/\/www.cancagua.com\" target=\"_blank\" rel=\"noopener\">Balneario Cancagua<\/a>, donde podr\u00e1s relajarte en un jacuzzi natural durante 2,5 horas. Rodeado de bosques nativos y vistas panor\u00e1micas al lago Llanquihue, este lugar ofrece la oportunidad perfecta para relajarse y recargar energ\u00edas. Adem\u00e1s, para los amantes de la fotograf\u00eda, el paisaje es absolutamente espectacular.<\/p>\n<h3>Frutillar: un punto culminante hist\u00f3rico y cultural para su viaje de relajaci\u00f3n<\/h3>\n<p>Despu\u00e9s de su tiempo en el spa, el recorrido lo llevar\u00e1 a Frutillar, un pintoresco pueblo lleno de lugares de inter\u00e9s cultural. Despu\u00e9s de un almuerzo opcional, explore el <a href=\"https:\/\/museoaleman.cl\" target=\"_blank\" rel=\"noopener\">Museo Colonial Alem\u00e1n<\/a>, el Teatro del Lago y las emblem\u00e1ticas iglesias luterana y cat\u00f3lica. Adem\u00e1s, descubrir\u00e1s la herencia alemana de la zona y su vibrante riqueza cultural. Sin duda, esta parada es una visita obligada para los amantes de la historia.<\/p>\n<h3>Aventura opcional en catamar\u00e1n por el lago Llanquihue<\/h3>\n<p>Por la tarde, si el clima lo permite, podr\u00e1 disfrutar de un crucero opcional de 45 minutos en catamar\u00e1n por el lago Llanquihue. Adem\u00e1s de su ambiente sereno, el crucero ofrece vistas impresionantes de las cadenas monta\u00f1osas circundantes. Para quienes buscan aventura, esta actividad complementa perfectamente el tema relajante del d\u00eda.<\/p>\n<h3>Regreso a Puerto Varas con vistas panor\u00e1micas<\/h3>\n<p>Al finalizar el recorrido, realizar\u00e1s un recorrido costero desde Frutillar hasta Llanquihue y, finalmente, regresar\u00e1s a Puerto Varas. Esta ruta panor\u00e1mica no solo ofrece vistas cautivadoras, sino que tambi\u00e9n te dejar\u00e1 recuerdos inolvidables. Finalmente, regresar\u00e1s sinti\u00e9ndote rejuvenecido e inspirado por la belleza del Distrito de los Lagos.<\/p>\n<h3>\u00bfPor qu\u00e9 elegir BM Travelport para su viaje panor\u00e1mico?<\/h3>\n<p>En BM Travelport, nos enorgullecemos de ofrecer experiencias de viaje significativas y ecol\u00f3gicas. Adem\u00e1s, nuestros gu\u00edas expertos se aseguran de que cada viaje sea seguro y enriquecedor. Adem\u00e1s, priorizamos la sostenibilidad, apoyando a las comunidades locales y preservando el medio ambiente. Por lo tanto, puede viajar con confianza, sabiendo que sus decisiones tienen un impacto positivo en la regi\u00f3n.<\/p>\n<h3>Conozca m\u00e1s sobre el Lago Llanquihue y Frutillar<\/h3>\n<ul>\n<li><a href=\"https:\/\/en.wikipedia.org\/wiki\/Lake_Llanquihue\" target=\"_blank\" rel=\"noopener\">Explora el lago Llanquihue<\/a>, un tesoro natural en la Regi\u00f3n de los Lagos de Chile.<\/li>\n<li><a href=\"https:\/\/en.wikipedia.org\/wiki\/Frutillar\" target=\"_blank\" rel=\"noopener\">Descubre Frutillar<\/a>, una joya cultural e hist\u00f3rica.<\/li>\n<\/ul>\n<h3>Reserva hoy tu tour de relajaci\u00f3n en el Lago Llanquihue<\/h3>\n<p>No pierdas la oportunidad de vivir lo mejor del Lago Llanquihue. Por eso, reserva tu lugar en el <strong>Tour de Relajaci\u00f3n Lago Llanquihue<\/strong> Hoy mismo y crea recuerdos inolvidables. No solo disfrutar\u00e1s de vistas impresionantes, sino tambi\u00e9n de un viaje lleno de cultura y serenidad.<\/p>\n<p><a class=\"cta-button\" href=\"https:\/\/bmtravelport.cl\/lets-travel\/\">Explorar m\u00e1s<\/a><\/p>","protected":false},"excerpt":{"rendered":"[woocs sd=1]\n<h3>Lago Llanquihue Relaxation Tour<\/h3>\n<p>Experience the Lago Llanquihue Relaxation Tour in Chile, an 8-hour journey featuring a hot tub session, cultural landmarks in Frutillar, and an optional boat ride.<\/p>\n<div style=\"width: 100%; padding: 20px; border: 1px solid #ccc; box-shadow: 0 4px 10px rgba(0, 0, 0, 0.1); border-radius: 10px; background-color: #f9f9f9; margin: 20px 0; box-sizing: border-box;\">\n<h2 style=\"font-family: Arial, sans-serif; font-size: 18px; color: #333; text-align: center; margin: 0 0 10px;\">The Following Fare:<\/h2>\n<p style=\"font-family: Arial, sans-serif; font-size: 16px; color: #333; text-align: center; margin: 0;\"><strong>Includes: <span style=\"color: #339966;\">\u2713<\/span> Guide and transfer, Entrance to the German Colonial Museum of Frutillar.<\/strong><\/p>\n<p style=\"font-family: Arial, sans-serif; font-size: 16px; color: #333; text-align: center; margin: 0;\"><strong>Not included: <span style=\"color: #ff0000;\">\u2718<\/span> Food and Guided visit to Teatro del Lago tickets.<\/strong><\/p>\n<\/div>\n","protected":false},"featured_media":1360,"comment_status":"open","ping_status":"closed","template":"","meta":{"site-sidebar-layout":"default","site-content-layout":"","ast-site-content-layout":"default","site-content-style":"default","site-sidebar-style":"default","ast-global-header-display":"","ast-banner-title-visibility":"","ast-main-header-display":"","ast-hfb-above-header-display":"","ast-hfb-below-header-display":"","ast-hfb-mobile-header-display":"","site-post-title":"","ast-breadcrumbs-content":"","ast-featured-img":"","footer-sml-layout":"","ast-disable-related-posts":"","theme-transparent-header-meta":"default","adv-header-id-meta":"","stick-header-meta":"","header-above-stick-meta":"","header-main-stick-meta":"","header-below-stick-meta":"","astra-migrate-meta-layouts":"set","ast-page-background-enabled":"default","ast-page-background-meta":{"desktop":{"background-color":"var(--ast-global-color-4)","background-image":"","background-repeat":"repeat","background-position":"center center","background-size":"auto","background-attachment":"scroll","background-type":"","background-media":"","overlay-type":"","overlay-color":"","overlay-opacity":"","overlay-gradient":""},"tablet":{"background-color":"","background-image":"","background-repeat":"repeat","background-position":"center center","background-size":"auto","background-attachment":"scroll","background-type":"","background-media":"","overlay-type":"","overlay-color":"","overlay-opacity":"","overlay-gradient":""},"mobile":{"background-color":"","background-image":"","background-repeat":"repeat","background-position":"center center","background-size":"auto","background-attachment":"scroll","background-type":"","background-media":"","overlay-type":"","overlay-color":"","overlay-opacity":"","overlay-gradient":""}},"ast-content-background-meta":{"desktop":{"background-color":"var(--ast-global-color-5)","background-image":"","background-repeat":"repeat","background-position":"center center","background-size":"auto","background-attachment":"scroll","background-type":"","background-media":"","overlay-type":"","overlay-color":"","overlay-opacity":"","overlay-gradient":""},"tablet":{"background-color":"var(--ast-global-color-5)","background-image":"","background-repeat":"repeat","background-position":"center center","background-size":"auto","background-attachment":"scroll","background-type":"","background-media":"","overlay-type":"","overlay-color":"","overlay-opacity":"","overlay-gradient":""},"mobile":{"background-color":"var(--ast-global-color-5)","background-image":"","background-repeat":"repeat","background-position":"center center","background-size":"auto","background-attachment":"scroll","background-type":"","background-media":"","overlay-type":"","overlay-color":"","overlay-opacity":"","overlay-gradient":""}},"_joinchat":[],"jetpack_publicize_message":"","jetpack_publicize_feature_enabled":true,"jetpack_social_post_already_shared":false,"jetpack_social_options":{"image_generator_settings":{"template":"highway","default_image_id":0,"font":"","enabled":false},"version":2}},"product_brand":[],"product_cat":[111,144,100],"product_tag":[156,162,160],"class_list":{"0":"post-1359","1":"product","2":"type-product","3":"status-publish","4":"has-post-thumbnail","6":"product_cat-base-puerto-varas","7":"product_cat-full-day","8":"product_cat-shared","9":"product_tag-frutillar","10":"product_tag-relaxation","11":"product_tag-spa","12":"pa_age-adult","13":"pa_age-child","14":"pa_age-senior","15":"desktop-align-center","16":"tablet-align-left","17":"mobile-align-left","19":"first","20":"instock","21":"shipping-taxable","22":"purchasable","23":"product-type-variable"},"yoast_head":"<!-- This site is optimized with the Yoast SEO plugin v27.4 - https:\/\/yoast.com\/product\/yoast-seo-wordpress\/ -->\n<title>Lago Llanquihue Relaxation Tour \u2013 Hot Tub Experience.<\/title>\n<meta name=\"description\" content=\"Lago Llanquihue Relaxation Tour in Chile includes hot tub relaxation, a visit to Frutillar, and a boat ride. Experience natural beauty on this 8-hour tour.\" \/>\n<meta name=\"robots\" content=\"index, follow, max-snippet:-1, max-image-preview:large, max-video-preview:-1\" \/>\n<link rel=\"canonical\" href=\"https:\/\/bmtravelport.cl\/es\/producto\/lago-llanquihue-relaxation-tour-chile\/\" \/>\n<meta property=\"og:locale\" content=\"es_ES\" \/>\n<meta property=\"og:type\" content=\"article\" \/>\n<meta property=\"og:title\" content=\"Lago Llanquihue Relaxation Tour \u2013 Hot Tub Experience.\" \/>\n<meta property=\"og:description\" content=\"Lago Llanquihue Relaxation Tour in Chile includes hot tub relaxation, a visit to Frutillar, and a boat ride. Experience natural beauty on this 8-hour tour.\" \/>\n<meta property=\"og:url\" content=\"https:\/\/bmtravelport.cl\/es\/producto\/lago-llanquihue-relaxation-tour-chile\/\" \/>\n<meta property=\"og:site_name\" content=\"BM Travelport\" \/>\n<meta property=\"article:publisher\" content=\"https:\/\/www.facebook.com\/bmtravelport\" \/>\n<meta property=\"article:modified_time\" content=\"2024-12-01T18:43:25+00:00\" \/>\n<meta property=\"og:image\" content=\"https:\/\/bmtravelport.cl\/wp-content\/uploads\/2024\/10\/Cancagua_1-scaled.webp\" \/>\n\t<meta property=\"og:image:width\" content=\"2560\" \/>\n\t<meta property=\"og:image:height\" content=\"2560\" \/>\n\t<meta property=\"og:image:type\" content=\"image\/webp\" \/>\n<meta name=\"twitter:card\" content=\"summary_large_image\" \/>\n<meta name=\"twitter:site\" content=\"@BMTravelport\" \/>\n<meta name=\"twitter:label1\" content=\"Tiempo estimado de lectura\" \/>\n\t<meta name=\"twitter:data1\" content=\"3 minutos\" \/>\n<script type=\"application\/ld+json\" class=\"yoast-schema-graph\">{\"@context\":\"https:\\\/\\\/schema.org\",\"@graph\":[{\"@type\":\"WebPage\",\"@id\":\"https:\\\/\\\/bmtravelport.cl\\\/es\\\/producto\\\/lago-llanquihue-relaxation-tour-chile\\\/\",\"url\":\"https:\\\/\\\/bmtravelport.cl\\\/es\\\/producto\\\/lago-llanquihue-relaxation-tour-chile\\\/\",\"name\":\"Lago Llanquihue Relaxation Tour \u2013 Hot Tub Experience.\",\"isPartOf\":{\"@id\":\"https:\\\/\\\/bmtravelport.cl\\\/es\\\/#website\"},\"primaryImageOfPage\":{\"@id\":\"https:\\\/\\\/bmtravelport.cl\\\/es\\\/producto\\\/lago-llanquihue-relaxation-tour-chile\\\/#primaryimage\"},\"image\":{\"@id\":\"https:\\\/\\\/bmtravelport.cl\\\/es\\\/producto\\\/lago-llanquihue-relaxation-tour-chile\\\/#primaryimage\"},\"thumbnailUrl\":\"https:\\\/\\\/i0.wp.com\\\/bmtravelport.cl\\\/wp-content\\\/uploads\\\/2024\\\/10\\\/Cancagua_1-scaled.webp?fit=2560%2C2560&ssl=1\",\"datePublished\":\"2024-10-29T21:59:21+00:00\",\"dateModified\":\"2024-12-01T18:43:25+00:00\",\"description\":\"Lago Llanquihue Relaxation Tour in Chile includes hot tub relaxation, a visit to Frutillar, and a boat ride. Experience natural beauty on this 8-hour tour.\",\"breadcrumb\":{\"@id\":\"https:\\\/\\\/bmtravelport.cl\\\/es\\\/producto\\\/lago-llanquihue-relaxation-tour-chile\\\/#breadcrumb\"},\"inLanguage\":\"es-CL\",\"potentialAction\":[{\"@type\":\"ReadAction\",\"target\":[\"https:\\\/\\\/bmtravelport.cl\\\/es\\\/producto\\\/lago-llanquihue-relaxation-tour-chile\\\/\"]}]},{\"@type\":\"ImageObject\",\"inLanguage\":\"es-CL\",\"@id\":\"https:\\\/\\\/bmtravelport.cl\\\/es\\\/producto\\\/lago-llanquihue-relaxation-tour-chile\\\/#primaryimage\",\"url\":\"https:\\\/\\\/i0.wp.com\\\/bmtravelport.cl\\\/wp-content\\\/uploads\\\/2024\\\/10\\\/Cancagua_1-scaled.webp?fit=2560%2C2560&ssl=1\",\"contentUrl\":\"https:\\\/\\\/i0.wp.com\\\/bmtravelport.cl\\\/wp-content\\\/uploads\\\/2024\\\/10\\\/Cancagua_1-scaled.webp?fit=2560%2C2560&ssl=1\",\"width\":2560,\"height\":2560,\"caption\":\"Frutillar y Cancagua SPA\"},{\"@type\":\"BreadcrumbList\",\"@id\":\"https:\\\/\\\/bmtravelport.cl\\\/es\\\/producto\\\/lago-llanquihue-relaxation-tour-chile\\\/#breadcrumb\",\"itemListElement\":[{\"@type\":\"ListItem\",\"position\":1,\"name\":\"Home\",\"item\":\"https:\\\/\\\/bmtravelport.cl\\\/es\\\/\"},{\"@type\":\"ListItem\",\"position\":2,\"name\":\"Let&#8217;s Travel\",\"item\":\"https:\\\/\\\/bmtravelport.cl\\\/lets-travel\\\/\"},{\"@type\":\"ListItem\",\"position\":3,\"name\":\"Lago Llanquihue Relaxation Tour\"}]},{\"@type\":\"WebSite\",\"@id\":\"https:\\\/\\\/bmtravelport.cl\\\/es\\\/#website\",\"url\":\"https:\\\/\\\/bmtravelport.cl\\\/es\\\/\",\"name\":\"BM Travelport\",\"description\":\"Let\u00b4s travel\",\"publisher\":{\"@id\":\"https:\\\/\\\/bmtravelport.cl\\\/es\\\/#organization\"},\"potentialAction\":[{\"@type\":\"SearchAction\",\"target\":{\"@type\":\"EntryPoint\",\"urlTemplate\":\"https:\\\/\\\/bmtravelport.cl\\\/es\\\/?s={search_term_string}\"},\"query-input\":{\"@type\":\"PropertyValueSpecification\",\"valueRequired\":true,\"valueName\":\"search_term_string\"}}],\"inLanguage\":\"es-CL\"},{\"@type\":\"Organization\",\"@id\":\"https:\\\/\\\/bmtravelport.cl\\\/es\\\/#organization\",\"name\":\"BM Travelport\",\"url\":\"https:\\\/\\\/bmtravelport.cl\\\/es\\\/\",\"logo\":{\"@type\":\"ImageObject\",\"inLanguage\":\"es-CL\",\"@id\":\"https:\\\/\\\/bmtravelport.cl\\\/es\\\/#\\\/schema\\\/logo\\\/image\\\/\",\"url\":\"https:\\\/\\\/i0.wp.com\\\/bmtravelport.cl\\\/wp-content\\\/uploads\\\/2024\\\/11\\\/BMTravelport-Logotipo.webp?fit=2364%2C2364&ssl=1\",\"contentUrl\":\"https:\\\/\\\/i0.wp.com\\\/bmtravelport.cl\\\/wp-content\\\/uploads\\\/2024\\\/11\\\/BMTravelport-Logotipo.webp?fit=2364%2C2364&ssl=1\",\"width\":2364,\"height\":2364,\"caption\":\"BM Travelport\"},\"image\":{\"@id\":\"https:\\\/\\\/bmtravelport.cl\\\/es\\\/#\\\/schema\\\/logo\\\/image\\\/\"},\"sameAs\":[\"https:\\\/\\\/www.facebook.com\\\/bmtravelport\",\"https:\\\/\\\/x.com\\\/BMTravelport\",\"https:\\\/\\\/www.instagram.com\\\/bmtravelport\\\/\"]}]}<\/script>\n<!-- \/ Yoast SEO plugin. -->","yoast_head_json":{"title":"Lago Llanquihue Relaxation Tour \u2013 Hot Tub Experience.","description":"Lago Llanquihue Relaxation Tour in Chile includes hot tub relaxation, a visit to Frutillar, and a boat ride. Experience natural beauty on this 8-hour tour.","robots":{"index":"index","follow":"follow","max-snippet":"max-snippet:-1","max-image-preview":"max-image-preview:large","max-video-preview":"max-video-preview:-1"},"canonical":"https:\/\/bmtravelport.cl\/es\/producto\/lago-llanquihue-relaxation-tour-chile\/","og_locale":"es_ES","og_type":"article","og_title":"Lago Llanquihue Relaxation Tour \u2013 Hot Tub Experience.","og_description":"Lago Llanquihue Relaxation Tour in Chile includes hot tub relaxation, a visit to Frutillar, and a boat ride. Experience natural beauty on this 8-hour tour.","og_url":"https:\/\/bmtravelport.cl\/es\/producto\/lago-llanquihue-relaxation-tour-chile\/","og_site_name":"BM Travelport","article_publisher":"https:\/\/www.facebook.com\/bmtravelport","article_modified_time":"2024-12-01T18:43:25+00:00","og_image":[{"width":2560,"height":2560,"url":"https:\/\/bmtravelport.cl\/wp-content\/uploads\/2024\/10\/Cancagua_1-scaled.webp","type":"image\/webp"}],"twitter_card":"summary_large_image","twitter_site":"@BMTravelport","twitter_misc":{"Tiempo estimado de lectura":"3 minutos"},"schema":{"@context":"https:\/\/schema.org","@graph":[{"@type":"WebPage","@id":"https:\/\/bmtravelport.cl\/es\/producto\/lago-llanquihue-relaxation-tour-chile\/","url":"https:\/\/bmtravelport.cl\/es\/producto\/lago-llanquihue-relaxation-tour-chile\/","name":"Lago Llanquihue Relaxation Tour \u2013 Hot Tub Experience.","isPartOf":{"@id":"https:\/\/bmtravelport.cl\/es\/#website"},"primaryImageOfPage":{"@id":"https:\/\/bmtravelport.cl\/es\/producto\/lago-llanquihue-relaxation-tour-chile\/#primaryimage"},"image":{"@id":"https:\/\/bmtravelport.cl\/es\/producto\/lago-llanquihue-relaxation-tour-chile\/#primaryimage"},"thumbnailUrl":"https:\/\/i0.wp.com\/bmtravelport.cl\/wp-content\/uploads\/2024\/10\/Cancagua_1-scaled.webp?fit=2560%2C2560&ssl=1","datePublished":"2024-10-29T21:59:21+00:00","dateModified":"2024-12-01T18:43:25+00:00","description":"Lago Llanquihue Relaxation Tour in Chile includes hot tub relaxation, a visit to Frutillar, and a boat ride. Experience natural beauty on this 8-hour tour.","breadcrumb":{"@id":"https:\/\/bmtravelport.cl\/es\/producto\/lago-llanquihue-relaxation-tour-chile\/#breadcrumb"},"inLanguage":"es-CL","potentialAction":[{"@type":"ReadAction","target":["https:\/\/bmtravelport.cl\/es\/producto\/lago-llanquihue-relaxation-tour-chile\/"]}]},{"@type":"ImageObject","inLanguage":"es-CL","@id":"https:\/\/bmtravelport.cl\/es\/producto\/lago-llanquihue-relaxation-tour-chile\/#primaryimage","url":"https:\/\/i0.wp.com\/bmtravelport.cl\/wp-content\/uploads\/2024\/10\/Cancagua_1-scaled.webp?fit=2560%2C2560&ssl=1","contentUrl":"https:\/\/i0.wp.com\/bmtravelport.cl\/wp-content\/uploads\/2024\/10\/Cancagua_1-scaled.webp?fit=2560%2C2560&ssl=1","width":2560,"height":2560,"caption":"Frutillar y Cancagua SPA"},{"@type":"BreadcrumbList","@id":"https:\/\/bmtravelport.cl\/es\/producto\/lago-llanquihue-relaxation-tour-chile\/#breadcrumb","itemListElement":[{"@type":"ListItem","position":1,"name":"Home","item":"https:\/\/bmtravelport.cl\/es\/"},{"@type":"ListItem","position":2,"name":"Let&#8217;s Travel","item":"https:\/\/bmtravelport.cl\/lets-travel\/"},{"@type":"ListItem","position":3,"name":"Lago Llanquihue Relaxation Tour"}]},{"@type":"WebSite","@id":"https:\/\/bmtravelport.cl\/es\/#website","url":"https:\/\/bmtravelport.cl\/es\/","name":"BM Travelport","description":"Vamos de viaje","publisher":{"@id":"https:\/\/bmtravelport.cl\/es\/#organization"},"potentialAction":[{"@type":"SearchAction","target":{"@type":"EntryPoint","urlTemplate":"https:\/\/bmtravelport.cl\/es\/?s={search_term_string}"},"query-input":{"@type":"PropertyValueSpecification","valueRequired":true,"valueName":"search_term_string"}}],"inLanguage":"es-CL"},{"@type":"Organization","@id":"https:\/\/bmtravelport.cl\/es\/#organization","name":"BM Travelport","url":"https:\/\/bmtravelport.cl\/es\/","logo":{"@type":"ImageObject","inLanguage":"es-CL","@id":"https:\/\/bmtravelport.cl\/es\/#\/schema\/logo\/image\/","url":"https:\/\/i0.wp.com\/bmtravelport.cl\/wp-content\/uploads\/2024\/11\/BMTravelport-Logotipo.webp?fit=2364%2C2364&ssl=1","contentUrl":"https:\/\/i0.wp.com\/bmtravelport.cl\/wp-content\/uploads\/2024\/11\/BMTravelport-Logotipo.webp?fit=2364%2C2364&ssl=1","width":2364,"height":2364,"caption":"BM Travelport"},"image":{"@id":"https:\/\/bmtravelport.cl\/es\/#\/schema\/logo\/image\/"},"sameAs":["https:\/\/www.facebook.com\/bmtravelport","https:\/\/x.com\/BMTravelport","https:\/\/www.instagram.com\/bmtravelport\/"]}]}},"jetpack_publicize_connections":[],"jetpack_likes_enabled":true,"jetpack_sharing_enabled":true,"_links":{"self":[{"href":"https:\/\/bmtravelport.cl\/es\/wp-json\/wp\/v2\/product\/1359","targetHints":{"allow":["GET"]}}],"collection":[{"href":"https:\/\/bmtravelport.cl\/es\/wp-json\/wp\/v2\/product"}],"about":[{"href":"https:\/\/bmtravelport.cl\/es\/wp-json\/wp\/v2\/types\/product"}],"replies":[{"embeddable":true,"href":"https:\/\/bmtravelport.cl\/es\/wp-json\/wp\/v2\/comments?post=1359"}],"wp:featuredmedia":[{"embeddable":true,"href":"https:\/\/bmtravelport.cl\/es\/wp-json\/wp\/v2\/media\/1360"}],"wp:attachment":[{"href":"https:\/\/bmtravelport.cl\/es\/wp-json\/wp\/v2\/media?parent=1359"}],"wp:term":[{"taxonomy":"product_brand","embeddable":true,"href":"https:\/\/bmtravelport.cl\/es\/wp-json\/wp\/v2\/product_brand?post=1359"},{"taxonomy":"product_cat","embeddable":true,"href":"https:\/\/bmtravelport.cl\/es\/wp-json\/wp\/v2\/product_cat?post=1359"},{"taxonomy":"product_tag","embeddable":true,"href":"https:\/\/bmtravelport.cl\/es\/wp-json\/wp\/v2\/product_tag?post=1359"}],"curies":[{"name":"wp","href":"https:\/\/api.w.org\/{rel}","templated":true}]}}