{"id":1348,"date":"2024-10-29T19:49:31","date_gmt":"2024-10-29T19:49:31","guid":{"rendered":"https:\/\/bmtravelport.cl\/?post_type=product&#038;p=1348"},"modified":"2024-12-01T18:43:28","modified_gmt":"2024-12-01T18:43:28","slug":"lago-llanquihue-tour-chile","status":"publish","type":"product","link":"https:\/\/bmtravelport.cl\/es\/producto\/lago-llanquihue-tour-chile\/","title":{"rendered":"Vuelta completa al lago Llanquihue"},"content":{"rendered":"<p><!-- Surrounding Container with Two Divs for Images --><\/p>\n<div style=\"width: 100%; padding: 10px; border: 1px solid #ccc; box-sizing: border-box;\">\n<p><!-- Inner flex container for images with a small gap between them --><\/p>\n<div style=\"display: flex; gap: 10px;\">\n<p><!-- First div with 66% width and height adjusted --><\/p>\n<div style=\"width: 66%; display: flex; align-items: center; overflow: hidden;\"><img data-recalc-dims=\"1\" decoding=\"async\" style=\"width: 100%; height: 300px; object-fit: cover;\" src=\"https:\/\/i0.wp.com\/bmtravelport.cl\/wp-content\/uploads\/2024\/10\/Cascada.png?ssl=1\" alt=\"Lago Llanquihue Circuit Tour in Chile - Scenic Views\" \/><\/div>\n<p><!-- Second div with 33% width and height adjusted --><\/p>\n<div style=\"width: 33%; display: flex; align-items: center; overflow: hidden;\"><img data-recalc-dims=\"1\" decoding=\"async\" style=\"width: 100%; height: 300px; object-fit: cover;\" src=\"https:\/\/i0.wp.com\/bmtravelport.cl\/wp-content\/uploads\/2024\/10\/Puerto_Octay-scaled.webp?ssl=1\" alt=\"Lago Llanquihue Circuit Tour in Chile - Puerto Octay Highlights\" \/><\/div>\n<\/div>\n<\/div>\n<p><!-- Enhanced Content Section for SEO --><\/p>\n<h2>Tour Circuito Lago Llanquihue en Chile<\/h2>\n<p>Descubra la belleza y cultura del sur de Chile con nuestro <strong>Tour Circuito Lago Llanquihue en Chile<\/strong>Esta experiencia de d\u00eda completo le permite explorar la vasta y pintoresca regi\u00f3n del lago Llanquihue, rica tanto en historia como en maravillas naturales. Partiendo desde Puerto Varas a las 9:00 a. m., este recorrido incluye transporte y un gu\u00eda experto que lo guiar\u00e1 por los lugares culturales m\u00e1s destacados de Frutillar, Puerto Octay y Llanquihue. Adem\u00e1s, este viaje inmersivo le garantiza que no se perder\u00e1 ninguna de las atracciones clave de la regi\u00f3n.<\/p>\n<h3>Lo m\u00e1s destacado del Circuito Lago Llanquihue<\/h3>\n<p>Nuestro <strong>Tour Circuito Lago Llanquihue en Chile<\/strong> comienza con una visita a Frutillar, famosa por su vibrante escena musical y <a href=\"https:\/\/www.frutillar.cl\/\" target=\"_blank\" rel=\"noopener\">Arquitectura alemana<\/a>Adem\u00e1s, explorar\u00e1s el famoso <a href=\"https:\/\/www.museofrutillar.cl\/\" target=\"_blank\" rel=\"noopener\">Museo de Frutillar<\/a>, que ofrece una visi\u00f3n del rico patrimonio de la zona. Desde all\u00ed, el viaje contin\u00faa hasta Puerto Octay, donde se puede disfrutar de amplias vistas panor\u00e1micas sobre el lago Llanquihue. Adem\u00e1s, el encanto cultural de estos pueblos ofrece una visi\u00f3n \u00fanica de la historia de la regi\u00f3n.<\/p>\n<h3>Experiencias inolvidables en Llanquihue y alrededores<\/h3>\n<p>En Llanquihue, el paisaje combina a la perfecci\u00f3n la historia local con la naturaleza pr\u00edstina, lo que brinda un escenario \u00fanico para la fotograf\u00eda y el descanso. Adem\u00e1s, esta regi\u00f3n, marcada por pintorescas casas y exuberante vegetaci\u00f3n, revela la historia de los inmigrantes alemanes que se establecieron aqu\u00ed en el siglo XIX. A medida que recorra la zona, encontrar\u00e1 innumerables oportunidades para capturar la belleza del lago enmarcada por las majestuosas monta\u00f1as andinas. Adem\u00e1s, la tranquilidad de la zona ofrece una escapada perfecta para los amantes de la naturaleza.<\/p>\n<h3>Fotograf\u00ede el majestuoso volc\u00e1n Osorno y sus cataratas<\/h3>\n<p>El recorrido no estar\u00eda completo sin una parada en las famosas cataratas cercanas al Volc\u00e1n Osorno. <strong>Tour Circuito Lago Llanquihue en Chile<\/strong>Estas impresionantes cataratas muestran la espectacular belleza natural del paisaje volc\u00e1nico. Adem\u00e1s, con vistas panor\u00e1micas y mucho tiempo para tomar fotograf\u00edas, este es sin duda uno de los momentos m\u00e1s destacados del d\u00eda. Por lo tanto, no olvide su c\u00e1mara para capturar estos momentos inolvidables.<\/p>\n<p>\u00danase a nosotros para una exploraci\u00f3n inolvidable del lago Llanquihue, los pueblos de influencia alemana y el esplendor natural de la regi\u00f3n de los lagos de Chile. Especialmente, sum\u00e9rjase en las vistas de paisajes maravillosos y \u00fanicos. En consecuencia, este recorrido ofrece una experiencia enriquecedora de la historia, la cultura y los paisajes que definen el sur de Chile.<\/p>\n<p><!-- Call-to-Action Button --><br \/>\n<a class=\"cta-button\" href=\"https:\/\/bmtravelport.cl\/lets-travel\/\"><br \/>\nExplorar m\u00e1s<br \/>\n<\/a><\/p>","protected":false},"excerpt":{"rendered":"<h3>Excursi\u00f3n de medio d\u00eda al Volc\u00e1n Osorno y Saltos del Petrohu\u00e9<\/h3>\n<p>Explora las impresionantes vistas, los pueblos hist\u00f3ricos y las cascadas del lago Llanquihue en esta visita guiada desde Puerto Varas. Incluye transporte y gu\u00eda.<\/p>\n<div style=\"width: 100%; padding: 20px; border: 1px solid #ccc; box-shadow: 0 4px 10px rgba(0, 0, 0, 0.1); border-radius: 10px; background-color: #f9f9f9; margin: 20px 0; box-sizing: border-box;\">\n<h2 style=\"font-family: Arial, sans-serif; font-size: 18px; color: #333; text-align: center; margin: 0 0 10px;\">La siguiente tarifa:<\/h2>\n<p style=\"font-family: Arial, sans-serif; font-size: 16px; color: #333; text-align: center; margin: 0;\"><strong>Incluye: <span style=\"color: #339966;\">\u2713<\/span> Gu\u00eda y transporte, Entrada al Museo Colonial Alem\u00e1n de Frutillar<\/strong><\/p>\n<p style=\"font-family: Arial, sans-serif; font-size: 16px; color: #333; text-align: center; margin: 0;\"><strong>No incluido: <span style=\"color: #ff0000;\">\u2718<\/span> Comidas, Entrada a la visita del Teatro del Lago<\/strong><\/p>\n<\/div>","protected":false},"featured_media":1349,"comment_status":"open","ping_status":"closed","template":"","meta":{"site-sidebar-layout":"default","site-content-layout":"","ast-site-content-layout":"default","site-content-style":"default","site-sidebar-style":"default","ast-global-header-display":"","ast-banner-title-visibility":"","ast-main-header-display":"","ast-hfb-above-header-display":"","ast-hfb-below-header-display":"","ast-hfb-mobile-header-display":"","site-post-title":"","ast-breadcrumbs-content":"","ast-featured-img":"","footer-sml-layout":"","ast-disable-related-posts":"","theme-transparent-header-meta":"default","adv-header-id-meta":"","stick-header-meta":"","header-above-stick-meta":"","header-main-stick-meta":"","header-below-stick-meta":"","astra-migrate-meta-layouts":"set","ast-page-background-enabled":"default","ast-page-background-meta":{"desktop":{"background-color":"var(--ast-global-color-4)","background-image":"","background-repeat":"repeat","background-position":"center center","background-size":"auto","background-attachment":"scroll","background-type":"","background-media":"","overlay-type":"","overlay-color":"","overlay-opacity":"","overlay-gradient":""},"tablet":{"background-color":"","background-image":"","background-repeat":"repeat","background-position":"center center","background-size":"auto","background-attachment":"scroll","background-type":"","background-media":"","overlay-type":"","overlay-color":"","overlay-opacity":"","overlay-gradient":""},"mobile":{"background-color":"","background-image":"","background-repeat":"repeat","background-position":"center center","background-size":"auto","background-attachment":"scroll","background-type":"","background-media":"","overlay-type":"","overlay-color":"","overlay-opacity":"","overlay-gradient":""}},"ast-content-background-meta":{"desktop":{"background-color":"var(--ast-global-color-5)","background-image":"","background-repeat":"repeat","background-position":"center center","background-size":"auto","background-attachment":"scroll","background-type":"","background-media":"","overlay-type":"","overlay-color":"","overlay-opacity":"","overlay-gradient":""},"tablet":{"background-color":"var(--ast-global-color-5)","background-image":"","background-repeat":"repeat","background-position":"center center","background-size":"auto","background-attachment":"scroll","background-type":"","background-media":"","overlay-type":"","overlay-color":"","overlay-opacity":"","overlay-gradient":""},"mobile":{"background-color":"var(--ast-global-color-5)","background-image":"","background-repeat":"repeat","background-position":"center center","background-size":"auto","background-attachment":"scroll","background-type":"","background-media":"","overlay-type":"","overlay-color":"","overlay-opacity":"","overlay-gradient":""}},"_joinchat":[],"jetpack_publicize_message":"","jetpack_publicize_feature_enabled":true,"jetpack_social_post_already_shared":false,"jetpack_social_options":{"image_generator_settings":{"template":"highway","default_image_id":0,"font":"","enabled":false},"version":2}},"product_brand":[],"product_cat":[111,144,100],"product_tag":[158,156,113,152,154,148],"class_list":{"0":"post-1348","1":"product","2":"type-product","3":"status-publish","4":"has-post-thumbnail","6":"product_cat-base-puerto-varas","7":"product_cat-full-day","8":"product_cat-shared","9":"product_tag-cascadas","10":"product_tag-frutillar","11":"product_tag-lago-llanquihue-circuit","12":"product_tag-llanquihue-lake","13":"product_tag-puerto-octay","14":"product_tag-shared","15":"pa_age-adult","16":"pa_age-child","17":"pa_age-senior","18":"desktop-align-center","19":"tablet-align-left","20":"mobile-align-left","22":"first","23":"instock","24":"shipping-taxable","25":"purchasable","26":"product-type-variable"},"yoast_head":"<!-- This site is optimized with the Yoast SEO plugin v27.4 - https:\/\/yoast.com\/product\/yoast-seo-wordpress\/ -->\n<title>Lago Llanquihue Tour Chile - Scenic Lake Circuit.<\/title>\n<meta name=\"description\" content=\"Lago Llanquihue Tour Chile: Explore German heritage towns, stunning landscapes, and Osorno Volcano waterfalls. Guided day trip from Puerto Varas.\" \/>\n<meta name=\"robots\" content=\"index, follow, max-snippet:-1, max-image-preview:large, max-video-preview:-1\" \/>\n<link rel=\"canonical\" href=\"https:\/\/bmtravelport.cl\/es\/producto\/lago-llanquihue-tour-chile\/\" \/>\n<meta property=\"og:locale\" content=\"es_ES\" \/>\n<meta property=\"og:type\" content=\"article\" \/>\n<meta property=\"og:title\" content=\"Lago Llanquihue Tour Chile - Scenic Lake Circuit.\" \/>\n<meta property=\"og:description\" content=\"Lago Llanquihue Tour Chile: Explore German heritage towns, stunning landscapes, and Osorno Volcano waterfalls. Guided day trip from Puerto Varas.\" \/>\n<meta property=\"og:url\" content=\"https:\/\/bmtravelport.cl\/es\/producto\/lago-llanquihue-tour-chile\/\" \/>\n<meta property=\"og:site_name\" content=\"BM Travelport\" \/>\n<meta property=\"article:publisher\" content=\"https:\/\/www.facebook.com\/bmtravelport\" \/>\n<meta property=\"article:modified_time\" content=\"2024-12-01T18:43:28+00:00\" \/>\n<meta property=\"og:image\" content=\"https:\/\/bmtravelport.cl\/wp-content\/uploads\/2024\/10\/Puerto_Funk-scaled.webp\" \/>\n\t<meta property=\"og:image:width\" content=\"2560\" \/>\n\t<meta property=\"og:image:height\" content=\"2560\" \/>\n\t<meta property=\"og:image:type\" content=\"image\/webp\" \/>\n<meta name=\"twitter:card\" content=\"summary_large_image\" \/>\n<meta name=\"twitter:site\" content=\"@BMTravelport\" \/>\n<meta name=\"twitter:label1\" content=\"Tiempo estimado de lectura\" \/>\n\t<meta name=\"twitter:data1\" content=\"3 minutos\" \/>\n<script type=\"application\/ld+json\" class=\"yoast-schema-graph\">{\"@context\":\"https:\\\/\\\/schema.org\",\"@graph\":[{\"@type\":\"WebPage\",\"@id\":\"https:\\\/\\\/bmtravelport.cl\\\/es\\\/producto\\\/lago-llanquihue-tour-chile\\\/\",\"url\":\"https:\\\/\\\/bmtravelport.cl\\\/es\\\/producto\\\/lago-llanquihue-tour-chile\\\/\",\"name\":\"Lago Llanquihue Tour Chile - Scenic Lake Circuit.\",\"isPartOf\":{\"@id\":\"https:\\\/\\\/bmtravelport.cl\\\/es\\\/#website\"},\"primaryImageOfPage\":{\"@id\":\"https:\\\/\\\/bmtravelport.cl\\\/es\\\/producto\\\/lago-llanquihue-tour-chile\\\/#primaryimage\"},\"image\":{\"@id\":\"https:\\\/\\\/bmtravelport.cl\\\/es\\\/producto\\\/lago-llanquihue-tour-chile\\\/#primaryimage\"},\"thumbnailUrl\":\"https:\\\/\\\/i0.wp.com\\\/bmtravelport.cl\\\/wp-content\\\/uploads\\\/2024\\\/10\\\/Puerto_Funk-scaled.webp?fit=2560%2C2560&ssl=1\",\"datePublished\":\"2024-10-29T19:49:31+00:00\",\"dateModified\":\"2024-12-01T18:43:28+00:00\",\"description\":\"Lago Llanquihue Tour Chile: Explore German heritage towns, stunning landscapes, and Osorno Volcano waterfalls. Guided day trip from Puerto Varas.\",\"breadcrumb\":{\"@id\":\"https:\\\/\\\/bmtravelport.cl\\\/es\\\/producto\\\/lago-llanquihue-tour-chile\\\/#breadcrumb\"},\"inLanguage\":\"es-CL\",\"potentialAction\":[{\"@type\":\"ReadAction\",\"target\":[\"https:\\\/\\\/bmtravelport.cl\\\/es\\\/producto\\\/lago-llanquihue-tour-chile\\\/\"]}]},{\"@type\":\"ImageObject\",\"inLanguage\":\"es-CL\",\"@id\":\"https:\\\/\\\/bmtravelport.cl\\\/es\\\/producto\\\/lago-llanquihue-tour-chile\\\/#primaryimage\",\"url\":\"https:\\\/\\\/i0.wp.com\\\/bmtravelport.cl\\\/wp-content\\\/uploads\\\/2024\\\/10\\\/Puerto_Funk-scaled.webp?fit=2560%2C2560&ssl=1\",\"contentUrl\":\"https:\\\/\\\/i0.wp.com\\\/bmtravelport.cl\\\/wp-content\\\/uploads\\\/2024\\\/10\\\/Puerto_Funk-scaled.webp?fit=2560%2C2560&ssl=1\",\"width\":2560,\"height\":2560,\"caption\":\"Lago Llanquihue Puerto Funck\"},{\"@type\":\"BreadcrumbList\",\"@id\":\"https:\\\/\\\/bmtravelport.cl\\\/es\\\/producto\\\/lago-llanquihue-tour-chile\\\/#breadcrumb\",\"itemListElement\":[{\"@type\":\"ListItem\",\"position\":1,\"name\":\"Home\",\"item\":\"https:\\\/\\\/bmtravelport.cl\\\/es\\\/\"},{\"@type\":\"ListItem\",\"position\":2,\"name\":\"Let&#8217;s Travel\",\"item\":\"https:\\\/\\\/bmtravelport.cl\\\/lets-travel\\\/\"},{\"@type\":\"ListItem\",\"position\":3,\"name\":\"Llanquihue Lake Full Circle\"}]},{\"@type\":\"WebSite\",\"@id\":\"https:\\\/\\\/bmtravelport.cl\\\/es\\\/#website\",\"url\":\"https:\\\/\\\/bmtravelport.cl\\\/es\\\/\",\"name\":\"BM Travelport\",\"description\":\"Let\u00b4s travel\",\"publisher\":{\"@id\":\"https:\\\/\\\/bmtravelport.cl\\\/es\\\/#organization\"},\"potentialAction\":[{\"@type\":\"SearchAction\",\"target\":{\"@type\":\"EntryPoint\",\"urlTemplate\":\"https:\\\/\\\/bmtravelport.cl\\\/es\\\/?s={search_term_string}\"},\"query-input\":{\"@type\":\"PropertyValueSpecification\",\"valueRequired\":true,\"valueName\":\"search_term_string\"}}],\"inLanguage\":\"es-CL\"},{\"@type\":\"Organization\",\"@id\":\"https:\\\/\\\/bmtravelport.cl\\\/es\\\/#organization\",\"name\":\"BM Travelport\",\"url\":\"https:\\\/\\\/bmtravelport.cl\\\/es\\\/\",\"logo\":{\"@type\":\"ImageObject\",\"inLanguage\":\"es-CL\",\"@id\":\"https:\\\/\\\/bmtravelport.cl\\\/es\\\/#\\\/schema\\\/logo\\\/image\\\/\",\"url\":\"https:\\\/\\\/i0.wp.com\\\/bmtravelport.cl\\\/wp-content\\\/uploads\\\/2024\\\/11\\\/BMTravelport-Logotipo.webp?fit=2364%2C2364&ssl=1\",\"contentUrl\":\"https:\\\/\\\/i0.wp.com\\\/bmtravelport.cl\\\/wp-content\\\/uploads\\\/2024\\\/11\\\/BMTravelport-Logotipo.webp?fit=2364%2C2364&ssl=1\",\"width\":2364,\"height\":2364,\"caption\":\"BM Travelport\"},\"image\":{\"@id\":\"https:\\\/\\\/bmtravelport.cl\\\/es\\\/#\\\/schema\\\/logo\\\/image\\\/\"},\"sameAs\":[\"https:\\\/\\\/www.facebook.com\\\/bmtravelport\",\"https:\\\/\\\/x.com\\\/BMTravelport\",\"https:\\\/\\\/www.instagram.com\\\/bmtravelport\\\/\"]}]}<\/script>\n<!-- \/ Yoast SEO plugin. -->","yoast_head_json":{"title":"Lago Llanquihue Tour Chile - Scenic Lake Circuit.","description":"Lago Llanquihue Tour Chile: Explore German heritage towns, stunning landscapes, and Osorno Volcano waterfalls. Guided day trip from Puerto Varas.","robots":{"index":"index","follow":"follow","max-snippet":"max-snippet:-1","max-image-preview":"max-image-preview:large","max-video-preview":"max-video-preview:-1"},"canonical":"https:\/\/bmtravelport.cl\/es\/producto\/lago-llanquihue-tour-chile\/","og_locale":"es_ES","og_type":"article","og_title":"Lago Llanquihue Tour Chile - Scenic Lake Circuit.","og_description":"Lago Llanquihue Tour Chile: Explore German heritage towns, stunning landscapes, and Osorno Volcano waterfalls. Guided day trip from Puerto Varas.","og_url":"https:\/\/bmtravelport.cl\/es\/producto\/lago-llanquihue-tour-chile\/","og_site_name":"BM Travelport","article_publisher":"https:\/\/www.facebook.com\/bmtravelport","article_modified_time":"2024-12-01T18:43:28+00:00","og_image":[{"width":2560,"height":2560,"url":"https:\/\/bmtravelport.cl\/wp-content\/uploads\/2024\/10\/Puerto_Funk-scaled.webp","type":"image\/webp"}],"twitter_card":"summary_large_image","twitter_site":"@BMTravelport","twitter_misc":{"Tiempo estimado de lectura":"3 minutos"},"schema":{"@context":"https:\/\/schema.org","@graph":[{"@type":"WebPage","@id":"https:\/\/bmtravelport.cl\/es\/producto\/lago-llanquihue-tour-chile\/","url":"https:\/\/bmtravelport.cl\/es\/producto\/lago-llanquihue-tour-chile\/","name":"Lago Llanquihue Tour Chile - Scenic Lake Circuit.","isPartOf":{"@id":"https:\/\/bmtravelport.cl\/es\/#website"},"primaryImageOfPage":{"@id":"https:\/\/bmtravelport.cl\/es\/producto\/lago-llanquihue-tour-chile\/#primaryimage"},"image":{"@id":"https:\/\/bmtravelport.cl\/es\/producto\/lago-llanquihue-tour-chile\/#primaryimage"},"thumbnailUrl":"https:\/\/i0.wp.com\/bmtravelport.cl\/wp-content\/uploads\/2024\/10\/Puerto_Funk-scaled.webp?fit=2560%2C2560&ssl=1","datePublished":"2024-10-29T19:49:31+00:00","dateModified":"2024-12-01T18:43:28+00:00","description":"Lago Llanquihue Tour Chile: Explore German heritage towns, stunning landscapes, and Osorno Volcano waterfalls. Guided day trip from Puerto Varas.","breadcrumb":{"@id":"https:\/\/bmtravelport.cl\/es\/producto\/lago-llanquihue-tour-chile\/#breadcrumb"},"inLanguage":"es-CL","potentialAction":[{"@type":"ReadAction","target":["https:\/\/bmtravelport.cl\/es\/producto\/lago-llanquihue-tour-chile\/"]}]},{"@type":"ImageObject","inLanguage":"es-CL","@id":"https:\/\/bmtravelport.cl\/es\/producto\/lago-llanquihue-tour-chile\/#primaryimage","url":"https:\/\/i0.wp.com\/bmtravelport.cl\/wp-content\/uploads\/2024\/10\/Puerto_Funk-scaled.webp?fit=2560%2C2560&ssl=1","contentUrl":"https:\/\/i0.wp.com\/bmtravelport.cl\/wp-content\/uploads\/2024\/10\/Puerto_Funk-scaled.webp?fit=2560%2C2560&ssl=1","width":2560,"height":2560,"caption":"Lago Llanquihue Puerto Funck"},{"@type":"BreadcrumbList","@id":"https:\/\/bmtravelport.cl\/es\/producto\/lago-llanquihue-tour-chile\/#breadcrumb","itemListElement":[{"@type":"ListItem","position":1,"name":"Home","item":"https:\/\/bmtravelport.cl\/es\/"},{"@type":"ListItem","position":2,"name":"Let&#8217;s Travel","item":"https:\/\/bmtravelport.cl\/lets-travel\/"},{"@type":"ListItem","position":3,"name":"Llanquihue Lake Full Circle"}]},{"@type":"WebSite","@id":"https:\/\/bmtravelport.cl\/es\/#website","url":"https:\/\/bmtravelport.cl\/es\/","name":"BM Travelport","description":"Vamos de viaje","publisher":{"@id":"https:\/\/bmtravelport.cl\/es\/#organization"},"potentialAction":[{"@type":"SearchAction","target":{"@type":"EntryPoint","urlTemplate":"https:\/\/bmtravelport.cl\/es\/?s={search_term_string}"},"query-input":{"@type":"PropertyValueSpecification","valueRequired":true,"valueName":"search_term_string"}}],"inLanguage":"es-CL"},{"@type":"Organization","@id":"https:\/\/bmtravelport.cl\/es\/#organization","name":"BM Travelport","url":"https:\/\/bmtravelport.cl\/es\/","logo":{"@type":"ImageObject","inLanguage":"es-CL","@id":"https:\/\/bmtravelport.cl\/es\/#\/schema\/logo\/image\/","url":"https:\/\/i0.wp.com\/bmtravelport.cl\/wp-content\/uploads\/2024\/11\/BMTravelport-Logotipo.webp?fit=2364%2C2364&ssl=1","contentUrl":"https:\/\/i0.wp.com\/bmtravelport.cl\/wp-content\/uploads\/2024\/11\/BMTravelport-Logotipo.webp?fit=2364%2C2364&ssl=1","width":2364,"height":2364,"caption":"BM Travelport"},"image":{"@id":"https:\/\/bmtravelport.cl\/es\/#\/schema\/logo\/image\/"},"sameAs":["https:\/\/www.facebook.com\/bmtravelport","https:\/\/x.com\/BMTravelport","https:\/\/www.instagram.com\/bmtravelport\/"]}]}},"jetpack_publicize_connections":[],"jetpack_likes_enabled":false,"jetpack_sharing_enabled":true,"_links":{"self":[{"href":"https:\/\/bmtravelport.cl\/es\/wp-json\/wp\/v2\/product\/1348","targetHints":{"allow":["GET"]}}],"collection":[{"href":"https:\/\/bmtravelport.cl\/es\/wp-json\/wp\/v2\/product"}],"about":[{"href":"https:\/\/bmtravelport.cl\/es\/wp-json\/wp\/v2\/types\/product"}],"replies":[{"embeddable":true,"href":"https:\/\/bmtravelport.cl\/es\/wp-json\/wp\/v2\/comments?post=1348"}],"wp:featuredmedia":[{"embeddable":true,"href":"https:\/\/bmtravelport.cl\/es\/wp-json\/wp\/v2\/media\/1349"}],"wp:attachment":[{"href":"https:\/\/bmtravelport.cl\/es\/wp-json\/wp\/v2\/media?parent=1348"}],"wp:term":[{"taxonomy":"product_brand","embeddable":true,"href":"https:\/\/bmtravelport.cl\/es\/wp-json\/wp\/v2\/product_brand?post=1348"},{"taxonomy":"product_cat","embeddable":true,"href":"https:\/\/bmtravelport.cl\/es\/wp-json\/wp\/v2\/product_cat?post=1348"},{"taxonomy":"product_tag","embeddable":true,"href":"https:\/\/bmtravelport.cl\/es\/wp-json\/wp\/v2\/product_tag?post=1348"}],"curies":[{"name":"wp","href":"https:\/\/api.w.org\/{rel}","templated":true}]}}