{"id":1337,"date":"2024-10-23T12:53:34","date_gmt":"2024-10-23T12:53:34","guid":{"rendered":"https:\/\/bmtravelport.cl\/?post_type=product&#038;p=1337"},"modified":"2024-12-01T18:43:31","modified_gmt":"2024-12-01T18:43:31","slug":"osorno-volcano-half-day-tour","status":"publish","type":"product","link":"https:\/\/bmtravelport.cl\/es\/producto\/osorno-volcano-half-day-tour\/","title":{"rendered":"Excursi\u00f3n de medio d\u00eda al Volc\u00e1n Osorno"},"content":{"rendered":"<p><!-- Surrounding Container with Two Divs for Images --><\/p>\n<div style=\"width: 100%; padding: 10px; border: 1px solid #ccc; box-sizing: border-box;\">\n<div style=\"display: flex; gap: 10px;\">\n<p><!-- Left Image --><\/p>\n<div style=\"width: 66%; display: flex; align-items: center; overflow: hidden;\"><img data-recalc-dims=\"1\" decoding=\"async\" style=\"width: 100%; height: 300px; object-fit: cover;\" src=\"https:\/\/i0.wp.com\/bmtravelport.cl\/wp-content\/uploads\/2024\/10\/Volcan-Osorno-Landscape-scaled.webp?ssl=1\" alt=\"Osorno Volcano Half-Day Tour\" \/><\/div>\n<p><!-- Right Image --><\/p>\n<div style=\"width: 33%; display: flex; align-items: center; overflow: hidden;\"><img data-recalc-dims=\"1\" decoding=\"async\" style=\"width: 100%; height: 300px; object-fit: cover;\" src=\"https:\/\/i0.wp.com\/bmtravelport.cl\/wp-content\/uploads\/2024\/10\/Volcan-Osorno-Square-scaled.webp?ssl=1\" alt=\"Osorno Volcano Half-Day Tour\" \/><\/div>\n<\/div>\n<\/div>\n<h3>Descripci\u00f3n general del tour de medio d\u00eda al Volc\u00e1n Osorno<\/h3>\n<p>El <strong>Excursi\u00f3n de medio d\u00eda al Volc\u00e1n Osorno<\/strong> Es una visita obligada al visitar la Regi\u00f3n de Los Lagos, en el sur de Chile. Adem\u00e1s, este tour le permite experimentar la belleza natural de uno de los volcanes m\u00e1s emblem\u00e1ticos de Chile. <strong>Volc\u00e1n Osorno<\/strong> Destaca por su cono perfecto y su cima nevada. Adem\u00e1s, desde la cima, disfrutar\u00e1 de impresionantes vistas del <strong>Valle del r\u00edo Petrohu\u00e9<\/strong> y el expansivo <strong>Lago Llanquihue<\/strong>.<\/p>\n<h3>Tour al Volc\u00e1n Osorno: Salida y Duraci\u00f3n<\/h3>\n<p>El recorrido parte desde <strong>Puerto Varas<\/strong> A las 13:30. Adem\u00e1s, la salida por la tarde le da la flexibilidad de explorar Puerto Varas por la ma\u00f1ana o visitar las atracciones cercanas. Este tour de 4 horas ofrece el equilibrio perfecto entre aventura y turismo. Por lo tanto, es perfecto para visitantes con poco tiempo.<\/p>\n<h3>Recorrido panor\u00e1mico a Ensenada para el tour al Volc\u00e1n Osorno<\/h3>\n<p>Partiendo de Puerto Varas, viajamos con el pintoresco <strong>Lago Llanquihue<\/strong> como tel\u00f3n de fondo. A medida que avanzamos, ver\u00e1s los impresionantes picos nevados del <strong>Volcanes Osorno y Calbuco<\/strong>Adem\u00e1s, despu\u00e9s de 45 minutos, llegamos a <strong>Ensenada<\/strong>, el punto de partida de nuestro ascenso a la <strong>Centro de Esqu\u00ed Volc\u00e1n Osorno<\/strong>.<\/p>\n<h3>Ascenso al Centro de Esqu\u00ed Volc\u00e1n Osorno<\/h3>\n<p>El centro de esqu\u00ed est\u00e1 situado a 1.200 metros. Adem\u00e1s, se ofrecen opciones <strong>Paseos en telesilla<\/strong> Te llevar\u00e1 hasta los 1.800 metros para disfrutar de vistas a\u00fan m\u00e1s impresionantes. Desde este mirador, puedes admirar la vasta <strong>Lago Llanquihue<\/strong> Abajo, los campos de hielo eternos y el paisaje volc\u00e1nico circundante.<\/p>\n<h3>Actividades opcionales y recomendaciones<\/h3>\n<p>Durante el recorrido, su gu\u00eda le brindar\u00e1 informaci\u00f3n fascinante sobre la actividad volc\u00e1nica, la fauna y la flora de la regi\u00f3n. Adem\u00e1s, <strong>Telesillas<\/strong> Ofrece una experiencia emocionante para quienes buscan disfrutar de una vista privilegiada. Tanto los amantes de la naturaleza como los aventureros encontrar\u00e1n este recorrido cautivador.<\/p>\n<h3>Qu\u00e9 llevar al tour al Volc\u00e1n Osorno<\/h3>\n<p>Las comidas no est\u00e1n incluidas en el tour, as\u00ed que puedes traer refrigerios o disfrutar de una comida antes del viaje. Por lo tanto, es importante planificar adecuadamente. Ya sea que busques una aventura llena de adrenalina o simplemente desees admirar la belleza natural de Chile, este tour promete una experiencia inolvidable. Finalmente, el tour concluye con recuerdos de los impresionantes paisajes del sur de Chile.<\/p>\n<h3>informaci\u00f3n adicional<\/h3>\n<p>No te pierdas esta oportunidad \u00fanica de visitar uno de los volcanes m\u00e1s famosos de Chile. Para m\u00e1s detalles visita la p\u00e1gina oficial del <a href=\"https:\/\/es.wikipedia.org\/wiki\/Volc%C3%A1n_Osorno\" target=\"_blank\" rel=\"noopener\">Volc\u00e1n Osorno<\/a>Adem\u00e1s, puedes aprender m\u00e1s sobre <a href=\"https:\/\/en.wikipedia.org\/wiki\/Lake_Llanquihue\" target=\"_blank\" rel=\"noopener\">Lago Llanquihue<\/a> en Wikipedia.<\/p>\n<p><!-- Button --><br \/>\n<a class=\"cta-button\" href=\"https:\/\/bmtravelport.cl\/lets-travel\/\"><br \/>\n<i class=\"fas fa-plus\"><\/i> Explorar m\u00e1s<br \/>\n<\/a><\/p>","protected":false},"excerpt":{"rendered":"<h3>Excursi\u00f3n de medio d\u00eda al Volc\u00e1n Osorno<\/h3>\n<p>Experimente una excursi\u00f3n de medio d\u00eda al Volc\u00e1n Osorno, con vistas panor\u00e1micas del R\u00edo Petrohu\u00e9 y el Lago Llanquihue, con paseos en telesilla opcionales. Salida desde Puerto Varas.<\/p>\n<div style=\"width: 100%; padding: 20px; border: 1px solid #ccc; box-shadow: 0 4px 10px rgba(0, 0, 0, 0.1); border-radius: 10px; background-color: #f9f9f9; margin: 20px 0; box-sizing: border-box;\">\n<h2 style=\"font-family: Arial, sans-serif; font-size: 18px; color: #333; text-align: center; margin: 0 0 10px;\">La siguiente tarifa:<\/h2>\n<p style=\"font-family: Arial, sans-serif; font-size: 16px; color: #333; text-align: center; margin: 0;\"><strong>Incluye: <span style=\"color: #339966;\">\u2713<\/span> Gu\u00eda y transporte.<\/strong><\/p>\n<p style=\"font-family: Arial, sans-serif; font-size: 16px; color: #333; text-align: center; margin: 0;\"><strong>No incluido: <span style=\"color: #ff0000;\">\u2718<\/span> Comidas, telesillas.<\/strong><\/p>\n<\/div>","protected":false},"featured_media":1344,"comment_status":"open","ping_status":"closed","template":"","meta":{"site-sidebar-layout":"default","site-content-layout":"","ast-site-content-layout":"default","site-content-style":"default","site-sidebar-style":"default","ast-global-header-display":"","ast-banner-title-visibility":"","ast-main-header-display":"","ast-hfb-above-header-display":"","ast-hfb-below-header-display":"","ast-hfb-mobile-header-display":"","site-post-title":"","ast-breadcrumbs-content":"","ast-featured-img":"","footer-sml-layout":"","ast-disable-related-posts":"","theme-transparent-header-meta":"default","adv-header-id-meta":"","stick-header-meta":"","header-above-stick-meta":"","header-main-stick-meta":"","header-below-stick-meta":"","astra-migrate-meta-layouts":"set","ast-page-background-enabled":"default","ast-page-background-meta":{"desktop":{"background-color":"var(--ast-global-color-4)","background-image":"","background-repeat":"repeat","background-position":"center center","background-size":"auto","background-attachment":"scroll","background-type":"","background-media":"","overlay-type":"","overlay-color":"","overlay-opacity":"","overlay-gradient":""},"tablet":{"background-color":"","background-image":"","background-repeat":"repeat","background-position":"center center","background-size":"auto","background-attachment":"scroll","background-type":"","background-media":"","overlay-type":"","overlay-color":"","overlay-opacity":"","overlay-gradient":""},"mobile":{"background-color":"","background-image":"","background-repeat":"repeat","background-position":"center center","background-size":"auto","background-attachment":"scroll","background-type":"","background-media":"","overlay-type":"","overlay-color":"","overlay-opacity":"","overlay-gradient":""}},"ast-content-background-meta":{"desktop":{"background-color":"var(--ast-global-color-5)","background-image":"","background-repeat":"repeat","background-position":"center center","background-size":"auto","background-attachment":"scroll","background-type":"","background-media":"","overlay-type":"","overlay-color":"","overlay-opacity":"","overlay-gradient":""},"tablet":{"background-color":"var(--ast-global-color-5)","background-image":"","background-repeat":"repeat","background-position":"center center","background-size":"auto","background-attachment":"scroll","background-type":"","background-media":"","overlay-type":"","overlay-color":"","overlay-opacity":"","overlay-gradient":""},"mobile":{"background-color":"var(--ast-global-color-5)","background-image":"","background-repeat":"repeat","background-position":"center center","background-size":"auto","background-attachment":"scroll","background-type":"","background-media":"","overlay-type":"","overlay-color":"","overlay-opacity":"","overlay-gradient":""}},"_joinchat":[],"jetpack_publicize_message":"","jetpack_publicize_feature_enabled":true,"jetpack_social_post_already_shared":false,"jetpack_social_options":{"image_generator_settings":{"template":"highway","default_image_id":0,"font":"","enabled":false},"version":2}},"product_brand":[],"product_cat":[111,150,100],"product_tag":[112,87],"class_list":{"0":"post-1337","1":"product","2":"type-product","3":"status-publish","4":"has-post-thumbnail","6":"product_cat-base-puerto-varas","7":"product_cat-half-day","8":"product_cat-shared","9":"product_tag-half-day","10":"product_tag-osorno-volcano","11":"pa_age-adult","12":"pa_age-child","13":"pa_age-senior","14":"desktop-align-center","15":"tablet-align-left","16":"mobile-align-left","18":"first","19":"instock","20":"shipping-taxable","21":"purchasable","22":"product-type-variable"},"yoast_head":"<!-- This site is optimized with the Yoast SEO plugin v27.4 - https:\/\/yoast.com\/product\/yoast-seo-wordpress\/ -->\n<title>Osorno Volcano Half-Day Tour - BM Travelport - Book Now!<\/title>\n<meta name=\"description\" content=\"Osorno Volcano Half-Day Tour offers breathtaking views of the Petrohu\u00e9 River and Llanquihue Lake. From Puerto Varas, experience this incredible journey.\" \/>\n<meta name=\"robots\" content=\"index, follow, max-snippet:-1, max-image-preview:large, max-video-preview:-1\" \/>\n<link rel=\"canonical\" href=\"https:\/\/bmtravelport.cl\/es\/producto\/osorno-volcano-half-day-tour\/\" \/>\n<meta property=\"og:locale\" content=\"es_ES\" \/>\n<meta property=\"og:type\" content=\"article\" \/>\n<meta property=\"og:title\" content=\"Osorno Volcano Half-Day Tour - BM Travelport - Book Now!\" \/>\n<meta property=\"og:description\" content=\"Osorno Volcano Half-Day Tour offers breathtaking views of the Petrohu\u00e9 River and Llanquihue Lake. From Puerto Varas, experience this incredible journey.\" \/>\n<meta property=\"og:url\" content=\"https:\/\/bmtravelport.cl\/es\/producto\/osorno-volcano-half-day-tour\/\" \/>\n<meta property=\"og:site_name\" content=\"BM Travelport\" \/>\n<meta property=\"article:publisher\" content=\"https:\/\/www.facebook.com\/bmtravelport\" \/>\n<meta property=\"article:modified_time\" content=\"2024-12-01T18:43:31+00:00\" \/>\n<meta property=\"og:image\" content=\"https:\/\/bmtravelport.cl\/wp-content\/uploads\/2024\/10\/VolcanOSorno-Telesillas-scaled.webp\" \/>\n\t<meta property=\"og:image:width\" content=\"2560\" \/>\n\t<meta property=\"og:image:height\" content=\"2560\" \/>\n\t<meta property=\"og:image:type\" content=\"image\/webp\" \/>\n<meta name=\"twitter:card\" content=\"summary_large_image\" \/>\n<meta name=\"twitter:site\" content=\"@BMTravelport\" \/>\n<meta name=\"twitter:label1\" content=\"Tiempo estimado de lectura\" \/>\n\t<meta name=\"twitter:data1\" content=\"3 minutos\" \/>\n<script type=\"application\/ld+json\" class=\"yoast-schema-graph\">{\"@context\":\"https:\\\/\\\/schema.org\",\"@graph\":[{\"@type\":\"WebPage\",\"@id\":\"https:\\\/\\\/bmtravelport.cl\\\/es\\\/producto\\\/osorno-volcano-half-day-tour\\\/\",\"url\":\"https:\\\/\\\/bmtravelport.cl\\\/es\\\/producto\\\/osorno-volcano-half-day-tour\\\/\",\"name\":\"Osorno Volcano Half-Day Tour - BM Travelport - Book Now!\",\"isPartOf\":{\"@id\":\"https:\\\/\\\/bmtravelport.cl\\\/es\\\/#website\"},\"primaryImageOfPage\":{\"@id\":\"https:\\\/\\\/bmtravelport.cl\\\/es\\\/producto\\\/osorno-volcano-half-day-tour\\\/#primaryimage\"},\"image\":{\"@id\":\"https:\\\/\\\/bmtravelport.cl\\\/es\\\/producto\\\/osorno-volcano-half-day-tour\\\/#primaryimage\"},\"thumbnailUrl\":\"https:\\\/\\\/i0.wp.com\\\/bmtravelport.cl\\\/wp-content\\\/uploads\\\/2024\\\/10\\\/VolcanOSorno-Telesillas-scaled.webp?fit=2560%2C2560&ssl=1\",\"datePublished\":\"2024-10-23T12:53:34+00:00\",\"dateModified\":\"2024-12-01T18:43:31+00:00\",\"description\":\"Osorno Volcano Half-Day Tour offers breathtaking views of the Petrohu\u00e9 River and Llanquihue Lake. From Puerto Varas, experience this incredible journey.\",\"breadcrumb\":{\"@id\":\"https:\\\/\\\/bmtravelport.cl\\\/es\\\/producto\\\/osorno-volcano-half-day-tour\\\/#breadcrumb\"},\"inLanguage\":\"es-CL\",\"potentialAction\":[{\"@type\":\"ReadAction\",\"target\":[\"https:\\\/\\\/bmtravelport.cl\\\/es\\\/producto\\\/osorno-volcano-half-day-tour\\\/\"]}]},{\"@type\":\"ImageObject\",\"inLanguage\":\"es-CL\",\"@id\":\"https:\\\/\\\/bmtravelport.cl\\\/es\\\/producto\\\/osorno-volcano-half-day-tour\\\/#primaryimage\",\"url\":\"https:\\\/\\\/i0.wp.com\\\/bmtravelport.cl\\\/wp-content\\\/uploads\\\/2024\\\/10\\\/VolcanOSorno-Telesillas-scaled.webp?fit=2560%2C2560&ssl=1\",\"contentUrl\":\"https:\\\/\\\/i0.wp.com\\\/bmtravelport.cl\\\/wp-content\\\/uploads\\\/2024\\\/10\\\/VolcanOSorno-Telesillas-scaled.webp?fit=2560%2C2560&ssl=1\",\"width\":2560,\"height\":2560,\"caption\":\"Volcan Osorno Volcano\"},{\"@type\":\"BreadcrumbList\",\"@id\":\"https:\\\/\\\/bmtravelport.cl\\\/es\\\/producto\\\/osorno-volcano-half-day-tour\\\/#breadcrumb\",\"itemListElement\":[{\"@type\":\"ListItem\",\"position\":1,\"name\":\"Home\",\"item\":\"https:\\\/\\\/bmtravelport.cl\\\/es\\\/\"},{\"@type\":\"ListItem\",\"position\":2,\"name\":\"Let&#8217;s Travel\",\"item\":\"https:\\\/\\\/bmtravelport.cl\\\/lets-travel\\\/\"},{\"@type\":\"ListItem\",\"position\":3,\"name\":\"Osorno Volcano Half-Day Tour\"}]},{\"@type\":\"WebSite\",\"@id\":\"https:\\\/\\\/bmtravelport.cl\\\/es\\\/#website\",\"url\":\"https:\\\/\\\/bmtravelport.cl\\\/es\\\/\",\"name\":\"BM Travelport\",\"description\":\"Let\u00b4s travel\",\"publisher\":{\"@id\":\"https:\\\/\\\/bmtravelport.cl\\\/es\\\/#organization\"},\"potentialAction\":[{\"@type\":\"SearchAction\",\"target\":{\"@type\":\"EntryPoint\",\"urlTemplate\":\"https:\\\/\\\/bmtravelport.cl\\\/es\\\/?s={search_term_string}\"},\"query-input\":{\"@type\":\"PropertyValueSpecification\",\"valueRequired\":true,\"valueName\":\"search_term_string\"}}],\"inLanguage\":\"es-CL\"},{\"@type\":\"Organization\",\"@id\":\"https:\\\/\\\/bmtravelport.cl\\\/es\\\/#organization\",\"name\":\"BM Travelport\",\"url\":\"https:\\\/\\\/bmtravelport.cl\\\/es\\\/\",\"logo\":{\"@type\":\"ImageObject\",\"inLanguage\":\"es-CL\",\"@id\":\"https:\\\/\\\/bmtravelport.cl\\\/es\\\/#\\\/schema\\\/logo\\\/image\\\/\",\"url\":\"https:\\\/\\\/i0.wp.com\\\/bmtravelport.cl\\\/wp-content\\\/uploads\\\/2024\\\/11\\\/BMTravelport-Logotipo.webp?fit=2364%2C2364&ssl=1\",\"contentUrl\":\"https:\\\/\\\/i0.wp.com\\\/bmtravelport.cl\\\/wp-content\\\/uploads\\\/2024\\\/11\\\/BMTravelport-Logotipo.webp?fit=2364%2C2364&ssl=1\",\"width\":2364,\"height\":2364,\"caption\":\"BM Travelport\"},\"image\":{\"@id\":\"https:\\\/\\\/bmtravelport.cl\\\/es\\\/#\\\/schema\\\/logo\\\/image\\\/\"},\"sameAs\":[\"https:\\\/\\\/www.facebook.com\\\/bmtravelport\",\"https:\\\/\\\/x.com\\\/BMTravelport\",\"https:\\\/\\\/www.instagram.com\\\/bmtravelport\\\/\"]}]}<\/script>\n<!-- \/ Yoast SEO plugin. -->","yoast_head_json":{"title":"Osorno Volcano Half-Day Tour - BM Travelport - Book Now!","description":"Osorno Volcano Half-Day Tour offers breathtaking views of the Petrohu\u00e9 River and Llanquihue Lake. From Puerto Varas, experience this incredible journey.","robots":{"index":"index","follow":"follow","max-snippet":"max-snippet:-1","max-image-preview":"max-image-preview:large","max-video-preview":"max-video-preview:-1"},"canonical":"https:\/\/bmtravelport.cl\/es\/producto\/osorno-volcano-half-day-tour\/","og_locale":"es_ES","og_type":"article","og_title":"Osorno Volcano Half-Day Tour - BM Travelport - Book Now!","og_description":"Osorno Volcano Half-Day Tour offers breathtaking views of the Petrohu\u00e9 River and Llanquihue Lake. From Puerto Varas, experience this incredible journey.","og_url":"https:\/\/bmtravelport.cl\/es\/producto\/osorno-volcano-half-day-tour\/","og_site_name":"BM Travelport","article_publisher":"https:\/\/www.facebook.com\/bmtravelport","article_modified_time":"2024-12-01T18:43:31+00:00","og_image":[{"width":2560,"height":2560,"url":"https:\/\/bmtravelport.cl\/wp-content\/uploads\/2024\/10\/VolcanOSorno-Telesillas-scaled.webp","type":"image\/webp"}],"twitter_card":"summary_large_image","twitter_site":"@BMTravelport","twitter_misc":{"Tiempo estimado de lectura":"3 minutos"},"schema":{"@context":"https:\/\/schema.org","@graph":[{"@type":"WebPage","@id":"https:\/\/bmtravelport.cl\/es\/producto\/osorno-volcano-half-day-tour\/","url":"https:\/\/bmtravelport.cl\/es\/producto\/osorno-volcano-half-day-tour\/","name":"Osorno Volcano Half-Day Tour - BM Travelport - Book Now!","isPartOf":{"@id":"https:\/\/bmtravelport.cl\/es\/#website"},"primaryImageOfPage":{"@id":"https:\/\/bmtravelport.cl\/es\/producto\/osorno-volcano-half-day-tour\/#primaryimage"},"image":{"@id":"https:\/\/bmtravelport.cl\/es\/producto\/osorno-volcano-half-day-tour\/#primaryimage"},"thumbnailUrl":"https:\/\/i0.wp.com\/bmtravelport.cl\/wp-content\/uploads\/2024\/10\/VolcanOSorno-Telesillas-scaled.webp?fit=2560%2C2560&ssl=1","datePublished":"2024-10-23T12:53:34+00:00","dateModified":"2024-12-01T18:43:31+00:00","description":"Osorno Volcano Half-Day Tour offers breathtaking views of the Petrohu\u00e9 River and Llanquihue Lake. From Puerto Varas, experience this incredible journey.","breadcrumb":{"@id":"https:\/\/bmtravelport.cl\/es\/producto\/osorno-volcano-half-day-tour\/#breadcrumb"},"inLanguage":"es-CL","potentialAction":[{"@type":"ReadAction","target":["https:\/\/bmtravelport.cl\/es\/producto\/osorno-volcano-half-day-tour\/"]}]},{"@type":"ImageObject","inLanguage":"es-CL","@id":"https:\/\/bmtravelport.cl\/es\/producto\/osorno-volcano-half-day-tour\/#primaryimage","url":"https:\/\/i0.wp.com\/bmtravelport.cl\/wp-content\/uploads\/2024\/10\/VolcanOSorno-Telesillas-scaled.webp?fit=2560%2C2560&ssl=1","contentUrl":"https:\/\/i0.wp.com\/bmtravelport.cl\/wp-content\/uploads\/2024\/10\/VolcanOSorno-Telesillas-scaled.webp?fit=2560%2C2560&ssl=1","width":2560,"height":2560,"caption":"Volcan Osorno Volcano"},{"@type":"BreadcrumbList","@id":"https:\/\/bmtravelport.cl\/es\/producto\/osorno-volcano-half-day-tour\/#breadcrumb","itemListElement":[{"@type":"ListItem","position":1,"name":"Home","item":"https:\/\/bmtravelport.cl\/es\/"},{"@type":"ListItem","position":2,"name":"Let&#8217;s Travel","item":"https:\/\/bmtravelport.cl\/lets-travel\/"},{"@type":"ListItem","position":3,"name":"Osorno Volcano Half-Day Tour"}]},{"@type":"WebSite","@id":"https:\/\/bmtravelport.cl\/es\/#website","url":"https:\/\/bmtravelport.cl\/es\/","name":"BM Travelport","description":"Vamos de viaje","publisher":{"@id":"https:\/\/bmtravelport.cl\/es\/#organization"},"potentialAction":[{"@type":"SearchAction","target":{"@type":"EntryPoint","urlTemplate":"https:\/\/bmtravelport.cl\/es\/?s={search_term_string}"},"query-input":{"@type":"PropertyValueSpecification","valueRequired":true,"valueName":"search_term_string"}}],"inLanguage":"es-CL"},{"@type":"Organization","@id":"https:\/\/bmtravelport.cl\/es\/#organization","name":"BM Travelport","url":"https:\/\/bmtravelport.cl\/es\/","logo":{"@type":"ImageObject","inLanguage":"es-CL","@id":"https:\/\/bmtravelport.cl\/es\/#\/schema\/logo\/image\/","url":"https:\/\/i0.wp.com\/bmtravelport.cl\/wp-content\/uploads\/2024\/11\/BMTravelport-Logotipo.webp?fit=2364%2C2364&ssl=1","contentUrl":"https:\/\/i0.wp.com\/bmtravelport.cl\/wp-content\/uploads\/2024\/11\/BMTravelport-Logotipo.webp?fit=2364%2C2364&ssl=1","width":2364,"height":2364,"caption":"BM Travelport"},"image":{"@id":"https:\/\/bmtravelport.cl\/es\/#\/schema\/logo\/image\/"},"sameAs":["https:\/\/www.facebook.com\/bmtravelport","https:\/\/x.com\/BMTravelport","https:\/\/www.instagram.com\/bmtravelport\/"]}]}},"jetpack_publicize_connections":[],"jetpack_likes_enabled":true,"jetpack_sharing_enabled":true,"_links":{"self":[{"href":"https:\/\/bmtravelport.cl\/es\/wp-json\/wp\/v2\/product\/1337","targetHints":{"allow":["GET"]}}],"collection":[{"href":"https:\/\/bmtravelport.cl\/es\/wp-json\/wp\/v2\/product"}],"about":[{"href":"https:\/\/bmtravelport.cl\/es\/wp-json\/wp\/v2\/types\/product"}],"replies":[{"embeddable":true,"href":"https:\/\/bmtravelport.cl\/es\/wp-json\/wp\/v2\/comments?post=1337"}],"wp:featuredmedia":[{"embeddable":true,"href":"https:\/\/bmtravelport.cl\/es\/wp-json\/wp\/v2\/media\/1344"}],"wp:attachment":[{"href":"https:\/\/bmtravelport.cl\/es\/wp-json\/wp\/v2\/media?parent=1337"}],"wp:term":[{"taxonomy":"product_brand","embeddable":true,"href":"https:\/\/bmtravelport.cl\/es\/wp-json\/wp\/v2\/product_brand?post=1337"},{"taxonomy":"product_cat","embeddable":true,"href":"https:\/\/bmtravelport.cl\/es\/wp-json\/wp\/v2\/product_cat?post=1337"},{"taxonomy":"product_tag","embeddable":true,"href":"https:\/\/bmtravelport.cl\/es\/wp-json\/wp\/v2\/product_tag?post=1337"}],"curies":[{"name":"wp","href":"https:\/\/api.w.org\/{rel}","templated":true}]}}